{"id":3741,"date":"2025-03-06T23:36:40","date_gmt":"2025-03-06T23:36:40","guid":{"rendered":"https:\/\/trendsbystylia.com\/produit\/chaise-de-designer-decontractee-et-creative-chaise-de-salle-a-manger-a-usage-domestique-non-rotative-et-non-pliable\/"},"modified":"2025-03-23T20:27:58","modified_gmt":"2025-03-23T20:27:58","slug":"chaise-de-designer-decontractee-et-creative-chaise-de-salle-a-manger-a-usage-domestique-non-rotative-et-non-pliable","status":"publish","type":"product","link":"https:\/\/trendsbystylia.com\/es\/producto\/chaise-de-designer-decontractee-et-creative-chaise-de-salle-a-manger-a-usage-domestique-non-rotative-et-non-pliable\/","title":{"rendered":"<p>Silla de dise\u00f1o casual y creativa, no giratoria y no plegable<\/p>"},"content":{"rendered":"<div id=\"offer-template-0\"><div style=\"width: 790px;\"><img data-recalc-dims=\"1\" alt=\"\" decoding=\"async\" class=\"alignnone wp-image-5618 size-full\" src=\"https:\/\/i0.wp.com\/trendsbystylia.com\/wp-content\/uploads\/2025\/03\/image-2-10.webp?resize=790%2C1056&amp;ssl=1\" width=\"790\" height=\"1056\" srcset=\"https:\/\/i0.wp.com\/trendsbystylia.com\/wp-content\/uploads\/2025\/03\/image-2-10.webp?w=790&amp;ssl=1 790w, https:\/\/i0.wp.com\/trendsbystylia.com\/wp-content\/uploads\/2025\/03\/image-2-10.webp?resize=224%2C300&amp;ssl=1 224w, https:\/\/i0.wp.com\/trendsbystylia.com\/wp-content\/uploads\/2025\/03\/image-2-10.webp?resize=766%2C1024&amp;ssl=1 766w, https:\/\/i0.wp.com\/trendsbystylia.com\/wp-content\/uploads\/2025\/03\/image-2-10.webp?resize=768%2C1027&amp;ssl=1 768w, https:\/\/i0.wp.com\/trendsbystylia.com\/wp-content\/uploads\/2025\/03\/image-2-10.webp?resize=9%2C12&amp;ssl=1 9w, https:\/\/i0.wp.com\/trendsbystylia.com\/wp-content\/uploads\/2025\/03\/image-2-10.webp?resize=500%2C668&amp;ssl=1 500w, https:\/\/i0.wp.com\/trendsbystylia.com\/wp-content\/uploads\/2025\/03\/image-2-10.webp?resize=600%2C802&amp;ssl=1 600w\" sizes=\"(max-width: 790px) 100vw, 790px\"> <img data-recalc-dims=\"1\" alt=\"\" decoding=\"async\" class=\"alignnone wp-image-5619 size-full\" src=\"https:\/\/i0.wp.com\/trendsbystylia.com\/wp-content\/uploads\/2025\/03\/image-3-9.webp?resize=790%2C1338&amp;ssl=1\" width=\"790\" height=\"1338\" srcset=\"https:\/\/i0.wp.com\/trendsbystylia.com\/wp-content\/uploads\/2025\/03\/image-3-9.webp?w=790&amp;ssl=1 790w, https:\/\/i0.wp.com\/trendsbystylia.com\/wp-content\/uploads\/2025\/03\/image-3-9.webp?resize=177%2C300&amp;ssl=1 177w, https:\/\/i0.wp.com\/trendsbystylia.com\/wp-content\/uploads\/2025\/03\/image-3-9.webp?resize=605%2C1024&amp;ssl=1 605w, https:\/\/i0.wp.com\/trendsbystylia.com\/wp-content\/uploads\/2025\/03\/image-3-9.webp?resize=768%2C1301&amp;ssl=1 768w, https:\/\/i0.wp.com\/trendsbystylia.com\/wp-content\/uploads\/2025\/03\/image-3-9.webp?resize=7%2C12&amp;ssl=1 7w, https:\/\/i0.wp.com\/trendsbystylia.com\/wp-content\/uploads\/2025\/03\/image-3-9.webp?resize=500%2C847&amp;ssl=1 500w, https:\/\/i0.wp.com\/trendsbystylia.com\/wp-content\/uploads\/2025\/03\/image-3-9.webp?resize=600%2C1016&amp;ssl=1 600w\" sizes=\"(max-width: 790px) 100vw, 790px\"> <img data-recalc-dims=\"1\" alt=\"\" decoding=\"async\" class=\"alignnone wp-image-5620 size-full\" src=\"https:\/\/i0.wp.com\/trendsbystylia.com\/wp-content\/uploads\/2025\/03\/image-4-10.webp?resize=790%2C1204&amp;ssl=1\" width=\"790\" height=\"1204\" srcset=\"https:\/\/i0.wp.com\/trendsbystylia.com\/wp-content\/uploads\/2025\/03\/image-4-10.webp?w=790&amp;ssl=1 790w, https:\/\/i0.wp.com\/trendsbystylia.com\/wp-content\/uploads\/2025\/03\/image-4-10.webp?resize=197%2C300&amp;ssl=1 197w, https:\/\/i0.wp.com\/trendsbystylia.com\/wp-content\/uploads\/2025\/03\/image-4-10.webp?resize=672%2C1024&amp;ssl=1 672w, https:\/\/i0.wp.com\/trendsbystylia.com\/wp-content\/uploads\/2025\/03\/image-4-10.webp?resize=768%2C1170&amp;ssl=1 768w, https:\/\/i0.wp.com\/trendsbystylia.com\/wp-content\/uploads\/2025\/03\/image-4-10.webp?resize=8%2C12&amp;ssl=1 8w, https:\/\/i0.wp.com\/trendsbystylia.com\/wp-content\/uploads\/2025\/03\/image-4-10.webp?resize=500%2C762&amp;ssl=1 500w, https:\/\/i0.wp.com\/trendsbystylia.com\/wp-content\/uploads\/2025\/03\/image-4-10.webp?resize=600%2C914&amp;ssl=1 600w\" sizes=\"(max-width: 790px) 100vw, 790px\"> <img data-recalc-dims=\"1\" alt=\"\" decoding=\"async\" class=\"alignnone wp-image-5621 size-full\" src=\"https:\/\/i0.wp.com\/trendsbystylia.com\/wp-content\/uploads\/2025\/03\/image-5-10.webp?resize=790%2C2097&amp;ssl=1\" width=\"790\" height=\"2097\" srcset=\"https:\/\/i0.wp.com\/trendsbystylia.com\/wp-content\/uploads\/2025\/03\/image-5-10.webp?w=790&amp;ssl=1 790w, https:\/\/i0.wp.com\/trendsbystylia.com\/wp-content\/uploads\/2025\/03\/image-5-10.webp?resize=113%2C300&amp;ssl=1 113w, https:\/\/i0.wp.com\/trendsbystylia.com\/wp-content\/uploads\/2025\/03\/image-5-10.webp?resize=386%2C1024&amp;ssl=1 386w, https:\/\/i0.wp.com\/trendsbystylia.com\/wp-content\/uploads\/2025\/03\/image-5-10.webp?resize=768%2C2039&amp;ssl=1 768w, https:\/\/i0.wp.com\/trendsbystylia.com\/wp-content\/uploads\/2025\/03\/image-5-10.webp?resize=579%2C1536&amp;ssl=1 579w, https:\/\/i0.wp.com\/trendsbystylia.com\/wp-content\/uploads\/2025\/03\/image-5-10.webp?resize=772%2C2048&amp;ssl=1 772w, https:\/\/i0.wp.com\/trendsbystylia.com\/wp-content\/uploads\/2025\/03\/image-5-10.webp?resize=5%2C12&amp;ssl=1 5w, https:\/\/i0.wp.com\/trendsbystylia.com\/wp-content\/uploads\/2025\/03\/image-5-10.webp?resize=500%2C1327&amp;ssl=1 500w, https:\/\/i0.wp.com\/trendsbystylia.com\/wp-content\/uploads\/2025\/03\/image-5-10.webp?resize=600%2C1593&amp;ssl=1 600w\" sizes=\"(max-width: 790px) 100vw, 790px\"> <img data-recalc-dims=\"1\" alt=\"\" decoding=\"async\" class=\"alignnone wp-image-5622 size-full\" src=\"https:\/\/i0.wp.com\/trendsbystylia.com\/wp-content\/uploads\/2025\/03\/image-6-8.webp?resize=790%2C1844&amp;ssl=1\" width=\"790\" height=\"1844\" srcset=\"https:\/\/i0.wp.com\/trendsbystylia.com\/wp-content\/uploads\/2025\/03\/image-6-8.webp?w=790&amp;ssl=1 790w, https:\/\/i0.wp.com\/trendsbystylia.com\/wp-content\/uploads\/2025\/03\/image-6-8.webp?resize=129%2C300&amp;ssl=1 129w, https:\/\/i0.wp.com\/trendsbystylia.com\/wp-content\/uploads\/2025\/03\/image-6-8.webp?resize=439%2C1024&amp;ssl=1 439w, https:\/\/i0.wp.com\/trendsbystylia.com\/wp-content\/uploads\/2025\/03\/image-6-8.webp?resize=768%2C1793&amp;ssl=1 768w, https:\/\/i0.wp.com\/trendsbystylia.com\/wp-content\/uploads\/2025\/03\/image-6-8.webp?resize=658%2C1536&amp;ssl=1 658w, https:\/\/i0.wp.com\/trendsbystylia.com\/wp-content\/uploads\/2025\/03\/image-6-8.webp?resize=5%2C12&amp;ssl=1 5w, https:\/\/i0.wp.com\/trendsbystylia.com\/wp-content\/uploads\/2025\/03\/image-6-8.webp?resize=500%2C1167&amp;ssl=1 500w, https:\/\/i0.wp.com\/trendsbystylia.com\/wp-content\/uploads\/2025\/03\/image-6-8.webp?resize=600%2C1401&amp;ssl=1 600w\" sizes=\"(max-width: 790px) 100vw, 790px\">&nbsp;<img data-recalc-dims=\"1\" decoding=\"async\" src=\"https:\/\/i0.wp.com\/cbu01.alicdn.com\/img\/ibank\/O1CN01jCrRnw23NLbzzvZTH_%21%212217068297243-0-cib.jpg?w=1290&amp;ssl=1\" alt=\"sup\"> <img data-recalc-dims=\"1\" decoding=\"async\" src=\"https:\/\/i0.wp.com\/cbu01.alicdn.com\/img\/ibank\/O1CN01swlyYg23NLc0y24Nc_%21%212217068297243-0-cib.jpg?w=1290&amp;ssl=1\" alt=\"sup\"><\/div><\/div>","protected":false},"excerpt":{"rendered":"<p>Silla de dise\u00f1o casual y creativa, silla de comedor para uso dom\u00e9stico, no giratoria y no plegable<\/p>","protected":false},"featured_media":3771,"comment_status":"open","ping_status":"closed","template":"","meta":{"_seopress_robots_primary_cat":"none","_seopress_titles_title":"Chaise de designer d\u00e9contract\u00e9e et cr\u00e9ative, non rotative et non pliable","_seopress_titles_desc":"","_seopress_robots_index":"","_seopress_analysis_target_kw":"","_gspb_post_css":"","content-type":""},"product_brand":[],"product_cat":[46,103,40],"product_tag":[],"class_list":{"0":"post-3741","1":"product","2":"type-product","3":"status-publish","4":"has-post-thumbnail","6":"product_cat-maison-chaises","7":"product_cat-mobilier-meubles","8":"product_cat-mobilier-maison","9":"product_shipping_class-hors-ue-oversize-bulk","11":"first","12":"instock","13":"taxable","14":"shipping-taxable","15":"purchasable","16":"product-type-variable"},"jetpack_sharing_enabled":true,"_links":{"self":[{"href":"https:\/\/trendsbystylia.com\/es\/wp-json\/wp\/v2\/product\/3741","targetHints":{"allow":["GET"]}}],"collection":[{"href":"https:\/\/trendsbystylia.com\/es\/wp-json\/wp\/v2\/product"}],"about":[{"href":"https:\/\/trendsbystylia.com\/es\/wp-json\/wp\/v2\/types\/product"}],"replies":[{"embeddable":true,"href":"https:\/\/trendsbystylia.com\/es\/wp-json\/wp\/v2\/comments?post=3741"}],"wp:featuredmedia":[{"embeddable":true,"href":"https:\/\/trendsbystylia.com\/es\/wp-json\/wp\/v2\/media\/3771"}],"wp:attachment":[{"href":"https:\/\/trendsbystylia.com\/es\/wp-json\/wp\/v2\/media?parent=3741"}],"wp:term":[{"taxonomy":"product_brand","embeddable":true,"href":"https:\/\/trendsbystylia.com\/es\/wp-json\/wp\/v2\/product_brand?post=3741"},{"taxonomy":"product_cat","embeddable":true,"href":"https:\/\/trendsbystylia.com\/es\/wp-json\/wp\/v2\/product_cat?post=3741"},{"taxonomy":"product_tag","embeddable":true,"href":"https:\/\/trendsbystylia.com\/es\/wp-json\/wp\/v2\/product_tag?post=3741"}],"curies":[{"name":"wp","href":"https:\/\/api.w.org\/{rel}","templated":true}]}}