{"id":37229,"date":"2025-03-31T00:00:33","date_gmt":"2025-03-31T00:00:33","guid":{"rendered":"https:\/\/trendsbystylia.com\/?post_type=product&#038;p=37229"},"modified":"2025-04-02T18:31:21","modified_gmt":"2025-04-02T18:31:21","slug":"tefal-secure-5-neo-22-cm-60-l","status":"publish","type":"product","link":"https:\/\/trendsbystylia.com\/es\/producto\/tefal-secure-5-neo-22-cm-60-l\/","title":{"rendered":"<p>TEFAL Secure 5 Neo (22 cm, 6,0 l)<\/p>"},"content":{"rendered":"<p>? 2 Programas de cocina<br>? Sistema de bloqueo autom\u00e1tico que permite que la tapa se cierre de forma segura<br>? Acero inoxidable de primera calidad para una vida \u00fatil prolongada<br>? Manijas ergon\u00f3micas para mayor comodidad<br>? Baloncesto al vapor<br>? 5 Dispositivos de seguridad para su uso sin ning\u00fan riesgo<br>? Cuerpo seguro del lavavajillas<br>? Adecuado para todas las fuentes de calor, incluida la inducci\u00f3n<br>? 10 a\u00f1os de garant\u00eda<br>? Dimensiones 25cm x 29cm x 45cm<\/p>","protected":false},"excerpt":{"rendered":"<p>El nuevo seguro 5 Neo cuenta con todos los beneficios de una olla a presi\u00f3n no solo es eficiente en el tiempo y el ahorro de energ\u00eda, sino que tambi\u00e9n puede crear comidas maravillosas en minutos. Debido a que la tapa es herm\u00e9tica, los ingredientes dentro de la olla se cocinan m\u00e1s r\u00e1pido a medida que aumenta la presi\u00f3n. Combina facilidad de uso junto con altos niveles de seguridad, con 5 dispositivos de seguridad en total.<\/p>","protected":false},"featured_media":68014,"comment_status":"open","ping_status":"closed","template":"","meta":{"_seopress_robots_primary_cat":"","_seopress_titles_title":"","_seopress_titles_desc":"","_seopress_robots_index":"","_gspb_post_css":"","content-type":"","jetpack_post_was_ever_published":false,"jetpack_publicize_message":"","jetpack_publicize_feature_enabled":true,"jetpack_social_post_already_shared":true,"jetpack_social_options":{"image_generator_settings":{"template":"highway","default_image_id":0,"font":"","enabled":false},"version":2}},"product_brand":[926],"product_cat":[905,1138],"product_tag":[],"class_list":{"0":"post-37229","1":"product","2":"type-product","3":"status-publish","4":"has-post-thumbnail","6":"product_brand-tefal","7":"product_cat-poeles-et-casseroles","8":"product_cat-ustensiles","9":"product_shipping_class-makant-standard","10":"pa_origine-dexpedition-union-europeenne-allemagne-2","12":"first","13":"instock","14":"taxable","15":"shipping-taxable","16":"purchasable","17":"product-type-simple"},"jetpack_publicize_connections":[],"jetpack_sharing_enabled":true,"_links":{"self":[{"href":"https:\/\/trendsbystylia.com\/es\/wp-json\/wp\/v2\/product\/37229","targetHints":{"allow":["GET"]}}],"collection":[{"href":"https:\/\/trendsbystylia.com\/es\/wp-json\/wp\/v2\/product"}],"about":[{"href":"https:\/\/trendsbystylia.com\/es\/wp-json\/wp\/v2\/types\/product"}],"replies":[{"embeddable":true,"href":"https:\/\/trendsbystylia.com\/es\/wp-json\/wp\/v2\/comments?post=37229"}],"wp:featuredmedia":[{"embeddable":true,"href":"https:\/\/trendsbystylia.com\/es\/wp-json\/wp\/v2\/media\/68014"}],"wp:attachment":[{"href":"https:\/\/trendsbystylia.com\/es\/wp-json\/wp\/v2\/media?parent=37229"}],"wp:term":[{"taxonomy":"product_brand","embeddable":true,"href":"https:\/\/trendsbystylia.com\/es\/wp-json\/wp\/v2\/product_brand?post=37229"},{"taxonomy":"product_cat","embeddable":true,"href":"https:\/\/trendsbystylia.com\/es\/wp-json\/wp\/v2\/product_cat?post=37229"},{"taxonomy":"product_tag","embeddable":true,"href":"https:\/\/trendsbystylia.com\/es\/wp-json\/wp\/v2\/product_tag?post=37229"}],"curies":[{"name":"wp","href":"https:\/\/api.w.org\/{rel}","templated":true}]}}