{"id":3692,"date":"2025-03-06T21:58:29","date_gmt":"2025-03-06T21:58:29","guid":{"rendered":"https:\/\/trendsbystylia.com\/produit\/veilleuse-lampe-dambiance-creative-grande-lampe-de-table-decorative-multifonctionnelle-pour-salon-restaurant-chargement-portable\/"},"modified":"2025-04-06T17:03:41","modified_gmt":"2025-04-06T17:03:41","slug":"veilleuse-lampe-dambiance-creative-grande-lampe-de-table-decorative-multifonctionnelle-pour-salon-restaurant-chargement-portable","status":"publish","type":"product","link":"https:\/\/trendsbystylia.com\/es\/producto\/veilleuse-lampe-dambiance-creative-grande-lampe-de-table-decorative-multifonctionnelle-pour-salon-restaurant-chargement-portable\/","title":{"rendered":"<p>L\u00e1mpara de sala creativa L\u00e1mpara de mesa decorativa multifuncional grande de carga port\u00e1til<\/p>"},"content":{"rendered":"<p>Marca: otros<p>\u00bfEst\u00e1 controlado inteligentemente?:1<\/p><p>Fuente de alimentaci\u00f3n: otros<\/p><p>\u00bfHay una patente?:no<\/p><p>Certificaci\u00f3n: ninguno<\/p><p>Color de la luz: caf\u00e9<\/p><p>\u00bfEs un contribuyente general?:no<\/p><p>Tipo del interruptor: ninguno<\/p><p>Oportunidades de regalo:otro<\/p><p>Fuente de alimentaci\u00f3n: Carga t\u00e1ctil de tres colores + atenuaci\u00f3n continua<\/p><p>Caracter\u00edsticas adicionales: otros<\/p><p>Material de la pantalla: ninguno<\/p><p>Voltaje:?36 V<\/p><p>Dimensiones: bronce de plata de oro mmmm<\/p><p>Proporcionar suministro exclusivo para las exportaciones transfronterizas:no<\/p><p>modelado :abstract<\/p><p>estilo :moderno y simple<\/p><p>Tipo:Vigilante<\/p><\/p>","protected":false},"excerpt":{"rendered":"<p>Marque : autre Est-il contr&ocirc;l&eacute; intelligemment ?:1 Alimentation &eacute;lectrique :autre Y a-t-il un brevet ?:non Certification :aucun Couleur de la lumi&egrave;re :caf&eacute; Est-ce un contribuable g&eacute;n&eacute;ral ?:non Type de commutateur :aucun Occasions de cadeaux :autre Source d&rsquo;alimentation :Charge tactile trois couleurs + gradation continue Caract&eacute;ristiques suppl&eacute;mentaires :autre Mat&eacute;riau de l&rsquo;abat-jour :aucun Tension :?36 V Dimensions [&hellip;]<\/p>","protected":false},"featured_media":3682,"comment_status":"open","ping_status":"closed","template":"","meta":{"_seopress_robots_primary_cat":"","_seopress_titles_title":"","_seopress_titles_desc":"","_seopress_robots_index":"","_seopress_analysis_target_kw":"","_gspb_post_css":"","content-type":""},"product_brand":[],"product_cat":[41,1148,40],"product_tag":[],"class_list":{"0":"post-3692","1":"product","2":"type-product","3":"status-publish","4":"has-post-thumbnail","6":"product_cat-deco","7":"product_cat-lampes-a-poser","8":"product_cat-mobilier-maison","9":"product_shipping_class-hors-ue-standard","11":"first","12":"instock","13":"taxable","14":"shipping-taxable","15":"purchasable","16":"product-type-variable"},"jetpack_sharing_enabled":true,"_links":{"self":[{"href":"https:\/\/trendsbystylia.com\/es\/wp-json\/wp\/v2\/product\/3692","targetHints":{"allow":["GET"]}}],"collection":[{"href":"https:\/\/trendsbystylia.com\/es\/wp-json\/wp\/v2\/product"}],"about":[{"href":"https:\/\/trendsbystylia.com\/es\/wp-json\/wp\/v2\/types\/product"}],"replies":[{"embeddable":true,"href":"https:\/\/trendsbystylia.com\/es\/wp-json\/wp\/v2\/comments?post=3692"}],"wp:featuredmedia":[{"embeddable":true,"href":"https:\/\/trendsbystylia.com\/es\/wp-json\/wp\/v2\/media\/3682"}],"wp:attachment":[{"href":"https:\/\/trendsbystylia.com\/es\/wp-json\/wp\/v2\/media?parent=3692"}],"wp:term":[{"taxonomy":"product_brand","embeddable":true,"href":"https:\/\/trendsbystylia.com\/es\/wp-json\/wp\/v2\/product_brand?post=3692"},{"taxonomy":"product_cat","embeddable":true,"href":"https:\/\/trendsbystylia.com\/es\/wp-json\/wp\/v2\/product_cat?post=3692"},{"taxonomy":"product_tag","embeddable":true,"href":"https:\/\/trendsbystylia.com\/es\/wp-json\/wp\/v2\/product_tag?post=3692"}],"curies":[{"name":"wp","href":"https:\/\/api.w.org\/{rel}","templated":true}]}}