{"id":3567,"date":"2025-03-06T21:34:18","date_gmt":"2025-03-06T21:34:18","guid":{"rendered":"https:\/\/trendsbystylia.com\/produit\/etagere-de-rangement-retractable-pour-evier-de-cuisine\/"},"modified":"2025-03-23T22:24:11","modified_gmt":"2025-03-23T22:24:11","slug":"etagere-de-rangement-retractable-pour-evier-de-cuisine","status":"publish","type":"product","link":"https:\/\/trendsbystylia.com\/es\/producto\/etagere-de-rangement-retractable-pour-evier-de-cuisine\/","title":{"rendered":"<p>Estante de almacenamiento retr\u00e1ctil para fregadero de cocina<\/p>"},"content":{"rendered":"<p>Informaci\u00f3n del producto:<p>Funci\u00f3n:\u00a0plegable, vers\u00e1til, desmontable<\/p><p>Material:\u00a0pl\u00e1stico<\/p><p>Tama\u00f1o:\u00a0aprox. 45 cm despu\u00e9s del estiramiento\/ aprox. 32 cm antes del estiramiento<\/p><p>Estilo:\u00a0simplicidad moderna<\/p><p>Funciones principales:\u00a0Almacenamiento y organizaci\u00f3n de art\u00edculos peque\u00f1os en el fregadero de la cocina, los toalleros y la funci\u00f3n de drenaje<\/p><p>Caracter\u00edsticas:\u00a0Longitud escalable y ajustable<\/p><p>Lista de embalaje:<\/p><p>Estante de almacenamiento*1<\/p><p>Imagen del producto:<\/p><p><img data-recalc-dims=\"1\" decoding=\"async\" src=\"https:\/\/i0.wp.com\/cf.cjdropshipping.com\/eee87c8b-2122-492a-a265-ff10a85268ca.jpg?w=1290&amp;ssl=1\"><\/p><p><img data-recalc-dims=\"1\" decoding=\"async\" src=\"https:\/\/i0.wp.com\/cf.cjdropshipping.com\/5b64585b-4516-4dcc-8c3c-345a1b144079.jpg?w=1290&amp;ssl=1\"><\/p><p><img data-recalc-dims=\"1\" decoding=\"async\" src=\"https:\/\/i0.wp.com\/cf.cjdropshipping.com\/2023cf8e-011f-43d7-9946-56f3f2911d31.jpg?w=1290&amp;ssl=1\"><\/p><p><img data-recalc-dims=\"1\" decoding=\"async\" src=\"https:\/\/i0.wp.com\/cf.cjdropshipping.com\/333f7a7a-0dfa-46c4-a283-08b2714bbe50.jpg?w=1290&amp;ssl=1\"><\/p><p><img data-recalc-dims=\"1\" decoding=\"async\" src=\"https:\/\/i0.wp.com\/cf.cjdropshipping.com\/b248b3d8-c420-417d-ae71-f5f663042857.jpg?w=1290&amp;ssl=1\"><\/p><p><img data-recalc-dims=\"1\" decoding=\"async\" src=\"https:\/\/i0.wp.com\/cf.cjdropshipping.com\/f9e1ece6-947d-4155-a5c7-88dc6d801d06.jpg?w=1290&amp;ssl=1\"><\/p><p><img data-recalc-dims=\"1\" decoding=\"async\" src=\"https:\/\/i0.wp.com\/cf.cjdropshipping.com\/ada0b136-000d-42d2-b4ae-3d44e527b6f3_trans.jpeg?w=1290&amp;ssl=1\"><\/p><p><img data-recalc-dims=\"1\" decoding=\"async\" src=\"https:\/\/i0.wp.com\/cf.cjdropshipping.com\/49c51a6e-90a7-46eb-8603-9b30084b0f9c_trans.jpeg?w=1290&amp;ssl=1\"><\/p><p>&nbsp;<\/p><\/p>","protected":false},"excerpt":{"rendered":"<p>Informations&nbsp;sur&nbsp;le&nbsp;produit&nbsp;: Fonction&nbsp;:&nbsp;pliable,&nbsp;polyvalent,&nbsp;amovible Mat&eacute;riau&nbsp;:&nbsp;plastique Taille&nbsp;:&nbsp;environ&nbsp;45&nbsp;cm&nbsp;apr&egrave;s&nbsp;&eacute;tirement\/environ&nbsp;32&nbsp;cm&nbsp;avant&nbsp;&eacute;tirement Style&nbsp;:&nbsp;simplicit&eacute;&nbsp;moderne Fonctions&nbsp;principales&nbsp;:&nbsp;rangement&nbsp;et&nbsp;organisation&nbsp;de&nbsp;petits&nbsp;objets&nbsp;dans&nbsp;l&rsquo;&eacute;vier&nbsp;de&nbsp;cuisine,&nbsp;porte-serviettes&nbsp;et&nbsp;fonction&nbsp;de&nbsp;drainage Caract&eacute;ristiques&nbsp;:&nbsp;longueur&nbsp;&eacute;volutive&nbsp;et&nbsp;r&eacute;glable Liste&nbsp;de&nbsp;colisage&nbsp;: &Eacute;tag&egrave;re&nbsp;de&nbsp;rangement*1 Image&nbsp;du&nbsp;produit&nbsp;: &nbsp;<\/p>","protected":false},"featured_media":3557,"comment_status":"open","ping_status":"closed","template":"","meta":{"_seopress_robots_primary_cat":"none","_seopress_titles_title":"","_seopress_titles_desc":"","_seopress_robots_index":"","_seopress_analysis_target_kw":"","_gspb_post_css":"","content-type":""},"product_brand":[],"product_cat":[104],"product_tag":[],"class_list":{"0":"post-3567","1":"product","2":"type-product","3":"status-publish","4":"has-post-thumbnail","6":"product_cat-maison-cuisine","7":"product_shipping_class-hors-ue-standard","8":"pa_fournisseur-cjdropshipping","9":"pa_origine-dexpedition-chine","11":"first","12":"instock","13":"taxable","14":"shipping-taxable","15":"purchasable","16":"product-type-variable"},"jetpack_sharing_enabled":true,"_links":{"self":[{"href":"https:\/\/trendsbystylia.com\/es\/wp-json\/wp\/v2\/product\/3567","targetHints":{"allow":["GET"]}}],"collection":[{"href":"https:\/\/trendsbystylia.com\/es\/wp-json\/wp\/v2\/product"}],"about":[{"href":"https:\/\/trendsbystylia.com\/es\/wp-json\/wp\/v2\/types\/product"}],"replies":[{"embeddable":true,"href":"https:\/\/trendsbystylia.com\/es\/wp-json\/wp\/v2\/comments?post=3567"}],"wp:featuredmedia":[{"embeddable":true,"href":"https:\/\/trendsbystylia.com\/es\/wp-json\/wp\/v2\/media\/3557"}],"wp:attachment":[{"href":"https:\/\/trendsbystylia.com\/es\/wp-json\/wp\/v2\/media?parent=3567"}],"wp:term":[{"taxonomy":"product_brand","embeddable":true,"href":"https:\/\/trendsbystylia.com\/es\/wp-json\/wp\/v2\/product_brand?post=3567"},{"taxonomy":"product_cat","embeddable":true,"href":"https:\/\/trendsbystylia.com\/es\/wp-json\/wp\/v2\/product_cat?post=3567"},{"taxonomy":"product_tag","embeddable":true,"href":"https:\/\/trendsbystylia.com\/es\/wp-json\/wp\/v2\/product_tag?post=3567"}],"curies":[{"name":"wp","href":"https:\/\/api.w.org\/{rel}","templated":true}]}}