{"id":3361,"date":"2025-03-05T16:43:00","date_gmt":"2025-03-05T16:43:00","guid":{"rendered":"https:\/\/trendsbystylia.com\/produit\/tasse-en-ceramique-a-poignee-epaisse-tasse-de-grande-valeur-tasse-a-cafe-creative-ins-nordic-tasse-a-petit-dejeuner-tasse-a-eau-pour-couple\/"},"modified":"2025-04-06T17:08:59","modified_gmt":"2025-04-06T17:08:59","slug":"tasse-en-ceramique-a-poignee-epaisse-tasse-de-grande-valeur-tasse-a-cafe-creative-ins-nordic-tasse-a-petit-dejeuner-tasse-a-eau-pour-couple","status":"publish","type":"product","link":"https:\/\/trendsbystylia.com\/es\/producto\/tasse-en-ceramique-a-poignee-epaisse-tasse-de-grande-valeur-tasse-a-cafe-creative-ins-nordic-tasse-a-petit-dejeuner-tasse-a-eau-pour-couple\/","title":{"rendered":"<p>Taza de cer\u00e1mica con mango grueso<\/p>"},"content":{"rendered":"<p>Material: cer\u00e1mica<p>Categor\u00eda de producto: taza<\/p><p>Estilo: Minimalista moderno<\/p><p>Funci\u00f3n: protecci\u00f3n del medio ambiente<\/p><p>Estructura: monocapa<\/p><p>Motivo: uni<\/p><p>Cajas de embalaje<\/p><p>Tama\u00f1o (altura, di\u00e1metro): 8*9 cm<\/p><p>Color: mango amarillo beige, mango rosa oscuro, mango amarillo azul, mango azul oscuro, mango verde oscuro verde, mango gris negro<\/p><p>Capacidad: 301-400 ml<\/p><p>&nbsp;<\/p><p>&nbsp;<\/p><h3><span style=\"font-weight: bold;\">Taza de cer\u00e1mica<\/span><span style=\"font-weight: bold;\"><br>\n<\/span><span style=\"font-weight: bold;\">Un vaso lleno de dulces aromas en tu tiempo libre<\/span><span style=\"font-weight: bold;\"><br>\n<\/span><span style=\"font-weight: bold;\">\/Viajes pr\u00e1cticos, exclusividad privada\/<\/span><\/h3><p><img data-recalc-dims=\"1\" decoding=\"async\" title=\"C2369603F970D5F2B9D1A520D1B804A0.png\" src=\"https:\/\/i0.wp.com\/shopifyfile.oss-accelerate.aliyuncs.com\/attached\/image\/202205\/C2369603F970D5F2B9D1A520D1B804A0.png?w=1290&amp;ssl=1\" alt=\"image.png\"><\/p><p><img data-recalc-dims=\"1\" decoding=\"async\" title=\"312F21C45AAD80DFDDA849E26E1AFA46.png\" src=\"https:\/\/i0.wp.com\/shopifyfile.oss-accelerate.aliyuncs.com\/attached\/image\/202205\/312F21C45AAD80DFDDA849E26E1AFA46.png?w=1290&amp;ssl=1\" alt=\"image.png\"><\/p><h2><strong>Nota:<\/strong><\/h2><h2><strong>1. Los productos cer\u00e1micos tienen peque\u00f1os agujeros c\u00f3ncavos, burbujas o peque\u00f1os puntos negros en el \u00e1rea local, que es un fen\u00f3meno normal del proceso y no afecta el uso.<\/strong><\/h2><h2><strong>2. Dado que el tama\u00f1o se establece manualmente, hay un error de 1 a 2 cm, y el producto real prevalecer\u00e1.<\/strong><\/h2><p><img data-recalc-dims=\"1\" decoding=\"async\" src=\"https:\/\/i0.wp.com\/cbu01.alicdn.com\/img\/ibank\/O1CN018vIGJr27MCvoQZTIT_%21%212210475137782-0-cib.jpg?w=790&amp;ssl=1\" alt=\"indefinido\"><\/p><p><img data-recalc-dims=\"1\" decoding=\"async\" title=\"2DB89988B05AAD1D29EE93EA7D1BCB43.png\" src=\"https:\/\/i0.wp.com\/shopifyfile.oss-accelerate.aliyuncs.com\/attached\/image\/202205\/2DB89988B05AAD1D29EE93EA7D1BCB43.png?w=1290&amp;ssl=1\" alt=\"image.png\"><img data-recalc-dims=\"1\" decoding=\"async\" src=\"https:\/\/i0.wp.com\/cbu01.alicdn.com\/img\/ibank\/O1CN01v3XfTR27MCvvX935O_%21%212210475137782-0-cib.jpg?w=790&amp;ssl=1\" alt=\"indefinido\"><\/p><p><img data-recalc-dims=\"1\" decoding=\"async\" title=\"56BC486DE8308E0E20FFE6E8410504EF.png\" src=\"https:\/\/i0.wp.com\/shopifyfile.oss-accelerate.aliyuncs.com\/attached\/image\/202205\/56BC486DE8308E0E20FFE6E8410504EF.png?w=1290&amp;ssl=1\" alt=\"image.png\"><\/p><p>&nbsp;<\/p><h2><strong>Saludable y pr\u00e1ctico<\/strong><\/h2><h2><strong>La vida necesita un cierto sentido del ritual, y la salud necesita m\u00e1s<\/strong><\/h2><h2><strong>Cuida los detalles<\/strong><\/h2><p><span style=\"font-size: 36px;\"><img data-recalc-dims=\"1\" decoding=\"async\" title=\"12722E15323952B57ADEAE6EE504E1C2.png\" src=\"https:\/\/i0.wp.com\/shopifyfile.oss-accelerate.aliyuncs.com\/attached\/image\/202205\/12722E15323952B57ADEAE6EE504E1C2.png?w=1290&amp;ssl=1\" alt=\"image.png\"><\/span><\/p><p><span style=\"font-size: 36px;\"><img data-recalc-dims=\"1\" decoding=\"async\" title=\"FEBFAD2CE01DF6B4A5528B2C0FF4E9B6.png\" src=\"https:\/\/i0.wp.com\/shopifyfile.oss-accelerate.aliyuncs.com\/attached\/image\/202205\/FEBFAD2CE01DF6B4A5528B2C0FF4E9B6.png?w=1290&amp;ssl=1\" alt=\"image.png\"><img data-recalc-dims=\"1\" decoding=\"async\" title=\"D7AA738A2EABD3A725D5A945D0F5E3C5.png\" src=\"https:\/\/i0.wp.com\/shopifyfile.oss-accelerate.aliyuncs.com\/attached\/image\/202205\/D7AA738A2EABD3A725D5A945D0F5E3C5.png?w=1290&amp;ssl=1\" alt=\"image.png\"><img data-recalc-dims=\"1\" decoding=\"async\" title=\"E8E3391AB6A5C9D5E8B274C0705B93CC.png\" src=\"https:\/\/i0.wp.com\/shopifyfile.oss-accelerate.aliyuncs.com\/attached\/image\/202205\/E8E3391AB6A5C9D5E8B274C0705B93CC.png?w=1290&amp;ssl=1\" alt=\"image.png\"><\/span><\/p><p><span style=\"font-size: 36px;\">&nbsp;<\/span><\/p><p>&nbsp;<\/p><\/p>","protected":false},"excerpt":{"rendered":"<p>Mat&eacute;riau : c&eacute;ramique Cat&eacute;gorie de produit : tasse Style : minimaliste moderne Fonction : protection de l&rsquo;environnement Structure : monocouche Motif : uni Bo&icirc;tes d&rsquo;emballage Taille (hauteur, diam&egrave;tre) : 8*9 cm Couleur : poign&eacute;e beige jaune, poign&eacute;e rose fonc&eacute;, poign&eacute;e jaune bleu, poign&eacute;e bleue fonc&eacute;e, poign&eacute;e verte vert fonc&eacute;, poign&eacute;e grise noire Capacit&eacute; : 301-400 [&hellip;]<\/p>","protected":false},"featured_media":3351,"comment_status":"open","ping_status":"closed","template":"","meta":{"_seopress_robots_primary_cat":"none","_seopress_titles_title":"","_seopress_titles_desc":"","_seopress_robots_index":"","_gspb_post_css":"","content-type":"","jetpack_post_was_ever_published":false,"jetpack_publicize_message":"","jetpack_publicize_feature_enabled":true,"jetpack_social_post_already_shared":true,"jetpack_social_options":{"image_generator_settings":{"template":"highway","default_image_id":0,"font":"","enabled":false},"version":2}},"product_brand":[],"product_cat":[41,40,1147],"product_tag":[],"class_list":{"0":"post-3361","1":"product","2":"type-product","3":"status-publish","4":"has-post-thumbnail","6":"product_cat-deco","7":"product_cat-mobilier-maison","8":"product_cat-objets","9":"product_shipping_class-hors-ue-standard","11":"first","12":"instock","13":"taxable","14":"shipping-taxable","15":"purchasable","16":"product-type-variable"},"jetpack_publicize_connections":[],"jetpack_sharing_enabled":true,"_links":{"self":[{"href":"https:\/\/trendsbystylia.com\/es\/wp-json\/wp\/v2\/product\/3361","targetHints":{"allow":["GET"]}}],"collection":[{"href":"https:\/\/trendsbystylia.com\/es\/wp-json\/wp\/v2\/product"}],"about":[{"href":"https:\/\/trendsbystylia.com\/es\/wp-json\/wp\/v2\/types\/product"}],"replies":[{"embeddable":true,"href":"https:\/\/trendsbystylia.com\/es\/wp-json\/wp\/v2\/comments?post=3361"}],"wp:featuredmedia":[{"embeddable":true,"href":"https:\/\/trendsbystylia.com\/es\/wp-json\/wp\/v2\/media\/3351"}],"wp:attachment":[{"href":"https:\/\/trendsbystylia.com\/es\/wp-json\/wp\/v2\/media?parent=3361"}],"wp:term":[{"taxonomy":"product_brand","embeddable":true,"href":"https:\/\/trendsbystylia.com\/es\/wp-json\/wp\/v2\/product_brand?post=3361"},{"taxonomy":"product_cat","embeddable":true,"href":"https:\/\/trendsbystylia.com\/es\/wp-json\/wp\/v2\/product_cat?post=3361"},{"taxonomy":"product_tag","embeddable":true,"href":"https:\/\/trendsbystylia.com\/es\/wp-json\/wp\/v2\/product_tag?post=3361"}],"curies":[{"name":"wp","href":"https:\/\/api.w.org\/{rel}","templated":true}]}}