{"id":3276,"date":"2025-03-05T16:28:15","date_gmt":"2025-03-05T16:28:15","guid":{"rendered":"https:\/\/trendsbystylia.com\/produit\/support-de-tablette-pliable-portable-pour-ipad-xiaomi-samsung-pad-support-de-lecture-support-de-support-doreiller-souple-support-de-tablette\/"},"modified":"2025-04-06T18:51:45","modified_gmt":"2025-04-06T18:51:45","slug":"support-de-tablette-pliable-portable-pour-ipad-xiaomi-samsung-pad-support-de-lecture-support-de-support-doreiller-souple-support-de-tablette","status":"publish","type":"product","link":"https:\/\/trendsbystylia.com\/es\/producto\/support-de-tablette-pliable-portable-pour-ipad-xiaomi-samsung-pad-support-de-lecture-support-de-support-doreiller-souple-support-de-tablette\/","title":{"rendered":"<p>Soporte port\u00e1til plegable para tabletas \u2013 Soporte para lectura<\/p>"},"content":{"rendered":"<p>&nbsp;<h3>Caracter\u00edsticas:<br>\nPorta almohadas planas port\u00e1tiles y ligeras. Un soporte para cama, brazos, alfombra, rodilla.<br>\nVers\u00e1til: Disfrute de su lectura favorita, pel\u00edculas, medios de comunicaci\u00f3n o simplemente navegar por la web en una c\u00f3moda cama, sof\u00e1 o sill\u00f3n.<br>\nF\u00e1cil de usar: Simplemente coloque su dispositivo en el soporte, mu\u00e9vase de la mesa a su escritorio, tumbona, cama o incluso al autom\u00f3vil para un viaje c\u00f3modo.<br>\nMaterial de primera calidad: Hecho de lino y algod\u00f3n, el coj\u00edn suave del cuerpo extiende c\u00f3modamente el alcance de su iPad, lector de libros electr\u00f3nicos y tableta. Ligero pero lo suficientemente robusto como para sostener su dispositivo.<br>\nEspecificaciones:<br>\nNombre: Soporte de lectura triangular plegable para tableta<br>\nTama\u00f1o: aprox. 29 x 27 x 22 cm\/11,42 x 10,63 x 8,66 pulgadas<br>\nLista:<br>\nSostenedor de almohada * 1<\/h3><p style=\"margin-top: 0px; margin-bottom: 0px; font-size: 14px; line-height: inherit;\"><span style=\"max-width: 100%;\"><span style=\"max-width: 100%; font-size: 18px;\"><img decoding=\"async\" src=\"https:\/\/ae01.alicdn.com\/kf\/H370777b3a67442cb9fc6c4497e3ffb01n.jpg\" alt=\"HM1631-HM1635-C7\"><\/span><\/span><\/p><p><img decoding=\"async\" src=\"https:\/\/ae01.alicdn.com\/kf\/HTB1QK5UaND1gK0jSZFsq6zldVXai.jpg\"><img decoding=\"async\" src=\"https:\/\/ae01.alicdn.com\/kf\/HTB1vdeSaG67gK0jSZFHq6y9jVXaI.jpg\"><img decoding=\"async\" src=\"https:\/\/ae01.alicdn.com\/kf\/HTB1evCUaND1gK0jSZFsq6zldVXaw.jpg\"><img decoding=\"async\" src=\"https:\/\/ae01.alicdn.com\/kf\/HTB1BSmRaFT7gK0jSZFpq6yTkpXaH.jpg\"><img decoding=\"async\" src=\"https:\/\/ae01.alicdn.com\/kf\/HTB1BXOVaO_1gK0jSZFqq6ApaXXaf.jpg\"><img decoding=\"async\" src=\"https:\/\/ae01.alicdn.com\/kf\/HTB1tLOUaND1gK0jSZFsq6zldVXai.jpg\"><img decoding=\"async\" src=\"https:\/\/ae01.alicdn.com\/kf\/HTB1XrqVaKL2gK0jSZFmq6A7iXXaI.jpg\"><img decoding=\"async\" src=\"https:\/\/ae01.alicdn.com\/kf\/HTB1VOokX1bviK0jSZFNq6yApXXao.jpg\"><img decoding=\"async\" src=\"https:\/\/ae01.alicdn.com\/kf\/HTB1tCCRaFT7gK0jSZFpq6yTkpXaG.jpg\"><\/p><p>&nbsp;<\/p><p>&nbsp;<\/p><p>&nbsp;<\/p><p>&nbsp;<\/p><p>&nbsp;<\/p><\/p>","protected":false},"excerpt":{"rendered":"<p>&nbsp; Caract&eacute;ristiques : Support d&rsquo;oreiller plat portable et l&eacute;ger. Un support pour lit, bras, tapis, genou. Polyvalent : profitez de votre lecture pr&eacute;f&eacute;r&eacute;e, de vos films, de vos m&eacute;dias ou naviguez simplement sur le Web sur un lit, un canap&eacute; ou un fauteuil confortable. Facile &agrave; utiliser : placez simplement votre appareil sur le support, [&hellip;]<\/p>","protected":false},"featured_media":3264,"comment_status":"open","ping_status":"closed","template":"","meta":{"_seopress_robots_primary_cat":"none","_seopress_titles_title":"","_seopress_titles_desc":"","_seopress_robots_index":"","_gspb_post_css":"","content-type":""},"product_brand":[],"product_cat":[750,40],"product_tag":[],"class_list":{"0":"post-3276","1":"product","2":"type-product","3":"status-publish","4":"has-post-thumbnail","6":"product_cat-accessoires-tablettes","7":"product_cat-mobilier-maison","8":"product_shipping_class-hors-ue-standard","10":"first","11":"instock","12":"taxable","13":"shipping-taxable","14":"purchasable","15":"product-type-variable"},"jetpack_sharing_enabled":true,"_links":{"self":[{"href":"https:\/\/trendsbystylia.com\/es\/wp-json\/wp\/v2\/product\/3276","targetHints":{"allow":["GET"]}}],"collection":[{"href":"https:\/\/trendsbystylia.com\/es\/wp-json\/wp\/v2\/product"}],"about":[{"href":"https:\/\/trendsbystylia.com\/es\/wp-json\/wp\/v2\/types\/product"}],"replies":[{"embeddable":true,"href":"https:\/\/trendsbystylia.com\/es\/wp-json\/wp\/v2\/comments?post=3276"}],"wp:featuredmedia":[{"embeddable":true,"href":"https:\/\/trendsbystylia.com\/es\/wp-json\/wp\/v2\/media\/3264"}],"wp:attachment":[{"href":"https:\/\/trendsbystylia.com\/es\/wp-json\/wp\/v2\/media?parent=3276"}],"wp:term":[{"taxonomy":"product_brand","embeddable":true,"href":"https:\/\/trendsbystylia.com\/es\/wp-json\/wp\/v2\/product_brand?post=3276"},{"taxonomy":"product_cat","embeddable":true,"href":"https:\/\/trendsbystylia.com\/es\/wp-json\/wp\/v2\/product_cat?post=3276"},{"taxonomy":"product_tag","embeddable":true,"href":"https:\/\/trendsbystylia.com\/es\/wp-json\/wp\/v2\/product_tag?post=3276"}],"curies":[{"name":"wp","href":"https:\/\/api.w.org\/{rel}","templated":true}]}}