{"id":2443,"date":"2025-03-01T16:58:04","date_gmt":"2025-03-01T16:58:04","guid":{"rendered":"https:\/\/trendsbystylia.com\/produit\/coque-de-telephone-mobile-iphone14-coque-de-telephone-mobile-plaque-arriere-givree-cadre-metallique\/"},"modified":"2025-04-06T18:01:17","modified_gmt":"2025-04-06T18:01:17","slug":"coque-de-telephone-mobile-iphone14-coque-de-telephone-mobile-plaque-arriere-givree-cadre-metallique","status":"publish","type":"product","link":"https:\/\/trendsbystylia.com\/es\/producto\/coque-de-telephone-mobile-iphone14-coque-de-telephone-mobile-plaque-arriere-givree-cadre-metallique\/","title":{"rendered":"<p>Caja del tel\u00e9fono m\u00f3vil del iPhone: marco met\u00e1lico esmerilado de la placa posterior<\/p>"},"content":{"rendered":"<p>Marca:Shell Xinfa<br>\nFuente de la patente: no<br>\nColor: polvo de la muchacha<br>\nSoporte de personalizaci\u00f3n: no soportado<br>\nModelo aplicable: iPhone12mini<br>\nMaterial: metal<br>\nProductos relacionados:iPhone 14 Max<br>\nSi la fuente especial de exportaci\u00f3n transfronteriza:S\u00ed<br>\nElementos populares: color unido<br>\nforma: cubierta trasera<br>\nstyle:simple<\/p>","protected":false},"excerpt":{"rendered":"<p>marque:Shell Xinfa Source du brevet:non Couleur:poudre de fille Support de personnalisation:non support&eacute; Mod&egrave;le applicable:iPhone12mini Mat&eacute;riau:M&eacute;tal Produits concern&eacute;s:iPhone 14 Max Si l&rsquo;exportation transfrontali&egrave;re source sp&eacute;ciale:Oui &eacute;l&eacute;ments populaires:couleur unie forme:couverture arri&egrave;re style:simple<\/p>","protected":false},"featured_media":3071,"comment_status":"open","ping_status":"closed","template":"","meta":{"_seopress_robots_primary_cat":"none","_seopress_titles_title":"","_seopress_titles_desc":"","_seopress_robots_index":"","_seopress_analysis_target_kw":"","_gspb_post_css":"","content-type":""},"product_brand":[],"product_cat":[838,97],"product_tag":[],"class_list":{"0":"post-2443","1":"product","2":"type-product","3":"status-publish","4":"has-post-thumbnail","6":"product_cat-accessoires-smartphones","7":"product_cat-high-tech-high-tech","8":"product_shipping_class-hors-ue-standard","10":"first","11":"instock","12":"taxable","13":"shipping-taxable","14":"purchasable","15":"product-type-variable"},"jetpack_sharing_enabled":true,"_links":{"self":[{"href":"https:\/\/trendsbystylia.com\/es\/wp-json\/wp\/v2\/product\/2443","targetHints":{"allow":["GET"]}}],"collection":[{"href":"https:\/\/trendsbystylia.com\/es\/wp-json\/wp\/v2\/product"}],"about":[{"href":"https:\/\/trendsbystylia.com\/es\/wp-json\/wp\/v2\/types\/product"}],"replies":[{"embeddable":true,"href":"https:\/\/trendsbystylia.com\/es\/wp-json\/wp\/v2\/comments?post=2443"}],"wp:featuredmedia":[{"embeddable":true,"href":"https:\/\/trendsbystylia.com\/es\/wp-json\/wp\/v2\/media\/3071"}],"wp:attachment":[{"href":"https:\/\/trendsbystylia.com\/es\/wp-json\/wp\/v2\/media?parent=2443"}],"wp:term":[{"taxonomy":"product_brand","embeddable":true,"href":"https:\/\/trendsbystylia.com\/es\/wp-json\/wp\/v2\/product_brand?post=2443"},{"taxonomy":"product_cat","embeddable":true,"href":"https:\/\/trendsbystylia.com\/es\/wp-json\/wp\/v2\/product_cat?post=2443"},{"taxonomy":"product_tag","embeddable":true,"href":"https:\/\/trendsbystylia.com\/es\/wp-json\/wp\/v2\/product_tag?post=2443"}],"curies":[{"name":"wp","href":"https:\/\/api.w.org\/{rel}","templated":true}]}}