{"id":1130,"date":"2025-02-20T10:50:10","date_gmt":"2025-02-20T10:50:10","guid":{"rendered":"https:\/\/trendsbystylia.com\/produit\/souris-sans-fil-pour-telephone-portable-souris-portable-ultra-mince\/"},"modified":"2025-04-06T18:08:41","modified_gmt":"2025-04-06T18:08:41","slug":"souris-sans-fil-pour-telephone-portable-souris-portable-ultra-mince","status":"publish","type":"product","link":"https:\/\/trendsbystylia.com\/es\/producto\/souris-sans-fil-pour-telephone-portable-souris-portable-ultra-mince\/","title":{"rendered":"<p>Rat\u00f3n inal\u00e1mbrico para el tel\u00e9fono m\u00f3vil Rat\u00f3n port\u00e1til ultrafino<\/p>"},"content":{"rendered":"<p>Informaci\u00f3n del producto:<p>Color:\u00a0modo verde dual, modo rosa dual, modo gris dual, modo blanco dual, modo negro dual<\/p><p>Modelo aplicable:\u00a0Ordenador port\u00e1til<\/p><p>Interfaz:\u00a0USB<\/p><p>Modo de funcionamiento:\u00a0Fotoel\u00e9ctrica<\/p><p>Tama\u00f1o del producto:\u00a0108 * 60 * 26 mm<\/p><p>Lista de embalaje:<\/p><p>Rat\u00f3n, caja de embalaje, cable de carga * 1set<\/p><p>&nbsp;<\/p><p>Imagen del producto:<\/p><p><img data-recalc-dims=\"1\" decoding=\"async\" src=\"https:\/\/i0.wp.com\/oss-cf.cjdropshipping.com\/product\/2024\/10\/04\/09\/c0ea2ad6-c6ce-4611-9116-80ff6efb7802_trans.jpeg?w=1290&amp;ssl=1\"><\/p><p><img data-recalc-dims=\"1\" decoding=\"async\" src=\"https:\/\/i0.wp.com\/oss-cf.cjdropshipping.com\/product\/2024\/10\/04\/09\/80edd023-6eb9-4420-b0b3-89f4d38e3eba_trans.jpeg?w=1290&amp;ssl=1\"><\/p><p><img data-recalc-dims=\"1\" decoding=\"async\" src=\"https:\/\/i0.wp.com\/oss-cf.cjdropshipping.com\/product\/2024\/10\/04\/09\/2db8dd45-6297-4e82-bfff-a0fdffe0d742_trans.jpeg?w=1290&amp;ssl=1\"><\/p><p><img data-recalc-dims=\"1\" decoding=\"async\" src=\"https:\/\/i0.wp.com\/oss-cf.cjdropshipping.com\/product\/2024\/10\/04\/09\/8f682a24-e039-4170-b04d-49b9cd863ba2_trans.jpeg?w=1290&amp;ssl=1\"><\/p><p><img data-recalc-dims=\"1\" decoding=\"async\" src=\"https:\/\/i0.wp.com\/oss-cf.cjdropshipping.com\/product\/2024\/10\/04\/09\/2d006b90-fe80-4ea9-b769-05f7eb926a92_trans.jpeg?w=1290&amp;ssl=1\"><\/p><p><img data-recalc-dims=\"1\" decoding=\"async\" src=\"https:\/\/i0.wp.com\/cf.cjdropshipping.com\/quick\/product\/d1096b03-afb2-4c0e-b09f-734ae8131c03.jpg?w=1290&amp;ssl=1\"><\/p><p><img data-recalc-dims=\"1\" decoding=\"async\" src=\"https:\/\/i0.wp.com\/oss-cf.cjdropshipping.com\/product\/2024\/10\/04\/09\/d550e7a1-0ef7-4af0-82a4-167ec6275557_trans.jpeg?w=1290&amp;ssl=1\"><\/p><p>&nbsp;<\/p><\/p>","protected":false},"excerpt":{"rendered":"<p>Informations&nbsp;sur&nbsp;le&nbsp;produit&nbsp;: Couleur&nbsp;:&nbsp;double&nbsp;mode&nbsp;vert,&nbsp;double&nbsp;mode&nbsp;rose,&nbsp;double&nbsp;mode&nbsp;gris,&nbsp;double&nbsp;mode&nbsp;blanc,&nbsp;double&nbsp;mode&nbsp;noir Mod&egrave;le&nbsp;applicable&nbsp;:&nbsp;Ordinateur&nbsp;portable Interface&nbsp;:&nbsp;USB Mode&nbsp;de&nbsp;fonctionnement&nbsp;:&nbsp;Photo&eacute;lectrique Taille&nbsp;du&nbsp;produit&nbsp;:&nbsp;108*60&nbsp;*&nbsp;26mm Liste&nbsp;d&rsquo;emballage&nbsp;: Souris,&nbsp;bo&icirc;te&nbsp;d&rsquo;emballage,&nbsp;c&acirc;ble&nbsp;de&nbsp;charge*1set &nbsp; Image&nbsp;du&nbsp;produit&nbsp;: &nbsp;<\/p>","protected":false},"featured_media":1120,"comment_status":"open","ping_status":"closed","template":"","meta":{"_seopress_robots_primary_cat":"none","_seopress_titles_title":"","_seopress_titles_desc":"","_seopress_robots_index":"","_seopress_analysis_target_kw":"","_gspb_post_css":"","content-type":""},"product_brand":[],"product_cat":[745,42,99],"product_tag":[],"class_list":{"0":"post-1130","1":"product","2":"type-product","3":"status-publish","4":"has-post-thumbnail","6":"product_cat-claviers-souris","7":"product_cat-high-tech","8":"product_cat-high-tech-informatique","9":"product_shipping_class-hors-ue-standard","10":"pa_fournisseur-cjdropshipping","11":"pa_origine-dexpedition-chine","13":"first","14":"instock","15":"taxable","16":"shipping-taxable","17":"purchasable","18":"product-type-variable"},"jetpack_sharing_enabled":true,"_links":{"self":[{"href":"https:\/\/trendsbystylia.com\/es\/wp-json\/wp\/v2\/product\/1130","targetHints":{"allow":["GET"]}}],"collection":[{"href":"https:\/\/trendsbystylia.com\/es\/wp-json\/wp\/v2\/product"}],"about":[{"href":"https:\/\/trendsbystylia.com\/es\/wp-json\/wp\/v2\/types\/product"}],"replies":[{"embeddable":true,"href":"https:\/\/trendsbystylia.com\/es\/wp-json\/wp\/v2\/comments?post=1130"}],"wp:featuredmedia":[{"embeddable":true,"href":"https:\/\/trendsbystylia.com\/es\/wp-json\/wp\/v2\/media\/1120"}],"wp:attachment":[{"href":"https:\/\/trendsbystylia.com\/es\/wp-json\/wp\/v2\/media?parent=1130"}],"wp:term":[{"taxonomy":"product_brand","embeddable":true,"href":"https:\/\/trendsbystylia.com\/es\/wp-json\/wp\/v2\/product_brand?post=1130"},{"taxonomy":"product_cat","embeddable":true,"href":"https:\/\/trendsbystylia.com\/es\/wp-json\/wp\/v2\/product_cat?post=1130"},{"taxonomy":"product_tag","embeddable":true,"href":"https:\/\/trendsbystylia.com\/es\/wp-json\/wp\/v2\/product_tag?post=1130"}],"curies":[{"name":"wp","href":"https:\/\/api.w.org\/{rel}","templated":true}]}}