{"id":886,"date":"2025-02-19T23:32:12","date_gmt":"2025-02-19T23:32:12","guid":{"rendered":"https:\/\/trendsbystylia.com\/?page_id=886"},"modified":"2025-03-21T14:02:23","modified_gmt":"2025-03-21T14:02:23","slug":"a-propos","status":"publish","type":"page","link":"https:\/\/trendsbystylia.com\/es\/a-propos\/","title":{"rendered":"<p>Acerca de<\/p>"},"content":{"rendered":"<p><p><\/p><p><strong>Bienvenido a Trends by Stylia: \u00a1Su destino \u00fanico para un estilo de vida moderno, desde el hogar hasta sus mascotas!<\/strong><\/p><p>\u00bfEst\u00e1s buscando las \u00faltimas tendencias en&nbsp;<strong>mobiliario y decoraci\u00f3n<\/strong>,&nbsp;<strong>modo<\/strong>,&nbsp;<strong>alta tecnolog\u00eda<\/strong>,&nbsp;<strong>estilo de vida<\/strong>,&nbsp;<strong>juguetes<\/strong>, art\u00edculos para su&nbsp;<strong>animales<\/strong>&nbsp;y elementos para embellecer su&nbsp;<strong>decoraci\u00f3n<\/strong>&nbsp;? \u00a1No busques m\u00e1s! Trends by Stylia es su tienda en l\u00ednea para descubrir una selecci\u00f3n cuidadosamente elegida de art\u00edculos que har\u00e1n de su vida diaria y la de sus compa\u00f1eros de cuatro patas un espacio \u00fanico de expresi\u00f3n.<\/p><p><\/p><p><\/p><p><strong>\u00bfPor qu\u00e9 elegir Trends by Stylia?<\/strong><\/p><ul class=\"wp-block-list\">\n<li><strong>Tendencias seleccionadas:<\/strong>&nbsp;Nuestros expertos viajan por el mundo para ofrecerle las \u00faltimas tendencias y los productos m\u00e1s de moda, incluso para sus mascotas y su decoraci\u00f3n.<\/li>\n\n\n\n<li><strong>Calidad garantizada:<\/strong>&nbsp;Trabajamos estrechamente con marcas y proveedores de confianza para garantizar productos de calidad para usted, sus mascotas y su hogar.<\/li>\n\n\n\n<li><strong>Precios competitivos:<\/strong>&nbsp;Ofrecemos precios asequibles para que la tendencia sea accesible a todos, incluso para cuidar de sus animales y embellecer su hogar sin romper el banco.<\/li>\n\n\n\n<li><strong>Excepcional servicio al cliente:<\/strong>&nbsp;Nuestro equipo est\u00e1 a su disposici\u00f3n para responder a todas sus preguntas y ofrecerle una experiencia de compra agradable, ya sea para usted, sus mascotas o su decoraci\u00f3n.<\/li>\n\n\n\n<li><strong>Entrega r\u00e1pida y confiable:<\/strong>&nbsp;Entregamos de forma r\u00e1pida y segura, est\u00e9s donde est\u00e9s, para que puedas disfrutar r\u00e1pidamente de tus compras para ti, tus mascotas y tu hogar.<\/li>\n<\/ul><\/p>","protected":false},"excerpt":{"rendered":"<p>Bienvenue chez Trends by Stylia : Votre destination unique pour un style de vie tendance, de la maison &agrave; vos animaux de compagnie ! &Ecirc;tes-vous &agrave; la recherche des derni&egrave;res tendances en mati&egrave;re de&nbsp;mobilier et d&eacute;coration,&nbsp;mode,&nbsp;high-tech,&nbsp;lifestyle,&nbsp;jouets, d&rsquo;articles pour vos&nbsp;animaux&nbsp;et d&rsquo;&eacute;l&eacute;ments pour embellir votre&nbsp;d&eacute;coration&nbsp;? Ne cherchez pas plus loin ! Trends by Stylia est votre boutique [&hellip;]<\/p>","protected":false},"author":1,"featured_media":0,"parent":0,"menu_order":0,"comment_status":"closed","ping_status":"closed","template":"","meta":{"_seopress_robots_primary_cat":"","_seopress_titles_title":"\u00c0 propos","_seopress_titles_desc":"Bienvenue chez Trends by Stylia : Votre destination unique pour un style de vie tendance, de la maison \u00e0 vos animaux de compagnie !","_seopress_robots_index":"","_gspb_post_css":"","content-type":"","footnotes":""},"class_list":["post-886","page","type-page","status-publish","hentry"],"blocksy_meta":[],"jetpack_sharing_enabled":true,"_links":{"self":[{"href":"https:\/\/trendsbystylia.com\/es\/wp-json\/wp\/v2\/pages\/886","targetHints":{"allow":["GET"]}}],"collection":[{"href":"https:\/\/trendsbystylia.com\/es\/wp-json\/wp\/v2\/pages"}],"about":[{"href":"https:\/\/trendsbystylia.com\/es\/wp-json\/wp\/v2\/types\/page"}],"author":[{"embeddable":true,"href":"https:\/\/trendsbystylia.com\/es\/wp-json\/wp\/v2\/users\/1"}],"replies":[{"embeddable":true,"href":"https:\/\/trendsbystylia.com\/es\/wp-json\/wp\/v2\/comments?post=886"}],"version-history":[{"count":0,"href":"https:\/\/trendsbystylia.com\/es\/wp-json\/wp\/v2\/pages\/886\/revisions"}],"wp:attachment":[{"href":"https:\/\/trendsbystylia.com\/es\/wp-json\/wp\/v2\/media?parent=886"}],"curies":[{"name":"wp","href":"https:\/\/api.w.org\/{rel}","templated":true}]}}