{"id":294,"date":"2025-02-04T21:15:04","date_gmt":"2025-02-04T21:15:04","guid":{"rendered":"https:\/\/trendsbystylia.com\/?page_id=294"},"modified":"2025-02-23T23:25:21","modified_gmt":"2025-02-23T23:25:21","slug":"mentions-legales-protection-des-donnees-personnelles-rgpd","status":"publish","type":"page","link":"https:\/\/trendsbystylia.com\/es\/mentions-legales-protection-des-donnees-personnelles-rgpd\/","title":{"rendered":"<p>Mentions l&eacute;gales &ndash; Protection des donn&eacute;es personnelles (RGPD)<\/p>"},"content":{"rendered":"<p><strong>Pol\u00edtica de privacidad (GDPR)&nbsp;<\/strong><p>De conformidad con el Reglamento General de Protecci\u00f3n de Datos (RGPD) y la Ley n.o 2018-493 de 20 de junio de 2018 sobre la protecci\u00f3n de datos personales, le informamos de lo siguiente en relaci\u00f3n con la recopilaci\u00f3n y el procesamiento de sus datos personales en el sitio web TrendsbyStylia.com (en adelante, \"el Sitio\"):&nbsp;&nbsp;&nbsp;<\/p><p><strong>Responsable del tratamiento:<\/strong><\/p><ul class=\"wp-block-list\">\n<li>Denoyes Thibault, autoempresario<\/li>\n\n\n\n<li>N\u00famero SIRET: 94003340000018<\/li>\n\n\n\n<li>Direcci\u00f3n de correo electr\u00f3nico: contact@trendsbystylia.com<\/li>\n<\/ul><p><strong>Datos personales recogidos:<\/strong><\/p><p>Podemos recopilar los siguientes datos personales:<\/p><ul class=\"wp-block-list\">\n<li>Apellidos y nombre<\/li>\n\n\n\n<li>Direcci\u00f3n postal<\/li>\n\n\n\n<li>Direcci\u00f3n de correo electr\u00f3nico<\/li>\n\n\n\n<li>N\u00famero de tel\u00e9fono (opcional)<\/li>\n\n\n\n<li>Informaci\u00f3n del pedido (productos comprados, fecha del pedido, etc.)<\/li>\n\n\n\n<li>Datos de navegaci\u00f3n (direcciones IP, cookies, etc.)<\/li>\n<\/ul><p><strong>Finalidades del tratamiento de datos:<\/strong><\/p><p>Los datos personales recopilados se utilizan para los siguientes fines:<\/p><ul class=\"wp-block-list\">\n<li>Gesti\u00f3n de pedidos y entregas&nbsp;&nbsp;&nbsp;<\/li>\n\n\n\n<li>Gesti\u00f3n de la relaci\u00f3n con el cliente (servicio al cliente, seguimiento de pedidos, etc.)<\/li>\n\n\n\n<li>Env\u00edo de informaci\u00f3n comercial (boletines informativos, ofertas promocionales, etc.), sujeto a su consentimiento previo<\/li>\n\n\n\n<li>Mejora del Sitio y de los servicios ofrecidos<\/li>\n\n\n\n<li>Cumplimiento de las obligaciones legales y reglamentarias<\/li>\n<\/ul><p><strong>Destinatarios de los datos:<\/strong><\/p><p>Los datos personales recopilados pueden transmitirse a los siguientes destinatarios:<\/p><ul class=\"wp-block-list\">\n<li>Proveedores de servicios (host del sitio web, proveedor de pagos, operadores, etc.)<\/li>\n\n\n\n<li>Socios comerciales (sujetos a su consentimiento previo)<\/li>\n\n\n\n<li>Autoridades competentes (en caso de solicitud legal)<\/li>\n<\/ul><p><strong>Per\u00edodo de conservaci\u00f3n de los datos:<\/strong><\/p><p>Los datos personales se conservan durante el tiempo necesario para los fines para los que se almacenan.<sup><\/sup>&nbsp;se recogen, en cumplimiento de las obligaciones legales y reglamentarias.&nbsp;&nbsp;&nbsp;<\/p><p><strong>Sus derechos:<\/strong><\/p><p>De acuerdo con el RGPD, usted tiene los siguientes derechos:<\/p><ul class=\"wp-block-list\">\n<li>Derecho de acceso: Puede obtener la confirmaci\u00f3n de que sus datos personales est\u00e1n siendo procesados y obtener una copia de estos datos.<\/li>\n\n\n\n<li>Derecho de rectificaci\u00f3n: puede solicitar la rectificaci\u00f3n de sus datos personales inexactos o incompletos.<\/li>\n\n\n\n<li>Derecho de supresi\u00f3n: puede solicitar la supresi\u00f3n de sus datos personales en determinados casos.<\/li>\n\n\n\n<li>Derecho a restringir el tratamiento: puede solicitar la restricci\u00f3n del procesamiento de sus datos personales en ciertos casos.<\/li>\n\n\n\n<li>Derecho a la portabilidad de los datos: puede solicitar recibir sus datos personales en un formato estructurado, de uso com\u00fan y legible por m\u00e1quina, o transmitirlos a otro responsable del tratamiento.&nbsp;&nbsp;&nbsp;<\/li>\n\n\n\n<li>Derecho de oposici\u00f3n: Puede oponerse al tratamiento de sus datos personales con fines de marketing directo en cualquier momento.&nbsp;&nbsp;&nbsp;<\/li>\n\n\n\n<li>Derecho a retirar el consentimiento: puede retirar su consentimiento para el tratamiento de sus datos personales en cualquier momento.&nbsp;&nbsp;&nbsp;<\/li>\n<\/ul><p><strong>Ejercer sus derechos:<\/strong><\/p><p>Puede ejercer sus derechos poni\u00e9ndose en contacto con nosotros en la siguiente direcci\u00f3n de correo electr\u00f3nico: contact@trendsbystylia.com<\/p><p><strong>Denuncia ante la CNIL:<\/strong><\/p><p>Si considera que no se respetan sus derechos en materia de protecci\u00f3n de datos personales,<sup><\/sup>&nbsp;Puede presentar una denuncia ante la Commission Nationale de l\u2019Informatique et des Libert\u00e9s<sup><\/sup>&nbsp;(CNIL).&nbsp;&nbsp;&nbsp;<\/p><p><strong>Informaci\u00f3n adicional:<\/strong><\/p><ul class=\"wp-block-list\">\n<li>Ponemos en marcha medidas de seguridad adecuadas para proteger sus datos personales contra el acceso no autorizado, el uso indebido, la divulgaci\u00f3n, la alteraci\u00f3n o la destrucci\u00f3n.&nbsp;&nbsp;&nbsp;<\/li>\n\n\n\n<li>Le informamos de cualquier violaci\u00f3n de datos personales que pueda suponer un riesgo para sus derechos y libertades.<\/li>\n<\/ul><p>No dude en ponerse en contacto con nosotros si tiene alguna pregunta sobre la protecci\u00f3n de sus datos personales.<\/p><\/p>","protected":false},"excerpt":{"rendered":"<p>Politique de Confidentialit&eacute; (RGPD)&nbsp; Conform&eacute;ment au R&egrave;glement&nbsp;G&eacute;n&eacute;ral sur la Protection des Donn&eacute;es (RGPD) et &agrave; la loi n&deg; 2018-493 du 20 juin 2018 relative &agrave; la protection des donn&eacute;es personnelles,&nbsp;nous vous informons des &eacute;l&eacute;ments suivants concernant la collecte et le traitement de vos donn&eacute;es personnelles sur le site web TrendsbyStylia.com (ci-apr&egrave;s &laquo;&nbsp;le Site&nbsp;&raquo;) :&nbsp;&nbsp;&nbsp; Responsable [&hellip;]<\/p>","protected":false},"author":1,"featured_media":0,"parent":0,"menu_order":0,"comment_status":"closed","ping_status":"closed","template":"","meta":{"_seopress_robots_primary_cat":"","_seopress_titles_title":"","_seopress_titles_desc":"","_seopress_robots_index":"","_gspb_post_css":"","content-type":"","footnotes":""},"class_list":["post-294","page","type-page","status-publish","hentry"],"blocksy_meta":[],"jetpack_sharing_enabled":true,"_links":{"self":[{"href":"https:\/\/trendsbystylia.com\/es\/wp-json\/wp\/v2\/pages\/294","targetHints":{"allow":["GET"]}}],"collection":[{"href":"https:\/\/trendsbystylia.com\/es\/wp-json\/wp\/v2\/pages"}],"about":[{"href":"https:\/\/trendsbystylia.com\/es\/wp-json\/wp\/v2\/types\/page"}],"author":[{"embeddable":true,"href":"https:\/\/trendsbystylia.com\/es\/wp-json\/wp\/v2\/users\/1"}],"replies":[{"embeddable":true,"href":"https:\/\/trendsbystylia.com\/es\/wp-json\/wp\/v2\/comments?post=294"}],"version-history":[{"count":0,"href":"https:\/\/trendsbystylia.com\/es\/wp-json\/wp\/v2\/pages\/294\/revisions"}],"wp:attachment":[{"href":"https:\/\/trendsbystylia.com\/es\/wp-json\/wp\/v2\/media?parent=294"}],"curies":[{"name":"wp","href":"https:\/\/api.w.org\/{rel}","templated":true}]}}