{"id":283,"date":"2025-02-04T20:31:08","date_gmt":"2025-02-04T20:31:08","guid":{"rendered":"https:\/\/trendsbystylia.com\/?page_id=283"},"modified":"2025-03-21T14:03:05","modified_gmt":"2025-03-21T14:03:05","slug":"cgv","status":"publish","type":"page","link":"https:\/\/trendsbystylia.com\/es\/cgv\/","title":{"rendered":"<p>T\u00e9rminos y Condiciones Generales de Venta<\/p>"},"content":{"rendered":"<p><strong>Pre\u00e1mbulo<\/strong><p>Las presentes condiciones generales de venta (en adelante, las \"CGC\") regulan las ventas de productos (en adelante, los \"Productos\") realizadas por Denoyes Thibault, autoempresario, cuya sede central se encuentra en Toulouse, registrado con el n\u00famero 94003340000018 (en adelante, el \"Vendedor\") y cualquier persona f\u00edsica o jur\u00eddica (en adelante, el \"Cliente\") que desee realizar una compra en el sitio web TrendsbyStylia.com (en adelante, el \"Sitio\").<\/p><p><strong>Art\u00edculo 1: Objeto<\/strong><\/p><p>El prop\u00f3sito de estas CGC es definir las condiciones bajo las cuales el Vendedor comercializa los Productos a los Clientes en el contexto de una actividad de dropshipping. Se aplican a cualquier pedido realizado en el Sitio por el Cliente.<\/p><p><strong>Art\u00edculo 2: Productos<\/strong><\/p><p>Los Productos ofrecidos a la venta son aquellos que aparecen en el sitio el d\u00eda de la consulta por parte del Cliente.\u00a0Las caracter\u00edsticas esenciales de los Productos se describen en el Sitio.\u00a0Las fotograf\u00edas e ilustraciones presentadas en el Sitio no son contractuales y no pueden comprometer la responsabilidad del Vendedor.&nbsp;&nbsp;&nbsp;<\/p><p><strong>Art\u00edculo 3: Precio<\/strong><\/p><p>Los precios de los Productos se indican en euros todos los impuestos incluidos (TTC), teniendo en cuenta el r\u00e9gimen de IVA aplicable a los autoempresarios.\u00a0Los gastos de env\u00edo se indican antes de la validaci\u00f3n del pedido y son responsabilidad del Cliente. El Vendedor se reserva el derecho de cambiar los precios en cualquier momento, pero los Productos se facturar\u00e1n sobre la base de:<sup><\/sup>&nbsp;las tarifas vigentes en el momento de la validaci\u00f3n del pedido.&nbsp;&nbsp;&nbsp;<\/p><p><strong>art\u00edculo<sup><\/sup>&nbsp;4 : Pedido<\/strong>&nbsp;&nbsp;&nbsp;<\/p><p>El Cliente realiza un pedido en el Sitio a\u00f1adiendo los Productos a su cesta y siguiendo los pasos del proceso de pedido. El pedido es firme y definitivo cuando el Cliente hace clic en el bot\u00f3n \"Validar el pedido\". Se env\u00eda un correo electr\u00f3nico de confirmaci\u00f3n del pedido al Cliente.<\/p><p><strong>Art\u00edculo 5: Pago<\/strong><\/p><p>El pago se realiza en l\u00ednea con tarjeta de cr\u00e9dito o cualquier otro medio de pago ofrecido en el Sitio. El d\u00e9bito se realiza en el momento de la validaci\u00f3n del pedido. El Vendedor se reserva el derecho de suspender o cancelar cualquier pedido en el caso<sup><\/sup>&nbsp;impago o sospecha de fraude.&nbsp;&nbsp;&nbsp;<\/p><p><strong>Art\u00edculo 6: Entrega<\/strong><\/p><p>Los Productos son entregados directamente por el proveedor del Vendedor a la direcci\u00f3n indicada por el Cliente al realizar el pedido. Los plazos de entrega se indican en el Sitio y se dan como una indicaci\u00f3n.<sup><\/sup>&nbsp;El Vendedor no se hace responsable de los retrasos en la entrega atribuibles al proveedor.&nbsp;&nbsp;&nbsp;<\/p><p><strong>Art\u00edculo 7: Derechos de aduana e impuestos<\/strong><\/p><p><strong>1. Para clientes en la Uni\u00f3n Europea (UE):<\/strong><\/p><ul class=\"wp-block-list\">\n<li>Desde el 1 de julio de 2021, el IVA es aplicable a todos los bienes importados en la UE, independientemente de su valor. El IVA se recauda en el punto de entrada en la UE y se incluye en el precio de venta que se muestra en nuestro sitio web.<\/li>\n\n\n\n<li><strong>Para los env\u00edos de valor inferior a 150 EUR:<\/strong>\n<ul class=\"wp-block-list\">\n<li>No se aplicar\u00e1n derechos de aduana adicionales.<\/li>\n<\/ul>\n<\/li>\n\n\n\n<li><strong>Para los env\u00edos de valor superior a 150 EUR:<\/strong>\n<ul class=\"wp-block-list\">\n<li>Tambi\u00e9n pueden aplicarse derechos de aduana. El tipo de estos derechos var\u00eda seg\u00fan el tipo de producto y su origen.<\/li>\n\n\n\n<li>Le recomendamos que pregunte sobre las regulaciones aduaneras aplicables.<\/li>\n\n\n\n<li>Para obtener una estimaci\u00f3n de los costes aduaneros, puede utilizar el simulador en l\u00ednea \u00abDeclaraci\u00f3n aduanera\u00bb:&nbsp;<a href=\"https:\/\/www.google.com\/url?sa=E&amp;source=gmail&amp;q=https:\/\/declare-douane.beta.gouv.fr\/\" target=\"_blank\" rel=\"noreferrer noopener\">Simulador declara aduanas<\/a><\/li>\n<\/ul>\n<\/li>\n<\/ul><p><strong>2. Para clientes fuera de la Uni\u00f3n Europea (fuera de la UE):<\/strong><\/p><p>Nuestros productos se pueden enviar desde almacenes tanto dentro como fuera de la UE.<\/p><ul class=\"wp-block-list\">\n<li><strong>Si su pedido se env\u00eda desde un almac\u00e9n fuera de la UE:<\/strong>\n<ul class=\"wp-block-list\">\n<li>Los derechos de aduana e impuestos de importaci\u00f3n pueden ser aplicados por el pa\u00eds de destino. Estos costes son responsabilidad del cliente y no est\u00e1n incluidos en el precio de nuestros productos ni en los gastos de env\u00edo.<\/li>\n\n\n\n<li>Cualquiera que sea el valor del pedido, le recomendamos encarecidamente que consulte las regulaciones aduaneras aplicables en su pa\u00eds antes de realizar un pedido. Para ello, le aconsejamos que se ponga en contacto con las autoridades aduaneras locales de su pa\u00eds.<\/li>\n<\/ul>\n<\/li>\n\n\n\n<li><strong>Si su pedido se env\u00eda desde un almac\u00e9n en la UE:<\/strong>\n<ul class=\"wp-block-list\">\n<li>El IVA est\u00e1 incluido en el precio de venta. No obstante, podr\u00e1n aplicarse derechos de aduana si el valor del pedido es superior a 150 EUR.<\/li>\n<\/ul>\n<\/li>\n\n\n\n<li><strong>Informaci\u00f3n adicional <\/strong>\n<ul class=\"wp-block-list\">\n<li>Las regulaciones aduaneras est\u00e1n sujetas a cambios. Le invitamos a consultar los sitios web oficiales de las autoridades aduaneras de su pa\u00eds para obtener la informaci\u00f3n m\u00e1s actualizada.<\/li>\n<\/ul>\n<\/li>\n<\/ul><p><strong>Art\u00edculo 8: Derecho de desistimiento<\/strong><\/p><p>De acuerdo con la legislaci\u00f3n vigente, el Cliente dispone de un plazo de 14 d\u00edas desde su recepci\u00f3n<sup><\/sup>&nbsp;Productos para ejercer su derecho de desistimiento, sin tener que justificar<sup><\/sup>&nbsp;razones o para pagar sanciones, con la excepci\u00f3n de los costos de devoluci\u00f3n de los Productos que siguen siendo su responsabilidad.<sup><\/sup>&nbsp;&nbsp;&nbsp;<\/p><p><strong>Art\u00edculo 9: Garant\u00edas<\/strong><\/p><p>Los Productos se benefician de la garant\u00eda legal de conformidad y la garant\u00eda contra defectos ocultos, de acuerdo con las disposiciones del C\u00f3digo del Consumidor.<\/p><p><strong>Art\u00edculo 10: Responsabilidad<\/strong><\/p><p>La responsabilidad del Vendedor se limita al precio de los Productos comprados. El Vendedor no ser\u00e1 responsable por da\u00f1os indirectos o inmateriales.<\/p><p><strong>Art\u00edculo 11: Propiedad intelectual<\/strong><\/p><p>Todos los elementos del Sitio, tales como textos, im\u00e1genes, logotipos, son propiedad intelectual del Vendedor y no pueden ser reproducidos o utilizados sin su autorizaci\u00f3n.<\/p><p><strong>Art\u00edculo 12: Datos personales<\/strong><\/p><p>Los datos personales del Cliente son recogidos y tratados por el Vendedor de conformidad con la normativa vigente en materia de protecci\u00f3n de datos personales.<\/p><p><strong>Art\u00edculo 13: Disputas<\/strong><\/p><p>Cualquier disputa relacionada con la interpretaci\u00f3n o ejecuci\u00f3n de estas CGC se someter\u00e1 a los tribunales competentes.<\/p><p><strong>Art\u00edculo 14: Cambios en el GTC<\/strong>&nbsp;&nbsp;&nbsp;<\/p><p>El Vendedor se reserva el derecho de modificar estas CGC en cualquier momento. El nuevo GTC ser\u00e1 aplicable a cualquier pedido realizado<sup><\/sup>&nbsp;despu\u00e9s de su publicaci\u00f3n en el Sitio.&nbsp;&nbsp;&nbsp;<\/p><p><\/p><p><\/p><\/p>","protected":false},"excerpt":{"rendered":"<p>Pr&eacute;ambule Les pr&eacute;sentes conditions g&eacute;n&eacute;rales de vente (ci-apr&egrave;s les &laquo;&nbsp;CGV&nbsp;&raquo;) r&eacute;gissent les ventes de produits (ci-apr&egrave;s les &laquo;&nbsp;Produits&nbsp;&raquo;) conclues par Denoyes Thibault, auto-entrepreneur, dont le si&egrave;ge social est situ&eacute; &agrave; Toulouse, immatricul&eacute; sous le num&eacute;ro 94003340000018 (ci-apr&egrave;s &laquo;&nbsp;le Vendeur&nbsp;&raquo;) et toute personne physique ou morale (ci-apr&egrave;s &laquo;&nbsp;le Client&nbsp;&raquo;) souhaitant effectuer un achat sur le site [&hellip;]<\/p>","protected":false},"author":1,"featured_media":0,"parent":0,"menu_order":0,"comment_status":"closed","ping_status":"closed","template":"","meta":{"_seopress_robots_primary_cat":"","_seopress_titles_title":"","_seopress_titles_desc":"","_seopress_robots_index":"","_gspb_post_css":"","content-type":"","jetpack_post_was_ever_published":false,"footnotes":""},"class_list":["post-283","page","type-page","status-publish","hentry"],"blocksy_meta":[],"jetpack_sharing_enabled":true,"_links":{"self":[{"href":"https:\/\/trendsbystylia.com\/es\/wp-json\/wp\/v2\/pages\/283","targetHints":{"allow":["GET"]}}],"collection":[{"href":"https:\/\/trendsbystylia.com\/es\/wp-json\/wp\/v2\/pages"}],"about":[{"href":"https:\/\/trendsbystylia.com\/es\/wp-json\/wp\/v2\/types\/page"}],"author":[{"embeddable":true,"href":"https:\/\/trendsbystylia.com\/es\/wp-json\/wp\/v2\/users\/1"}],"replies":[{"embeddable":true,"href":"https:\/\/trendsbystylia.com\/es\/wp-json\/wp\/v2\/comments?post=283"}],"version-history":[{"count":0,"href":"https:\/\/trendsbystylia.com\/es\/wp-json\/wp\/v2\/pages\/283\/revisions"}],"wp:attachment":[{"href":"https:\/\/trendsbystylia.com\/es\/wp-json\/wp\/v2\/media?parent=283"}],"curies":[{"name":"wp","href":"https:\/\/api.w.org\/{rel}","templated":true}]}}