{"id":981,"date":"2025-02-20T10:10:08","date_gmt":"2025-02-20T10:10:08","guid":{"rendered":"https:\/\/trendsbystylia.com\/produit\/veste-en-laine-tricotee-hommes-trendy-casual-business-small-suit-external-thick-sweater-cardigan-plus-size-loose-top-2\/"},"modified":"2025-03-23T22:48:43","modified_gmt":"2025-03-23T22:48:43","slug":"veste-en-laine-tricotee-hommes-trendy-casual-business-small-suit-external-thick-sweater-cardigan-plus-size-loose-top-2","status":"publish","type":"product","link":"https:\/\/trendsbystylia.com\/de\/produkt\/veste-en-laine-tricotee-hommes-trendy-casual-business-small-suit-external-thick-sweater-cardigan-plus-size-loose-top-2\/","title":{"rendered":"<p>Strickjacke aus Wolle M\u00e4nner Trendy Casual Business<\/p>"},"content":{"rendered":"<p>Produktinformationen:<p>Farbe:\u00a0blanc,\u00a0camel,\u00a0marron,\u00a0vert,\u00a0gris\u00a0fonc\u00e9,\u00a0noir<\/p><p>Geeignet f\u00fcr Personen:\u00a0Junge Menschen<\/p><p>Gr\u00f6\u00dfe:\u00a0S, M, L, XL, XXL<\/p><p>Stil:\u00a0Slim Fit<\/p><p>Stil:\u00a0Cardigan<\/p><p>Dicke:\u00a0Verdickung<\/p><p>Dicke des Wollgarns:\u00a0Standardwolle<\/p><p>Anwendungsszenarien:\u00a0T\u00e4glich<\/p><p>Art des Griffs:\u00a0Regelm\u00e4\u00dfig<\/p><p>Betroffene Personen:\u00a0Junge Menschen<\/p><p>L\u00e4nge:\u00a0normal (50 cm) Anwendbar auf das Geschlecht:\u00a0m\u00e4nnlich<\/p><p>Betroffene Altersgruppe:\u00a0Erwachsene<\/p><p>L\u00e4nge der \u00c4rmel:\u00a0lange \u00c4rmel<\/p><p>Geeignete Jahreszeit:\u00a0Fr\u00fchling<\/p><p>Stil:\u00a0Leichte Angelegenheiten<\/p><p><b>Gr\u00f6\u00dfe?<\/b><\/p><div><img data-recalc-dims=\"1\" decoding=\"async\" style=\"max-width: 100%;\" src=\"https:\/\/i0.wp.com\/cf.cjdropshipping.com\/17131392\/2404150037070325800.jpg?w=1290&amp;ssl=1\"><\/div><div><\/div><div>\n<p>Anmerkung:<\/p>\n<p>1.\u00a0Asiatische Gr\u00f6\u00dfen sind 1-2 Gr\u00f6\u00dfen kleiner als europ\u00e4ische und amerikanische Gr\u00f6\u00dfen.\u00a0W\u00e4hlen Sie die gr\u00f6\u00dfere Gr\u00f6\u00dfe, wenn Ihre Gr\u00f6\u00dfe zwischen zwei Gr\u00f6\u00dfen liegt.\u00a0Bitte beachten Sie einen Unterschied von 2 bis 3 cm aufgrund manueller Messungen.\u00a02.\u00a0Wenn Sie nicht wissen, wie Sie Ihre Gr\u00f6\u00dfe ausw\u00e4hlen sollen, wenden Sie sich bitte an unseren Kundenservice.\u00a03) Wie Sie wissen, zeigen Computer Farben unterschiedlich an, die Farbe des tats\u00e4chlichen Artikels kann geringf\u00fcgig von den folgenden Bildern abweichen.<\/p>\n<p>&nbsp;<\/p>\n<p>Verpackungsliste:<\/p>\n<p>Pullover x 1Pc<\/p>\n<\/div><p>&nbsp;<\/p><div><\/div><div><\/div><div><b>Produktfotos:<\/b><img data-recalc-dims=\"1\" decoding=\"async\" src=\"https:\/\/i0.wp.com\/cf.cjdropshipping.com\/17131392\/2404150037070328200.jpg?w=1290&amp;ssl=1\" data-key=\"2\"><br>\n<img data-recalc-dims=\"1\" decoding=\"async\" src=\"https:\/\/i0.wp.com\/cf.cjdropshipping.com\/17131392\/2404150037080321600.jpg?w=1290&amp;ssl=1\" data-key=\"3\"><br>\n<img data-recalc-dims=\"1\" decoding=\"async\" src=\"https:\/\/i0.wp.com\/cf.cjdropshipping.com\/17131392\/2404150037080325700.jpg?w=1290&amp;ssl=1\" data-key=\"4\"><br>\n<img data-recalc-dims=\"1\" decoding=\"async\" src=\"https:\/\/i0.wp.com\/cf.cjdropshipping.com\/17131392\/2404150037080328000.jpg?w=1290&amp;ssl=1\" data-key=\"5\"><br>\n<img data-recalc-dims=\"1\" decoding=\"async\" src=\"https:\/\/i0.wp.com\/cf.cjdropshipping.com\/17131392\/2404150037090320200.jpg?w=1290&amp;ssl=1\" data-key=\"6\"><br>\n<img data-recalc-dims=\"1\" decoding=\"async\" src=\"https:\/\/i0.wp.com\/cf.cjdropshipping.com\/17131392\/2404150037090323100.jpg?w=1290&amp;ssl=1\" data-key=\"7\"><\/div><p>&nbsp;<\/p><\/p>","protected":false},"excerpt":{"rendered":"<p>Informations&nbsp;sur&nbsp;le&nbsp;produit&nbsp;: Couleur&nbsp;:&nbsp;blanc,&nbsp;camel,&nbsp;marron,&nbsp;vert,&nbsp;gris&nbsp;fonc&eacute;,&nbsp;noir Convient&nbsp;aux&nbsp;personnes&nbsp;:&nbsp;Jeunes Taille&nbsp;:&nbsp;S,&nbsp;M,&nbsp;L,&nbsp;XL,&nbsp;XXL Style&nbsp;:&nbsp;slim&nbsp;fit Style&nbsp;:&nbsp;Cardigan &Eacute;paisseur&nbsp;:&nbsp;&eacute;paississement &Eacute;paisseur&nbsp;du&nbsp;fil&nbsp;de&nbsp;laine&nbsp;:&nbsp;laine&nbsp;standard Sc&eacute;narios&nbsp;d&rsquo;application&nbsp;:&nbsp;Quotidien Type&nbsp;de&nbsp;manche&nbsp;:&nbsp;R&eacute;gulier Personnes&nbsp;concern&eacute;es&nbsp;:&nbsp;Jeunes Longueur&nbsp;:&nbsp;normale&nbsp;(50&nbsp;cm)&nbsp;Applicable&nbsp;au&nbsp;sexe&nbsp;:&nbsp;Homme Groupe&nbsp;d&rsquo;&acirc;ge&nbsp;concern&eacute;&nbsp;:&nbsp;Adulte Longueur&nbsp;des&nbsp;manches&nbsp;:&nbsp;manches&nbsp;longues Saison&nbsp;appropri&eacute;e&nbsp;:&nbsp;Printemps Style&nbsp;:&nbsp;affaires&nbsp;l&eacute;g&egrave;res Taille? Note&nbsp;: 1.&nbsp;Les&nbsp;tailles&nbsp;asiatiques&nbsp;sont&nbsp;1&nbsp;&agrave;&nbsp;2&nbsp;tailles&nbsp;plus&nbsp;petites&nbsp;que&nbsp;les&nbsp;tailles&nbsp;europ&eacute;ennes&nbsp;et&nbsp;am&eacute;ricaines.&nbsp;Choisissez&nbsp;la&nbsp;taille&nbsp;la&nbsp;plus&nbsp;grande&nbsp;si&nbsp;votre&nbsp;taille&nbsp;se&nbsp;situe&nbsp;entre&nbsp;deux&nbsp;tailles.&nbsp;Veuillez&nbsp;tenir&nbsp;compte&nbsp;d&rsquo;une&nbsp;diff&eacute;rence&nbsp;de&nbsp;2&nbsp;&agrave;&nbsp;3&nbsp;cm&nbsp;due&nbsp;aux&nbsp;mesures&nbsp;manuelles.&nbsp;2.&nbsp;Si&nbsp;vous&nbsp;ne&nbsp;savez&nbsp;pas&nbsp;comment&nbsp;choisir&nbsp;votre&nbsp;taille,&nbsp;veuillez&nbsp;contacter&nbsp;notre&nbsp;service&nbsp;client&egrave;le.&nbsp;3)&nbsp;Comme&nbsp;vous&nbsp;le&nbsp;savez,&nbsp;les&nbsp;ordinateurs&nbsp;affichent&nbsp;les&nbsp;couleurs&nbsp;diff&eacute;remment,&nbsp;la&nbsp;couleur&nbsp;de&nbsp;l&rsquo;article&nbsp;r&eacute;el&nbsp;peut&nbsp;varier&nbsp;l&eacute;g&egrave;rement&nbsp;par&nbsp;rapport&nbsp;aux&nbsp;images&nbsp;suivantes. &nbsp; Liste&nbsp;d&rsquo;emballage&nbsp;: Pull&nbsp;x&nbsp;1Pc &nbsp; Photos produits: &nbsp;<\/p>","protected":false},"featured_media":974,"comment_status":"open","ping_status":"closed","template":"","meta":{"_seopress_robots_primary_cat":"none","_seopress_titles_title":"","_seopress_titles_desc":"","_seopress_robots_index":"","_seopress_analysis_target_kw":"","_gspb_post_css":"","content-type":""},"product_brand":[],"product_cat":[80,43],"product_tag":[],"class_list":{"0":"post-981","1":"product","2":"type-product","3":"status-publish","4":"has-post-thumbnail","6":"product_cat-mode-homme","7":"product_cat-mode","8":"product_shipping_class-hors-ue-standard","9":"pa_fournisseur-cjdropshipping","10":"pa_origine-dexpedition-chine","12":"first","13":"instock","14":"purchasable","15":"product-type-variable"},"jetpack_sharing_enabled":true,"_links":{"self":[{"href":"https:\/\/trendsbystylia.com\/de\/wp-json\/wp\/v2\/product\/981","targetHints":{"allow":["GET"]}}],"collection":[{"href":"https:\/\/trendsbystylia.com\/de\/wp-json\/wp\/v2\/product"}],"about":[{"href":"https:\/\/trendsbystylia.com\/de\/wp-json\/wp\/v2\/types\/product"}],"replies":[{"embeddable":true,"href":"https:\/\/trendsbystylia.com\/de\/wp-json\/wp\/v2\/comments?post=981"}],"wp:featuredmedia":[{"embeddable":true,"href":"https:\/\/trendsbystylia.com\/de\/wp-json\/wp\/v2\/media\/974"}],"wp:attachment":[{"href":"https:\/\/trendsbystylia.com\/de\/wp-json\/wp\/v2\/media?parent=981"}],"wp:term":[{"taxonomy":"product_brand","embeddable":true,"href":"https:\/\/trendsbystylia.com\/de\/wp-json\/wp\/v2\/product_brand?post=981"},{"taxonomy":"product_cat","embeddable":true,"href":"https:\/\/trendsbystylia.com\/de\/wp-json\/wp\/v2\/product_cat?post=981"},{"taxonomy":"product_tag","embeddable":true,"href":"https:\/\/trendsbystylia.com\/de\/wp-json\/wp\/v2\/product_tag?post=981"}],"curies":[{"name":"wp","href":"https:\/\/api.w.org\/{rel}","templated":true}]}}