{"id":57262,"date":"2025-03-30T23:17:43","date_gmt":"2025-03-30T23:17:43","guid":{"rendered":"https:\/\/trendsbystylia.com\/?post_type=product&#038;p=57262"},"modified":"2025-04-03T17:36:27","modified_gmt":"2025-04-03T17:36:27","slug":"jbl-enceinte-bluetooth-charge-5-bluetooth-jblcharge5grn","status":"publish","type":"product","link":"https:\/\/trendsbystylia.com\/de\/produkt\/jbl-enceinte-bluetooth-charge-5-bluetooth-jblcharge5grn\/","title":{"rendered":"<p>JBL Bluetooth-Lautsprecher Charge 5 Bluetooth - JBLCHARGE5GRN<\/p>"},"content":{"rendered":"<div id=\"HTML_SPEC\" class=\"ITSs\">\n<div class=\"ITSg\">Konnektivit\u00e4t<\/div>\n<div class=\"ITSr0\">\n<div class=\"ITSn\">Konnektivit\u00e4tstechnologie<\/div>\n<div class=\"ITSv\">Mit Draht &amp;Wireless<\/div>\n<\/div>\n<div class=\"ITSr1\">\n<div class=\"ITSn\">Wifi<\/div>\n<div class=\"ITSv\">Nein<\/div>\n<\/div>\n<div class=\"ITSr0\">\n<div class=\"ITSn\">Bluetooth<\/div>\n<div class=\"ITSv\">Ja<\/div>\n<\/div>\n<div class=\"ITSr1\">\n<div class=\"ITSn\">Bluetooth-Modell<\/div>\n<div class=\"ITSv\">5.1<\/div>\n<\/div>\n<div class=\"ITSr0\">\n<div class=\"ITSn\">USB-Konnektivit\u00e4t<\/div>\n<div class=\"ITSv\">Ja<\/div>\n<\/div>\n<div class=\"ITSr1\">\n<div class=\"ITSn\">Kontaktloses Bezahlen<\/div>\n<div class=\"ITSv\">Nein<\/div>\n<\/div>\n<div class=\"ITSr0\">\n<div class=\"ITSn\">Sendezeit<\/div>\n<div class=\"ITSv\">Nein<\/div>\n<\/div>\n<div class=\"ITSr1\">\n<div class=\"ITSn\">Kabell\u00e4nge<\/div>\n<div class=\"ITSv\">1.2 m<\/div>\n<\/div>\n<div class=\"ITSg\">Repr\u00e4sentation \/ Realisierung<\/div>\n<div class=\"ITSr0\">\n<div class=\"ITSn\">Empfohlene Verwendung<\/div>\n<div class=\"ITSv\">Universel<\/div>\n<\/div>\n<div class=\"ITSr1\">\n<div class=\"ITSn\">Integrierter Speicherkartenleser<\/div>\n<div class=\"ITSv\">Nein<\/div>\n<\/div>\n<div class=\"ITSr0\">\n<div class=\"ITSn\">Equalizer<\/div>\n<div class=\"ITSv\">Ja<\/div>\n<\/div>\n<div class=\"ITSr1\">\n<div class=\"ITSn\">Ursprungsland<\/div>\n<div class=\"ITSv\">China<\/div>\n<\/div>\n<div class=\"ITSr0\">\n<div class=\"ITSn\">Unterst\u00fctztes mobiles System<\/div>\n<div class=\"ITSv\">Android, iOS<\/div>\n<\/div>\n<div class=\"ITSg\">Design<\/div>\n<div class=\"ITSr0\">\n<div class=\"ITSn\">Art des Erzeugnisses<\/div>\n<div class=\"ITSv\">Tragbarer Stereo-Lautsprecher<\/div>\n<\/div>\n<div class=\"ITSr1\">\n<div class=\"ITSn\">Produktfarbe<\/div>\n<div class=\"ITSv\">Gr\u00fcn<\/div>\n<\/div>\n<div class=\"ITSr0\">\n<div class=\"ITSn\">Geh\u00e4use-\/Geh\u00e4usematerial<\/div>\n<div class=\"ITSv\">Kunststoff<\/div>\n<\/div>\n<div class=\"ITSr1\">\n<div class=\"ITSn\">Lautst\u00e4rkeregler<\/div>\n<div class=\"ITSv\">Kn\u00f6pfe<\/div>\n<\/div>\n<div class=\"ITSr0\">\n<div class=\"ITSn\">Integrierte Ein-\/Aus-Taste<\/div>\n<div class=\"ITSv\">Ja<\/div>\n<\/div>\n<div class=\"ITSr1\">\n<div class=\"ITSn\">Schutzfunktionen<\/div>\n<div class=\"ITSv\">Dust Resistant und Water Resistant<\/div>\n<\/div>\n<div class=\"ITSr0\">\n<div class=\"ITSn\">Code (IP) Internationaler Schutz<\/div>\n<div class=\"ITSv\">IP67<\/div>\n<\/div>\n<div class=\"ITSr1\">\n<div class=\"ITSn\">Leuchten<\/div>\n<div class=\"ITSv\">Ja<\/div>\n<\/div>\n<div class=\"ITSg\">Audio<\/div>\n<div class=\"ITSr0\">\n<div class=\"ITSn\">Bewertete Energie RMS<\/div>\n<div class=\"ITSv\">30 W<\/div>\n<\/div>\n<div class=\"ITSr1\">\n<div class=\"ITSn\">Frequenzbereich<\/div>\n<div class=\"ITSv\">60 \u2013 20000 Hz<\/div>\n<\/div>\n<div class=\"ITSr0\">\n<div class=\"ITSn\">Spitzenleistung am Ausgang (PMPO)<\/div>\n<div class=\"ITSv\">30 W<\/div>\n<\/div>\n<div class=\"ITSg\">Lautsprecher<\/div>\n<div class=\"ITSr0\">\n<div class=\"ITSn\">Anzahl der Lautsprecher<\/div>\n<div class=\"ITSv\">1<\/div>\n<\/div>\n<div class=\"ITSr1\">\n<div class=\"ITSn\">Anzahl der passiven Heizk\u00f6rper<\/div>\n<div class=\"ITSv\">2<\/div>\n<\/div>\n<div class=\"ITSr0\">\n<div class=\"ITSn\">Tweeter<\/div>\n<div class=\"ITSv\">Ja<\/div>\n<\/div>\n<div class=\"ITSr1\">\n<div class=\"ITSn\">Hoher Lautsprecherdurchmesser (Imperial)<\/div>\n<div class=\"ITSv\">1,91 cm<\/div>\n<\/div>\n<div class=\"ITSr0\">\n<div class=\"ITSn\">Hoher Lautsprecher-Durchmesser<\/div>\n<div class=\"ITSv\">2 cm<\/div>\n<\/div>\n<div class=\"ITSr1\">\n<div class=\"ITSn\">Durchmesser des Tieft\u00f6ners (Imperial)<\/div>\n<div class=\"ITSv\">10,2 cm<\/div>\n<\/div>\n<div class=\"ITSr0\">\n<div class=\"ITSn\">Durchmesser des Tieft\u00f6ners<\/div>\n<div class=\"ITSv\">9 cm<\/div>\n<\/div>\n<div class=\"ITSg\">Leistung<\/div>\n<div class=\"ITSr0\">\n<div class=\"ITSn\">Batterietyp<\/div>\n<div class=\"ITSv\">Eingebaute Batterie<\/div>\n<\/div>\n<div class=\"ITSr1\">\n<div class=\"ITSn\">Batterietechnologie<\/div>\n<div class=\"ITSv\">Lithium-Polymer (LiPo)<\/div>\n<\/div>\n<div class=\"ITSr0\">\n<div class=\"ITSn\">Batteriekapazit\u00e4t<\/div>\n<div class=\"ITSv\">27 Wh<\/div>\n<\/div>\n<div class=\"ITSr1\">\n<div class=\"ITSn\">Maximale Akkulaufzeit<\/div>\n<div class=\"ITSv\">20:00 Uhr<\/div>\n<\/div>\n<div class=\"ITSg\">Inhalt der Verpackung<\/div>\n<div class=\"ITSr0\">\n<div class=\"ITSn\">Menge<\/div>\n<div class=\"ITSv\">1 St\u00fcck(e)<\/div>\n<\/div>\n<div class=\"ITSr1\">\n<div class=\"ITSn\">Fernbedienung im Lieferumfang enthalten<\/div>\n<div class=\"ITSv\">Nein<\/div>\n<\/div>\n<div class=\"ITSr0\">\n<div class=\"ITSn\">Kurzanleitung<\/div>\n<div class=\"ITSv\">Ja<\/div>\n<\/div>\n<div class=\"ITSg\">Gewicht und Abmessungen<\/div>\n<div class=\"ITSr0\">\n<div class=\"ITSn\">Breite<\/div>\n<div class=\"ITSv\">223 mm<\/div>\n<\/div>\n<div class=\"ITSr1\">\n<div class=\"ITSn\">Tiefe<\/div>\n<div class=\"ITSv\">94 mm<\/div>\n<\/div>\n<div class=\"ITSr0\">\n<div class=\"ITSn\">H\u00f6he<\/div>\n<div class=\"ITSv\">96.5 mm<\/div>\n<\/div>\n<div class=\"ITSr1\">\n<div class=\"ITSn\">Gewicht<\/div>\n<div class=\"ITSv\">960 g<\/div>\n<\/div>\n<div class=\"ITSr0\">\n<div class=\"ITSn\">Breite des Packst\u00fccks<\/div>\n<div class=\"ITSv\">130 mm<\/div>\n<\/div>\n<div class=\"ITSr1\">\n<div class=\"ITSn\">Tiefe des Pakets<\/div>\n<div class=\"ITSv\">120 mm<\/div>\n<\/div>\n<div class=\"ITSr0\">\n<div class=\"ITSn\">H\u00f6he des Pakets<\/div>\n<div class=\"ITSv\">257 mm<\/div>\n<\/div>\n<div class=\"ITSr1\">\n<div class=\"ITSn\">Gewicht des Pakets<\/div>\n<div class=\"ITSv\">1,6 kg<\/div>\n<\/div>\n<div class=\"ITSg\">Technische Details<\/div>\n<div class=\"ITSr0\">\n<div class=\"ITSn\">GTIN der Palette (EAN\/UPC)<\/div>\n<div class=\"ITSv\">6925281982132<\/div>\n<\/div>\n<div class=\"ITSr1\">\n<div class=\"ITSn\">Nettogewicht der Palette<\/div>\n<div class=\"ITSv\">469.1 kg<\/div>\n<\/div>\n<div class=\"ITSg\">Logistikdaten<\/div>\n<div class=\"ITSr0\">\n<div class=\"ITSn\">Produkte pro Palettenschicht<\/div>\n<div class=\"ITSv\">24 St\u00fcck(e)<\/div>\n<\/div>\n<div class=\"ITSr1\">\n<div class=\"ITSn\">Klassifikationsnummer der Ausfuhrkontrolle (ECCN)<\/div>\n<div class=\"ITSv\">China<\/div>\n<\/div>\n<div class=\"ITSr0\">\n<div class=\"ITSn\">Rohl\u00e4nge der Palette<\/div>\n<div class=\"ITSv\">120 cm<\/div>\n<\/div>\n<div class=\"ITSr1\">\n<div class=\"ITSn\">Hauptschlie\u00dffach (extern) pro Palette<\/div>\n<div class=\"ITSv\">66 St\u00fcck(e)<\/div>\n<\/div>\n<div class=\"ITSr0\">\n<div class=\"ITSn\">Schichten pro Palette<\/div>\n<div class=\"ITSv\">11 St\u00fcck(e)<\/div>\n<\/div>\n<div class=\"ITSr1\">\n<div class=\"ITSn\">Produkte pro Palette<\/div>\n<div class=\"ITSv\">264 St\u00fcck<\/div>\n<\/div>\n<div class=\"ITSr0\">\n<div class=\"ITSn\">Breite des Hauptschlie\u00dffachs (extern)<\/div>\n<div class=\"ITSv\">27.4 cm<\/div>\n<\/div>\n<div class=\"ITSr1\">\n<div class=\"ITSn\">L\u00e4nge des Hauptschlie\u00dffachs (extern)<\/div>\n<div class=\"ITSv\">50.3 cm<\/div>\n<\/div>\n<div class=\"ITSr0\">\n<div class=\"ITSn\">H\u00f6he des Hauptschlie\u00dffachs (extern)<\/div>\n<div class=\"ITSv\">16.3 cm<\/div>\n<\/div>\n<div class=\"ITSr1\">\n<div class=\"ITSn\">Bruttogewicht des Hauptschlie\u00dffachs (extern)<\/div>\n<div class=\"ITSv\">7.11 kg<\/div>\n<\/div>\n<div class=\"ITSr0\">\n<div class=\"ITSn\">Hauptfachvolumen (extern)<\/div>\n<div class=\"ITSv\">0.022 cm3<\/div>\n<\/div>\n<div class=\"ITSr1\">\n<div class=\"ITSn\">GTIN des Hauptkartons (EAN\/UPC)<\/div>\n<div class=\"ITSv\">6925281982132<\/div>\n<\/div>\n<\/div>","protected":false},"excerpt":{"rendered":"<p>Nehmen Sie die Party mit, egal wie das Wetter ist. Der JBL Charge 5 bietet einen kraftvollen JBL Original Pro Sound mit optimiertem Long Range-Lautsprecher, separatem Hochfrequenz-Lautsprecher und zwei JBL-Bassheizk\u00f6rpern. Bis zu 20 Stunden Akkulaufzeit und ein praktisches tragbares Ladeger\u00e4t, damit Ihre Ger\u00e4te immer aufgeladen sind und Sie bis in die Nacht feiern k\u00f6nnen. Regen? Versch\u00fcttete Getr\u00e4nke? Sand? Entworfen nach IP67, ist der Charge 5 wasser- und staubdicht und \u00fcbersteht alles, was ihm in den Weg kommt. <p>Mit PartyBoost k\u00f6nnen Sie mehrere JBL-kompatible PartyBoost-Lautsprecher anschlie\u00dfen, um einen ausreichend lauten Klang f\u00fcr alle Menschenmassen zu erzielen. Mit brandneuen Farben, die von den neuesten urbanen Trends inspiriert sind, ist es so sch\u00f6n wie der Klang, den es erzeugt.<\/p><\/p>","protected":false},"featured_media":66577,"comment_status":"open","ping_status":"closed","template":"","meta":{"_seopress_robots_primary_cat":"","_seopress_titles_title":"","_seopress_titles_desc":"","_seopress_robots_index":"","_gspb_post_css":"","content-type":"","jetpack_post_was_ever_published":false,"jetpack_publicize_message":"","jetpack_publicize_feature_enabled":true,"jetpack_social_post_already_shared":true,"jetpack_social_options":{"image_generator_settings":{"template":"highway","default_image_id":0,"font":"","enabled":false},"version":2}},"product_brand":[779],"product_cat":[998],"product_tag":[],"class_list":{"0":"post-57262","1":"product","2":"type-product","3":"status-publish","4":"has-post-thumbnail","6":"product_brand-jbl","7":"product_cat-haut-parleurs-et-barres-de-son","8":"product_shipping_class-makant-standard","9":"pa_origine-dexpedition-union-europeenne-allemagne-2","11":"first","12":"instock","13":"taxable","14":"shipping-taxable","15":"purchasable","16":"product-type-simple"},"jetpack_publicize_connections":[],"jetpack_sharing_enabled":true,"_links":{"self":[{"href":"https:\/\/trendsbystylia.com\/de\/wp-json\/wp\/v2\/product\/57262","targetHints":{"allow":["GET"]}}],"collection":[{"href":"https:\/\/trendsbystylia.com\/de\/wp-json\/wp\/v2\/product"}],"about":[{"href":"https:\/\/trendsbystylia.com\/de\/wp-json\/wp\/v2\/types\/product"}],"replies":[{"embeddable":true,"href":"https:\/\/trendsbystylia.com\/de\/wp-json\/wp\/v2\/comments?post=57262"}],"wp:featuredmedia":[{"embeddable":true,"href":"https:\/\/trendsbystylia.com\/de\/wp-json\/wp\/v2\/media\/66577"}],"wp:attachment":[{"href":"https:\/\/trendsbystylia.com\/de\/wp-json\/wp\/v2\/media?parent=57262"}],"wp:term":[{"taxonomy":"product_brand","embeddable":true,"href":"https:\/\/trendsbystylia.com\/de\/wp-json\/wp\/v2\/product_brand?post=57262"},{"taxonomy":"product_cat","embeddable":true,"href":"https:\/\/trendsbystylia.com\/de\/wp-json\/wp\/v2\/product_cat?post=57262"},{"taxonomy":"product_tag","embeddable":true,"href":"https:\/\/trendsbystylia.com\/de\/wp-json\/wp\/v2\/product_tag?post=57262"}],"curies":[{"name":"wp","href":"https:\/\/api.w.org\/{rel}","templated":true}]}}