{"id":54702,"date":"2025-03-30T23:24:07","date_gmt":"2025-03-30T23:24:07","guid":{"rendered":"https:\/\/trendsbystylia.com\/?post_type=product&#038;p=54702"},"modified":"2025-04-06T19:17:37","modified_gmt":"2025-04-06T19:17:37","slug":"apple-airtag-4er-pack-mx542zy-a","status":"publish","type":"product","link":"https:\/\/trendsbystylia.com\/de\/produkt\/apple-airtag-4er-pack-mx542zy-a\/","title":{"rendered":"<p>Apple AirTag 4er Pack MX542ZY\/A<\/p>"},"content":{"rendered":"<div id=\"HTML_SPEC\" class=\"ITSs\">\n<div class=\"ITSg\">Merkmale<\/div>\n<div class=\"ITSr0\">\n<div class=\"ITSn\">Bluetooth<\/div>\n<div class=\"ITSv\">Ja<\/div>\n<\/div>\n<div class=\"ITSr1\">\n<div class=\"ITSn\">Produktfarbe<\/div>\n<div class=\"ITSv\">Silber, Wei\u00df<\/div>\n<\/div>\n<div class=\"ITSr0\">\n<div class=\"ITSn\">Kontaktloses Bezahlen<\/div>\n<div class=\"ITSv\">Ja<\/div>\n<\/div>\n<div class=\"ITSr1\">\n<div class=\"ITSn\">Code (IP) Internationaler Schutz<\/div>\n<div class=\"ITSv\">IP67<\/div>\n<\/div>\n<div class=\"ITSr0\">\n<div class=\"ITSn\">Integrierte Lautsprecher<\/div>\n<div class=\"ITSv\">Ja<\/div>\n<\/div>\n<div class=\"ITSr1\">\n<div class=\"ITSn\">Beschleunigungsmesser<\/div>\n<div class=\"ITSv\">Ja<\/div>\n<\/div>\n<div class=\"ITSr0\">\n<div class=\"ITSn\">Spritzwassergesch\u00fctzt<\/div>\n<div class=\"ITSv\">Ja<\/div>\n<\/div>\n<div class=\"ITSr1\">\n<div class=\"ITSn\">Wasserdicht<\/div>\n<div class=\"ITSv\">Ja<\/div>\n<\/div>\n<div class=\"ITSr0\">\n<div class=\"ITSn\">Staubdicht<\/div>\n<div class=\"ITSv\">Ja<\/div>\n<\/div>\n<div class=\"ITSr1\">\n<div class=\"ITSn\">Unterst\u00fctztes mobiles System<\/div>\n<div class=\"ITSv\">iOS 14.5<\/div>\n<\/div>\n<div class=\"ITSg\">Leistung<\/div>\n<div class=\"ITSr0\">\n<div class=\"ITSn\">Wiederaufladbare Batterie<\/div>\n<div class=\"ITSv\">Nein<\/div>\n<\/div>\n<div class=\"ITSr1\">\n<div class=\"ITSn\">Batterietyp<\/div>\n<div class=\"ITSv\">CR2032<\/div>\n<\/div>\n<div class=\"ITSr0\">\n<div class=\"ITSn\">Anzahl der unterst\u00fctzten Batterien<\/div>\n<div class=\"ITSv\">1<\/div>\n<\/div>\n<div class=\"ITSg\">Inhalt der Verpackung<\/div>\n<div class=\"ITSr0\">\n<div class=\"ITSn\">Menge<\/div>\n<div class=\"ITSv\">4 St\u00fcck(e)<\/div>\n<\/div>\n<div class=\"ITSr1\">\n<div class=\"ITSn\">Benutzerhandbuch<\/div>\n<div class=\"ITSv\">Ja<\/div>\n<\/div>\n<div class=\"ITSr0\">\n<div class=\"ITSn\">Mitgelieferte Batterien<\/div>\n<div class=\"ITSv\">Ja<\/div>\n<\/div>\n<div class=\"ITSg\">Gewicht und Abmessungen<\/div>\n<div class=\"ITSr0\">\n<div class=\"ITSn\">Durchmesser<\/div>\n<div class=\"ITSv\">3,19 cm<\/div>\n<\/div>\n<div class=\"ITSr1\">\n<div class=\"ITSn\">H\u00f6he<\/div>\n<div class=\"ITSv\">8 mm<\/div>\n<\/div>\n<div class=\"ITSr0\">\n<div class=\"ITSn\">Gewicht<\/div>\n<div class=\"ITSv\">11 g<\/div>\n<\/div>\n<\/div>","protected":false},"excerpt":{"rendered":"<p>Apple AirTag. Produktfarbe Silber, Wei\u00df, Mobiles System unterst\u00fctzt iOS 14.5, Code (IP) International Schutzart IP67. Batterietyp CR2032. Menge 4 St\u00fcck(e). Durchmesser 3,19 cm, H\u00f6he 8 mm, Gewicht 11 g<\/p>","protected":false},"featured_media":67024,"comment_status":"open","ping_status":"closed","template":"","meta":{"_seopress_robots_primary_cat":"","_seopress_titles_title":"","_seopress_titles_desc":"","_seopress_robots_index":"","_gspb_post_css":"","content-type":"","jetpack_post_was_ever_published":false,"jetpack_publicize_message":"","jetpack_publicize_feature_enabled":true,"jetpack_social_post_already_shared":true,"jetpack_social_options":{"image_generator_settings":{"template":"highway","default_image_id":0,"font":"","enabled":false},"version":2}},"product_brand":[737],"product_cat":[838,750],"product_tag":[],"class_list":{"0":"post-54702","1":"product","2":"type-product","3":"status-publish","4":"has-post-thumbnail","6":"product_brand-apple","7":"product_cat-accessoires-smartphones","8":"product_cat-accessoires-tablettes","9":"product_shipping_class-makant-standard","10":"pa_origine-dexpedition-union-europeenne-allemagne-2","12":"first","13":"instock","14":"taxable","15":"shipping-taxable","16":"purchasable","17":"product-type-simple"},"jetpack_publicize_connections":[],"jetpack_sharing_enabled":true,"_links":{"self":[{"href":"https:\/\/trendsbystylia.com\/de\/wp-json\/wp\/v2\/product\/54702","targetHints":{"allow":["GET"]}}],"collection":[{"href":"https:\/\/trendsbystylia.com\/de\/wp-json\/wp\/v2\/product"}],"about":[{"href":"https:\/\/trendsbystylia.com\/de\/wp-json\/wp\/v2\/types\/product"}],"replies":[{"embeddable":true,"href":"https:\/\/trendsbystylia.com\/de\/wp-json\/wp\/v2\/comments?post=54702"}],"wp:featuredmedia":[{"embeddable":true,"href":"https:\/\/trendsbystylia.com\/de\/wp-json\/wp\/v2\/media\/67024"}],"wp:attachment":[{"href":"https:\/\/trendsbystylia.com\/de\/wp-json\/wp\/v2\/media?parent=54702"}],"wp:term":[{"taxonomy":"product_brand","embeddable":true,"href":"https:\/\/trendsbystylia.com\/de\/wp-json\/wp\/v2\/product_brand?post=54702"},{"taxonomy":"product_cat","embeddable":true,"href":"https:\/\/trendsbystylia.com\/de\/wp-json\/wp\/v2\/product_cat?post=54702"},{"taxonomy":"product_tag","embeddable":true,"href":"https:\/\/trendsbystylia.com\/de\/wp-json\/wp\/v2\/product_tag?post=54702"}],"curies":[{"name":"wp","href":"https:\/\/api.w.org\/{rel}","templated":true}]}}