{"id":50626,"date":"2025-03-30T23:30:24","date_gmt":"2025-03-30T23:30:24","guid":{"rendered":"https:\/\/trendsbystylia.com\/?post_type=product&#038;p=50626"},"modified":"2025-04-02T00:44:34","modified_gmt":"2025-04-02T00:44:34","slug":"jabra-panacast-20-viedeoconferencing-system-8300-119","status":"publish","type":"product","link":"https:\/\/trendsbystylia.com\/de\/produkt\/jabra-panacast-20-viedeoconferencing-system-8300-119\/","title":{"rendered":"<p>Jabra PanaCast 20 Viedeoconferencing system \u2013 8300-119<\/p>"},"content":{"rendered":"<div id=\"HTML_SPEC\" class=\"ITSs\">\n<div class=\"ITSg\">Kamera<\/div>\n<div class=\"ITSr0\">\n<div class=\"ITSn\">Megapixel<\/div>\n<div class=\"ITSv\">13 MP<\/div>\n<\/div>\n<div class=\"ITSr1\">\n<div class=\"ITSn\">Art der Kamera<\/div>\n<div class=\"ITSv\">Einzelkamera<\/div>\n<\/div>\n<div class=\"ITSr0\">\n<div class=\"ITSn\">Digitaler Zoom<\/div>\n<div class=\"ITSv\">3 x<\/div>\n<\/div>\n<div class=\"ITSr1\">\n<div class=\"ITSn\">Blickwinkel (FOV)<\/div>\n<div class=\"ITSv\">117 \u00b0<\/div>\n<\/div>\n<div class=\"ITSr0\">\n<div class=\"ITSn\">aus horizontaler Sicht<\/div>\n<div class=\"ITSv\">90 \u00b0<\/div>\n<\/div>\n<div class=\"ITSr1\">\n<div class=\"ITSn\">aus vertikaler Sicht<\/div>\n<div class=\"ITSv\">75 \u00b0<\/div>\n<\/div>\n<div class=\"ITSr0\">\n<div class=\"ITSn\">PTZ-Steuerung<\/div>\n<div class=\"ITSv\">Ja<\/div>\n<\/div>\n<div class=\"ITSr1\">\n<div class=\"ITSn\">Bildformat<\/div>\n<div class=\"ITSv\">169<\/div>\n<\/div>\n<div class=\"ITSg\">Design<\/div>\n<div class=\"ITSr0\">\n<div class=\"ITSn\">Produktfarbe<\/div>\n<div class=\"ITSv\">Schwarz<\/div>\n<\/div>\n<div class=\"ITSr1\">\n<div class=\"ITSn\">Montageart<\/div>\n<div class=\"ITSv\">F\u00fc\u00dfe<\/div>\n<\/div>\n<div class=\"ITSg\">Video<\/div>\n<div class=\"ITSr0\">\n<div class=\"ITSn\">Maximale Videoaufl\u00f6sung<\/div>\n<div class=\"ITSv\">3840 x 2160 Pixel<\/div>\n<\/div>\n<div class=\"ITSr1\">\n<div class=\"ITSn\">Maximaler Durchsatz<\/div>\n<div class=\"ITSv\">30 fps<\/div>\n<\/div>\n<div class=\"ITSr0\">\n<div class=\"ITSn\">Typ HD<\/div>\n<div class=\"ITSv\">4K Ultra HD<\/div>\n<\/div>\n<div class=\"ITSr1\">\n<div class=\"ITSn\">Aufl\u00f6sung bei schnellen Aufnahmen<\/div>\n<div class=\"ITSv\">1280\u00d7720@30fps,1920\u00d71080@30fps,3840\u00d72160@30fps<\/div>\n<\/div>\n<div class=\"ITSr0\">\n<div class=\"ITSn\">Unterst\u00fctzte Grafikaufl\u00f6sungen<\/div>\n<div class=\"ITSv\">1280 x 720 (HD 720),1920 x 1080 (HD 1080),3840 x 2160<\/div>\n<\/div>\n<div class=\"ITSr1\">\n<div class=\"ITSn\">HDR-Unterst\u00fctzung<\/div>\n<div class=\"ITSv\">Ja<\/div>\n<\/div>\n<div class=\"ITSr0\">\n<div class=\"ITSn\">Bild\u00fcberlagerung (PIP)<\/div>\n<div class=\"ITSv\">Ja<\/div>\n<\/div>\n<div class=\"ITSg\">Minimale Systemanforderungen<\/div>\n<div class=\"ITSr0\">\n<div class=\"ITSn\">Unterst\u00fctzung des Windows-Betriebssystems<\/div>\n<div class=\"ITSv\">Windows 11<\/div>\n<\/div>\n<div class=\"ITSr1\">\n<div class=\"ITSn\">Unterst\u00fctzung des Mac-Betriebssystems<\/div>\n<div class=\"ITSv\">Mac OS X 10.9 Mavericks,Mac OS X 11.0 Big Sur<\/div>\n<\/div>\n<div class=\"ITSg\">Audio<\/div>\n<div class=\"ITSr0\">\n<div class=\"ITSn\">Integriertes Mikrofon<\/div>\n<div class=\"ITSv\">Ja<\/div>\n<\/div>\n<div class=\"ITSr1\">\n<div class=\"ITSn\">Anzahl der Mikrofone<\/div>\n<div class=\"ITSv\">3<\/div>\n<\/div>\n<div class=\"ITSr0\">\n<div class=\"ITSn\">Ansprechfrequenz des Mikrofons<\/div>\n<div class=\"ITSv\">100 \u2013 8000 Hz<\/div>\n<\/div>\n<div class=\"ITSr1\">\n<div class=\"ITSn\">Empfindlichkeit des Mikrofons<\/div>\n<div class=\"ITSv\">-37 dB<\/div>\n<\/div>\n<div class=\"ITSg\">Konnektivit\u00e4t<\/div>\n<div class=\"ITSr0\">\n<div class=\"ITSn\">Anzahl der USB-Typ-C-Ports 3.2 Gen 1 (3.1 Gen 1)<\/div>\n<div class=\"ITSv\">1<\/div>\n<\/div>\n<div class=\"ITSg\">Inhalt der Verpackung<\/div>\n<div class=\"ITSr0\">\n<div class=\"ITSn\">Kabel enthalten<\/div>\n<div class=\"ITSv\">USB<\/div>\n<\/div>\n<div class=\"ITSr1\">\n<div class=\"ITSn\">L\u00e4nge des USB-Kabels<\/div>\n<div class=\"ITSv\">1,5 m<\/div>\n<\/div>\n<div class=\"ITSg\">Gewicht und Abmessungen<\/div>\n<div class=\"ITSr0\">\n<div class=\"ITSn\">Breite<\/div>\n<div class=\"ITSv\">44 mm<\/div>\n<\/div>\n<div class=\"ITSr1\">\n<div class=\"ITSn\">Tiefe<\/div>\n<div class=\"ITSv\">90 mm<\/div>\n<\/div>\n<div class=\"ITSr0\">\n<div class=\"ITSn\">H\u00f6he<\/div>\n<div class=\"ITSv\">25 mm<\/div>\n<\/div>\n<div class=\"ITSr1\">\n<div class=\"ITSn\">Gewicht<\/div>\n<div class=\"ITSv\">136 g<\/div>\n<\/div>\n<div class=\"ITSg\">Angaben auf der Verpackung<\/div>\n<div class=\"ITSr0\">\n<div class=\"ITSn\">Breite des Packst\u00fccks<\/div>\n<div class=\"ITSv\">160 mm<\/div>\n<\/div>\n<div class=\"ITSr1\">\n<div class=\"ITSn\">Tiefe des Pakets<\/div>\n<div class=\"ITSv\">130 mm<\/div>\n<\/div>\n<div class=\"ITSr0\">\n<div class=\"ITSn\">H\u00f6he des Pakets<\/div>\n<div class=\"ITSv\">50 mm<\/div>\n<\/div>\n<\/div>","protected":false},"excerpt":{"rendered":"<p>Jabra PanaCast 20. Megapixel 13 MP. Typ HD 4K Ultra HD, Maximale Videoaufl\u00f6sung 3840 x 2160 Pixel, Maximale Bildrate 30 fps. Betrachtungswinkel (FOV) 117\u00b0, Digitalzoom 3x. Montageart F\u00fc\u00dfe, Produktfarbe Schwarz<\/p>","protected":false},"featured_media":67427,"comment_status":"open","ping_status":"closed","template":"","meta":{"_seopress_robots_primary_cat":"","_seopress_titles_title":"","_seopress_titles_desc":"","_seopress_robots_index":"","_gspb_post_css":"","content-type":"","jetpack_post_was_ever_published":false,"jetpack_publicize_message":"","jetpack_publicize_feature_enabled":true,"jetpack_social_post_already_shared":true,"jetpack_social_options":{"image_generator_settings":{"template":"highway","default_image_id":0,"font":"","enabled":false},"version":2}},"product_brand":[896],"product_cat":[746],"product_tag":[],"class_list":{"0":"post-50626","1":"product","2":"type-product","3":"status-publish","4":"has-post-thumbnail","6":"product_brand-jabra","7":"product_cat-webcams","8":"product_shipping_class-makant-standard","9":"pa_origine-dexpedition-union-europeenne-allemagne-2","11":"first","12":"instock","13":"taxable","14":"shipping-taxable","15":"purchasable","16":"product-type-simple"},"jetpack_publicize_connections":[],"jetpack_sharing_enabled":true,"_links":{"self":[{"href":"https:\/\/trendsbystylia.com\/de\/wp-json\/wp\/v2\/product\/50626","targetHints":{"allow":["GET"]}}],"collection":[{"href":"https:\/\/trendsbystylia.com\/de\/wp-json\/wp\/v2\/product"}],"about":[{"href":"https:\/\/trendsbystylia.com\/de\/wp-json\/wp\/v2\/types\/product"}],"replies":[{"embeddable":true,"href":"https:\/\/trendsbystylia.com\/de\/wp-json\/wp\/v2\/comments?post=50626"}],"wp:featuredmedia":[{"embeddable":true,"href":"https:\/\/trendsbystylia.com\/de\/wp-json\/wp\/v2\/media\/67427"}],"wp:attachment":[{"href":"https:\/\/trendsbystylia.com\/de\/wp-json\/wp\/v2\/media?parent=50626"}],"wp:term":[{"taxonomy":"product_brand","embeddable":true,"href":"https:\/\/trendsbystylia.com\/de\/wp-json\/wp\/v2\/product_brand?post=50626"},{"taxonomy":"product_cat","embeddable":true,"href":"https:\/\/trendsbystylia.com\/de\/wp-json\/wp\/v2\/product_cat?post=50626"},{"taxonomy":"product_tag","embeddable":true,"href":"https:\/\/trendsbystylia.com\/de\/wp-json\/wp\/v2\/product_tag?post=50626"}],"curies":[{"name":"wp","href":"https:\/\/api.w.org\/{rel}","templated":true}]}}