{"id":4959,"date":"2025-03-07T22:02:20","date_gmt":"2025-03-07T22:02:20","guid":{"rendered":"https:\/\/trendsbystylia.com\/produit\/chaise-de-salle-a-manger-nordique-creuse-geometrique-pour-adulte\/"},"modified":"2025-03-23T21:58:40","modified_gmt":"2025-03-23T21:58:40","slug":"chaise-de-salle-a-manger-nordique-creuse-geometrique-pour-adulte","status":"publish","type":"product","link":"https:\/\/trendsbystylia.com\/de\/produkt\/chaise-de-salle-a-manger-nordique-creuse-geometrique-pour-adulte\/","title":{"rendered":"<p>Geometrischer hohler nordischer Esszimmerstuhl f\u00fcr Erwachsene<\/p>"},"content":{"rendered":"<p>&nbsp;<p><img data-recalc-dims=\"1\" decoding=\"async\" src=\"https:\/\/i0.wp.com\/cbu01.alicdn.com\/img\/ibank\/O1CN01ZJhCfz2FJ12IcNnAz_%21%212211859408858-0-cib.jpg?w=1290&amp;ssl=1\" alt=\"sup\"><\/p><p><img data-recalc-dims=\"1\" decoding=\"async\" src=\"https:\/\/i0.wp.com\/cbu01.alicdn.com\/img\/ibank\/O1CN01ZJhCfz2FJ12IcNnAz_%21%212211859408858-0-cib.jpg?w=1290&amp;ssl=1\" alt=\"sup\"><\/p><p><img data-recalc-dims=\"1\" decoding=\"async\" src=\"https:\/\/i0.wp.com\/cbu01.alicdn.com\/img\/ibank\/O1CN01fWUpxN2FJ12KpQWyB_%21%212211859408858-0-cib.jpg?w=1290&amp;ssl=1\" alt=\"sup\"><\/p><p><img data-recalc-dims=\"1\" decoding=\"async\" src=\"https:\/\/i0.wp.com\/cbu01.alicdn.com\/img\/ibank\/O1CN01lPsmuj2FJ12J6jIpx_%21%212211859408858-0-cib.jpg?w=1290&amp;ssl=1\" alt=\"sup\"><\/p><p><img data-recalc-dims=\"1\" decoding=\"async\" src=\"https:\/\/i0.wp.com\/cbu01.alicdn.com\/img\/ibank\/O1CN012B4iiX2FJ12KpPrLx_%21%212211859408858-0-cib.jpg?w=1290&amp;ssl=1\" alt=\"sup\"><\/p><p><img data-recalc-dims=\"1\" decoding=\"async\" src=\"https:\/\/i0.wp.com\/cbu01.alicdn.com\/img\/ibank\/O1CN01HsJLPZ2FJ12B0Dc4G_%21%212211859408858-0-cib.jpg?w=1290&amp;ssl=1\" alt=\"sup\"><\/p><p><img data-recalc-dims=\"1\" decoding=\"async\" src=\"https:\/\/i0.wp.com\/cbu01.alicdn.com\/img\/ibank\/O1CN01yDgobH2FJ12IcKyUw_%21%212211859408858-0-cib.jpg?w=1290&amp;ssl=1\" alt=\"sup\"><\/p><p><img data-recalc-dims=\"1\" decoding=\"async\" src=\"https:\/\/i0.wp.com\/cbu01.alicdn.com\/img\/ibank\/O1CN01iDTFTw2FJ12D2boUv_%21%212211859408858-0-cib.jpg?w=1290&amp;ssl=1\" alt=\"sup\"><\/p><p><img data-recalc-dims=\"1\" decoding=\"async\" src=\"https:\/\/i0.wp.com\/cbu01.alicdn.com\/img\/ibank\/O1CN01a2ZON62FJ12K8Y4ko_%21%212211859408858-0-cib.jpg?w=1290&amp;ssl=1\" alt=\"sup\"><\/p><p><img data-recalc-dims=\"1\" decoding=\"async\" src=\"https:\/\/i0.wp.com\/cbu01.alicdn.com\/img\/ibank\/O1CN01B1p7LV2FJ12HkDK2v_%21%212211859408858-0-cib.jpg?w=1290&amp;ssl=1\" alt=\"sup\"><\/p><p><img data-recalc-dims=\"1\" decoding=\"async\" src=\"https:\/\/i0.wp.com\/cbu01.alicdn.com\/img\/ibank\/O1CN012CrJP22FJ12CSHqr3_%21%212211859408858-0-cib.jpg?w=1290&amp;ssl=1\" alt=\"sup\"><\/p><p><img data-recalc-dims=\"1\" decoding=\"async\" src=\"https:\/\/i0.wp.com\/cbu01.alicdn.com\/img\/ibank\/O1CN016YMAC92FJ12FYpyF7_%21%212211859408858-0-cib.jpg?w=1290&amp;ssl=1\" alt=\"sup\"><\/p><p><img data-recalc-dims=\"1\" decoding=\"async\" src=\"https:\/\/i0.wp.com\/cbu01.alicdn.com\/img\/ibank\/O1CN01X9FRpK2FJ12KpPagl_%21%212211859408858-0-cib.jpg?w=1290&amp;ssl=1\" alt=\"sup\"><\/p><p>&nbsp;<\/p><p>&nbsp;<\/p><p>&nbsp;<\/p><p>&nbsp;<\/p><p>&nbsp;<\/p><p>&nbsp;<\/p><p>&nbsp;<\/p><p><img decoding=\"async\" src=\"https:\/\/cbu01.Alicdn.com\/IMG\/IMAK\/O1cn01tu70JK2FJ14444444444446\/&gt;&lt;br%20\/&gt;&lt;img%20src=\" alt=\"sup\"><\/p><\/p>","protected":false},"excerpt":{"rendered":"<p>Geometrischer hohler nordischer Esszimmerstuhl f\u00fcr Erwachsene<\/p>","protected":false},"featured_media":4979,"comment_status":"open","ping_status":"closed","template":"","meta":{"_seopress_robots_primary_cat":"none","_seopress_titles_title":"Chaise de salle \u00e0 manger nordique creuse g\u00e9om\u00e9trique pour adulte","_seopress_titles_desc":"Chaise de salle \u00e0 manger nordique Chaise en plastique Chaise de salle \u00e0 manger nordique creuse g\u00e9om\u00e9trique pour adulte Chaise d'ext\u00e9rieur Chaise de loisirs Spot en gros","_seopress_robots_index":"","_gspb_post_css":"","content-type":"","jetpack_post_was_ever_published":false,"jetpack_publicize_message":"","jetpack_publicize_feature_enabled":true,"jetpack_social_post_already_shared":true,"jetpack_social_options":{"image_generator_settings":{"template":"highway","default_image_id":0,"font":"","enabled":false},"version":2}},"location":[],"product_brand":[],"product_cat":[46,103,40],"product_tag":[],"class_list":{"0":"post-4959","1":"product","2":"type-product","3":"status-publish","4":"has-post-thumbnail","6":"product_cat-maison-chaises","7":"product_cat-mobilier-meubles","8":"product_cat-mobilier-maison","9":"product_shipping_class-hors-ue-oversize-bulk","11":"first","12":"instock","13":"taxable","14":"shipping-taxable","15":"purchasable","16":"product-type-variable"},"jetpack_publicize_connections":[],"locations":[],"jetpack_sharing_enabled":true,"_links":{"self":[{"href":"https:\/\/trendsbystylia.com\/de\/wp-json\/wp\/v2\/product\/4959","targetHints":{"allow":["GET"]}}],"collection":[{"href":"https:\/\/trendsbystylia.com\/de\/wp-json\/wp\/v2\/product"}],"about":[{"href":"https:\/\/trendsbystylia.com\/de\/wp-json\/wp\/v2\/types\/product"}],"replies":[{"embeddable":true,"href":"https:\/\/trendsbystylia.com\/de\/wp-json\/wp\/v2\/comments?post=4959"}],"wp:featuredmedia":[{"embeddable":true,"href":"https:\/\/trendsbystylia.com\/de\/wp-json\/wp\/v2\/media\/4979"}],"wp:attachment":[{"href":"https:\/\/trendsbystylia.com\/de\/wp-json\/wp\/v2\/media?parent=4959"}],"wp:term":[{"taxonomy":"location","embeddable":true,"href":"https:\/\/trendsbystylia.com\/de\/wp-json\/wp\/v2\/location?post=4959"},{"taxonomy":"product_brand","embeddable":true,"href":"https:\/\/trendsbystylia.com\/de\/wp-json\/wp\/v2\/product_brand?post=4959"},{"taxonomy":"product_cat","embeddable":true,"href":"https:\/\/trendsbystylia.com\/de\/wp-json\/wp\/v2\/product_cat?post=4959"},{"taxonomy":"product_tag","embeddable":true,"href":"https:\/\/trendsbystylia.com\/de\/wp-json\/wp\/v2\/product_tag?post=4959"}],"curies":[{"name":"wp","href":"https:\/\/api.w.org\/{rel}","templated":true}]}}