{"id":4669,"date":"2025-03-07T17:19:12","date_gmt":"2025-03-07T17:19:12","guid":{"rendered":"https:\/\/trendsbystylia.com\/produit\/fourniture-directe-dusine-de-nouveau-modele-prive-denregistrement-de-jeu-microphone-a-condensateur-usb-live-k-song-computer-desktop-microphone-set\/"},"modified":"2025-03-23T22:03:25","modified_gmt":"2025-03-23T22:03:25","slug":"fourniture-directe-dusine-de-nouveau-modele-prive-denregistrement-de-jeu-microphone-a-condensateur-usb-live-k-song-computer-desktop-microphone-set","status":"publish","type":"product","link":"https:\/\/trendsbystylia.com\/de\/produkt\/fourniture-directe-dusine-de-nouveau-modele-prive-denregistrement-de-jeu-microphone-a-condensateur-usb-live-k-song-computer-desktop-microphone-set\/","title":{"rendered":"<p>USB-Live-Kondensatormikrofon<\/p>"},"content":{"rendered":"<p>&nbsp;<p><strong>Merkmale:<\/strong><\/p><p>? Omnidirektional \u2013 Ton aufnehmen<\/p><p>Der Ton aus allen Richtungen des Mikrofons kann gleichm\u00e4\u00dfig aufgenommen werden.<\/p><p>? Hohe Abtastrate \u2013 stellt einen klaren Klang wieder her<\/p><p>Hervorragende Wiedergabe jeder Note, genaue Erfassung von Sprachsignalen, scharfen H\u00f6hen, stabilen Mitten und tiefen B\u00e4ssen, ohne Verz\u00f6gerung oder Verz\u00f6gerung.<\/p><p>? Verbesserung der L\u00e4rmreduzierung \u2013 empfindliches Mikro<\/p><p>Der Rauschunterdr\u00fcckungseffekt ist gut und die hochwertige Korrosionsschutzschaltung wird im Inneren verwendet, wodurch die menschliche Eingangsstimme und der Umgebungsl\u00e4rm perfekt gehandhabt werden und die menschliche Stimme genau erzeugt wird.<\/p><p>? USB-Schnittstelle \u2013 Plug-and-Play<\/p><p>Das USB-Kabel ist mit einem Magnetring ausgestattet, um St\u00f6rungen durch Stromeinwirkung beim Anschlie\u00dfen und Trennen des Kabels zu vermeiden, elektromagnetische St\u00f6rungen im Weltraum zu verhindern und die \u00dcbertragung stabiler zu machen.<\/p><p>? Kann an verschiedene Ger\u00e4te angeschlossen werden \u2013 kompatibel mit 99\u00a0% Live-Streaming auf Computersoftware<\/p><p>Kompatibel mit einer Vielzahl von Computerversionen der Live-Streaming-Software, K-Song, Spielen, Live-Streaming, Chatten, Aufnehmen, Spielen f\u00fcr die \u00d6ffentlichkeit.<\/p><p>&nbsp;<\/p><p><strong>Anwendungsbereich:<\/strong><\/p><p>Unterhaltungschat, Gesch\u00e4ftstreffen, Videostimmen, Gesang und Aufnahmen, Spielstimmen, Live-Streaming von Prominenten \u00fcber das Internet, Online-Song K usw.<\/p><p>&nbsp;<\/p><p><img data-recalc-dims=\"1\" alt=\"\" decoding=\"async\" class=\"alignleft wp-image-5217 size-full\" src=\"https:\/\/i0.wp.com\/trendsbystylia.com\/wp-content\/uploads\/2025\/03\/image-11-1.webp?resize=750%2C913&amp;ssl=1\" width=\"750\" height=\"913\" srcset=\"https:\/\/i0.wp.com\/trendsbystylia.com\/wp-content\/uploads\/2025\/03\/image-11-1.webp?w=750&amp;ssl=1 750w, https:\/\/i0.wp.com\/trendsbystylia.com\/wp-content\/uploads\/2025\/03\/image-11-1.webp?resize=246%2C300&amp;ssl=1 246w, https:\/\/i0.wp.com\/trendsbystylia.com\/wp-content\/uploads\/2025\/03\/image-11-1.webp?resize=10%2C12&amp;ssl=1 10w, https:\/\/i0.wp.com\/trendsbystylia.com\/wp-content\/uploads\/2025\/03\/image-11-1.webp?resize=500%2C609&amp;ssl=1 500w, https:\/\/i0.wp.com\/trendsbystylia.com\/wp-content\/uploads\/2025\/03\/image-11-1.webp?resize=600%2C730&amp;ssl=1 600w\" sizes=\"(max-width: 750px) 100vw, 750px\"><\/p><p>&nbsp;<\/p><p><img data-recalc-dims=\"1\" alt=\"\" decoding=\"async\" class=\"alignleft wp-image-5218 size-full\" src=\"https:\/\/i0.wp.com\/trendsbystylia.com\/wp-content\/uploads\/2025\/03\/image-12-1.webp?resize=750%2C520&amp;ssl=1\" width=\"750\" height=\"520\" srcset=\"https:\/\/i0.wp.com\/trendsbystylia.com\/wp-content\/uploads\/2025\/03\/image-12-1.webp?w=750&amp;ssl=1 750w, https:\/\/i0.wp.com\/trendsbystylia.com\/wp-content\/uploads\/2025\/03\/image-12-1.webp?resize=300%2C208&amp;ssl=1 300w, https:\/\/i0.wp.com\/trendsbystylia.com\/wp-content\/uploads\/2025\/03\/image-12-1.webp?resize=18%2C12&amp;ssl=1 18w, https:\/\/i0.wp.com\/trendsbystylia.com\/wp-content\/uploads\/2025\/03\/image-12-1.webp?resize=500%2C347&amp;ssl=1 500w, https:\/\/i0.wp.com\/trendsbystylia.com\/wp-content\/uploads\/2025\/03\/image-12-1.webp?resize=600%2C416&amp;ssl=1 600w\" sizes=\"(max-width: 750px) 100vw, 750px\"><\/p><p>&nbsp;<\/p><p><img data-recalc-dims=\"1\" alt=\"\" decoding=\"async\" class=\"alignleft wp-image-5219 size-full\" src=\"https:\/\/i0.wp.com\/trendsbystylia.com\/wp-content\/uploads\/2025\/03\/image-13.webp?resize=750%2C926&amp;ssl=1\" width=\"750\" height=\"926\" srcset=\"https:\/\/i0.wp.com\/trendsbystylia.com\/wp-content\/uploads\/2025\/03\/image-13.webp?w=750&amp;ssl=1 750w, https:\/\/i0.wp.com\/trendsbystylia.com\/wp-content\/uploads\/2025\/03\/image-13.webp?resize=243%2C300&amp;ssl=1 243w, https:\/\/i0.wp.com\/trendsbystylia.com\/wp-content\/uploads\/2025\/03\/image-13.webp?resize=10%2C12&amp;ssl=1 10w, https:\/\/i0.wp.com\/trendsbystylia.com\/wp-content\/uploads\/2025\/03\/image-13.webp?resize=500%2C617&amp;ssl=1 500w, https:\/\/i0.wp.com\/trendsbystylia.com\/wp-content\/uploads\/2025\/03\/image-13.webp?resize=600%2C741&amp;ssl=1 600w\" sizes=\"(max-width: 750px) 100vw, 750px\"><\/p><p><img data-recalc-dims=\"1\" alt=\"\" decoding=\"async\" class=\"alignleft wp-image-5220 size-full\" src=\"https:\/\/i0.wp.com\/trendsbystylia.com\/wp-content\/uploads\/2025\/03\/image-14.webp?resize=750%2C996&amp;ssl=1\" width=\"750\" height=\"996\" srcset=\"https:\/\/i0.wp.com\/trendsbystylia.com\/wp-content\/uploads\/2025\/03\/image-14.webp?w=750&amp;ssl=1 750w, https:\/\/i0.wp.com\/trendsbystylia.com\/wp-content\/uploads\/2025\/03\/image-14.webp?resize=226%2C300&amp;ssl=1 226w, https:\/\/i0.wp.com\/trendsbystylia.com\/wp-content\/uploads\/2025\/03\/image-14.webp?resize=9%2C12&amp;ssl=1 9w, https:\/\/i0.wp.com\/trendsbystylia.com\/wp-content\/uploads\/2025\/03\/image-14.webp?resize=500%2C664&amp;ssl=1 500w, https:\/\/i0.wp.com\/trendsbystylia.com\/wp-content\/uploads\/2025\/03\/image-14.webp?resize=600%2C797&amp;ssl=1 600w\" sizes=\"(max-width: 750px) 100vw, 750px\"><\/p><p>&nbsp;<\/p><p><img data-recalc-dims=\"1\" alt=\"\" decoding=\"async\" class=\"alignleft wp-image-5221 size-full\" src=\"https:\/\/i0.wp.com\/trendsbystylia.com\/wp-content\/uploads\/2025\/03\/image-15.webp?resize=750%2C1431&amp;ssl=1\" width=\"750\" height=\"1431\" srcset=\"https:\/\/i0.wp.com\/trendsbystylia.com\/wp-content\/uploads\/2025\/03\/image-15.webp?w=750&amp;ssl=1 750w, https:\/\/i0.wp.com\/trendsbystylia.com\/wp-content\/uploads\/2025\/03\/image-15.webp?resize=157%2C300&amp;ssl=1 157w, https:\/\/i0.wp.com\/trendsbystylia.com\/wp-content\/uploads\/2025\/03\/image-15.webp?resize=537%2C1024&amp;ssl=1 537w, https:\/\/i0.wp.com\/trendsbystylia.com\/wp-content\/uploads\/2025\/03\/image-15.webp?resize=6%2C12&amp;ssl=1 6w, https:\/\/i0.wp.com\/trendsbystylia.com\/wp-content\/uploads\/2025\/03\/image-15.webp?resize=500%2C954&amp;ssl=1 500w, https:\/\/i0.wp.com\/trendsbystylia.com\/wp-content\/uploads\/2025\/03\/image-15.webp?resize=600%2C1145&amp;ssl=1 600w\" sizes=\"(max-width: 750px) 100vw, 750px\"><\/p><p><img data-recalc-dims=\"1\" alt=\"\" decoding=\"async\" class=\"alignleft wp-image-5222 size-full\" src=\"https:\/\/i0.wp.com\/trendsbystylia.com\/wp-content\/uploads\/2025\/03\/image-16.webp?resize=750%2C464&amp;ssl=1\" width=\"750\" height=\"464\" srcset=\"https:\/\/i0.wp.com\/trendsbystylia.com\/wp-content\/uploads\/2025\/03\/image-16.webp?w=750&amp;ssl=1 750w, https:\/\/i0.wp.com\/trendsbystylia.com\/wp-content\/uploads\/2025\/03\/image-16.webp?resize=300%2C186&amp;ssl=1 300w, https:\/\/i0.wp.com\/trendsbystylia.com\/wp-content\/uploads\/2025\/03\/image-16.webp?resize=18%2C12&amp;ssl=1 18w, https:\/\/i0.wp.com\/trendsbystylia.com\/wp-content\/uploads\/2025\/03\/image-16.webp?resize=500%2C309&amp;ssl=1 500w, https:\/\/i0.wp.com\/trendsbystylia.com\/wp-content\/uploads\/2025\/03\/image-16.webp?resize=600%2C371&amp;ssl=1 600w\" sizes=\"(max-width: 750px) 100vw, 750px\"><\/p><p><img decoding=\"async\" style=\"display: none;\" src=\"https:\/\/www.o0b.cn\/i.php?t.png&amp;rid=gw-1.627095aa3c650&amp;p=148116192&amp;k=87158&amp;t=1651545515\"><\/p><p>&nbsp;<\/p><\/p>","protected":false},"excerpt":{"rendered":"<p>Direkte Lieferung ab Werk neues Registrierungsmodell. USB Live K Kondensatormikrofon Desktop-Mikrofon-Set f\u00fcr Computer<\/p>","protected":false},"featured_media":5223,"comment_status":"open","ping_status":"closed","template":"","meta":{"_seopress_robots_primary_cat":"none","_seopress_titles_title":"Microphone \u00e0 condensateur USB - Ensemble de microphones de bureau pour ordinateur","_seopress_titles_desc":"Fourniture directe d'usine nouveau mod\u00e8le d'enregistrement. Microphone \u00e0 condensateur USB Live K Ensemble de microphones de bureau pour ordinateur","_seopress_robots_index":"","_seopress_analysis_target_kw":"","_gspb_post_css":"","content-type":""},"product_brand":[],"product_cat":[100,42],"product_tag":[],"class_list":{"0":"post-4669","1":"product","2":"type-product","3":"status-publish","4":"has-post-thumbnail","6":"product_cat-high-tech-audio-et-video","7":"product_cat-high-tech","8":"product_shipping_class-hors-ue-standard","10":"first","11":"instock","12":"taxable","13":"shipping-taxable","14":"purchasable","15":"product-type-variable"},"jetpack_sharing_enabled":true,"_links":{"self":[{"href":"https:\/\/trendsbystylia.com\/de\/wp-json\/wp\/v2\/product\/4669","targetHints":{"allow":["GET"]}}],"collection":[{"href":"https:\/\/trendsbystylia.com\/de\/wp-json\/wp\/v2\/product"}],"about":[{"href":"https:\/\/trendsbystylia.com\/de\/wp-json\/wp\/v2\/types\/product"}],"replies":[{"embeddable":true,"href":"https:\/\/trendsbystylia.com\/de\/wp-json\/wp\/v2\/comments?post=4669"}],"wp:featuredmedia":[{"embeddable":true,"href":"https:\/\/trendsbystylia.com\/de\/wp-json\/wp\/v2\/media\/5223"}],"wp:attachment":[{"href":"https:\/\/trendsbystylia.com\/de\/wp-json\/wp\/v2\/media?parent=4669"}],"wp:term":[{"taxonomy":"product_brand","embeddable":true,"href":"https:\/\/trendsbystylia.com\/de\/wp-json\/wp\/v2\/product_brand?post=4669"},{"taxonomy":"product_cat","embeddable":true,"href":"https:\/\/trendsbystylia.com\/de\/wp-json\/wp\/v2\/product_cat?post=4669"},{"taxonomy":"product_tag","embeddable":true,"href":"https:\/\/trendsbystylia.com\/de\/wp-json\/wp\/v2\/product_tag?post=4669"}],"curies":[{"name":"wp","href":"https:\/\/api.w.org\/{rel}","templated":true}]}}