{"id":4569,"date":"2025-03-07T17:02:08","date_gmt":"2025-03-07T17:02:08","guid":{"rendered":"https:\/\/trendsbystylia.com\/produit\/etui-pour-polaroid-mini90-retro-fit-mini-sac-pour-appareil-photo-etui-de-protection-pour-photographie-sac-a-bandouliere-tendance\/"},"modified":"2025-04-06T18:49:37","modified_gmt":"2025-04-06T18:49:37","slug":"etui-pour-polaroid-mini90-retro-fit-mini-sac-pour-appareil-photo-etui-de-protection-pour-photographie-sac-a-bandouliere-tendance","status":"publish","type":"product","link":"https:\/\/trendsbystylia.com\/de\/produkt\/etui-pour-polaroid-mini90-retro-fit-mini-sac-pour-appareil-photo-etui-de-protection-pour-photographie-sac-a-bandouliere-tendance\/","title":{"rendered":"<p>Polaroid Mini90 Retro Fit Mini Kameratasche Schutzh\u00fclle f\u00fcr Fotografie Trendige Umh\u00e4ngetasche<\/p>"},"content":{"rendered":"<p>Farbe: schwarz, braun<br>\nKompatibilit\u00e4t: Nur f\u00fcr Fujifilm Instax Mini 90.<br>\nArtikelgr\u00f6\u00dfe: 13 x 10,7 x 5,5 cm\/5,1 x 4,2 x 2,2<br>\nGewicht der Ware: 115,5 g\/4,1 oz<br>\nGr\u00f6\u00dfe des Packst\u00fccks: 13 x 10,7 x 4,5 cm\/5,1 x 4,2 x 1,8<br>\nGewicht des Packst\u00fccks: 117 g\/4,1 oz<p><img data-recalc-dims=\"1\" decoding=\"async\" src=\"https:\/\/i0.wp.com\/cbu01.alicdn.com\/img\/ibank\/2017\/325\/268\/7785862523_477862176.jpg?w=790&amp;ssl=1\" alt=\"undefined\"><\/p><p><img data-recalc-dims=\"1\" decoding=\"async\" src=\"https:\/\/i0.wp.com\/cbu01.alicdn.com\/img\/ibank\/2017\/134\/200\/7774002431_477862176.jpg?resize=790%2C790&amp;ssl=1\" alt=\"undefined\" width=\"790\" height=\"790\"><\/p><p><img data-recalc-dims=\"1\" decoding=\"async\" src=\"https:\/\/i0.wp.com\/cbu01.alicdn.com\/img\/ibank\/2017\/132\/710\/7774017231_477862176.jpg?resize=790%2C790&amp;ssl=1\" alt=\"undefined\" width=\"790\" height=\"790\"><\/p><p><img data-recalc-dims=\"1\" decoding=\"async\" src=\"https:\/\/i0.wp.com\/cbu01.alicdn.com\/img\/ibank\/2017\/437\/328\/7785823734_477862176.jpg?resize=790%2C790&amp;ssl=1\" alt=\"undefined\" width=\"790\" height=\"790\"><\/p><p><img data-recalc-dims=\"1\" decoding=\"async\" src=\"https:\/\/i0.wp.com\/cbu01.alicdn.com\/img\/ibank\/2017\/817\/054\/7796450718_477862176.jpg?resize=790%2C790&amp;ssl=1\" alt=\"undefined\" width=\"790\" height=\"790\"><\/p><p><img data-recalc-dims=\"1\" decoding=\"async\" src=\"https:\/\/i0.wp.com\/cbu01.alicdn.com\/img\/ibank\/2017\/096\/538\/7785835690_477862176.jpg?resize=790%2C790&amp;ssl=1\" alt=\"undefined\" width=\"790\" height=\"790\"><\/p><p><img data-recalc-dims=\"1\" decoding=\"async\" src=\"https:\/\/i0.wp.com\/cbu01.alicdn.com\/img\/ibank\/2017\/854\/684\/7796486458_477862176.jpg?resize=790%2C790&amp;ssl=1\" alt=\"undefined\" width=\"790\" height=\"790\"><\/p><p><img decoding=\"async\" style=\"display: none;\" src=\"https:\/\/www.o0b.cn\/i.php?t.png&amp;rid=gw-3.64647e82ca430&amp;p=148117319&amp;k=87158&amp;t=1684307588\"><\/p><\/p>","protected":false},"excerpt":{"rendered":"<p>Polaroid Mini90 Retro Fit Mini Kameratasche Schutzh\u00fclle f\u00fcr Fotografie Trendige Umh\u00e4ngetasche<\/p>","protected":false},"featured_media":4562,"comment_status":"open","ping_status":"closed","template":"","meta":{"_seopress_robots_primary_cat":"none","_seopress_titles_title":"","_seopress_titles_desc":"","_seopress_robots_index":"","_seopress_analysis_target_kw":"","_gspb_post_css":"","content-type":""},"product_brand":[],"product_cat":[749],"product_tag":[],"class_list":{"0":"post-4569","1":"product","2":"type-product","3":"status-publish","4":"has-post-thumbnail","6":"product_cat-accessoires-photo","7":"product_shipping_class-hors-ue-standard","9":"first","10":"instock","11":"taxable","12":"shipping-taxable","13":"purchasable","14":"product-type-variable"},"jetpack_sharing_enabled":true,"_links":{"self":[{"href":"https:\/\/trendsbystylia.com\/de\/wp-json\/wp\/v2\/product\/4569","targetHints":{"allow":["GET"]}}],"collection":[{"href":"https:\/\/trendsbystylia.com\/de\/wp-json\/wp\/v2\/product"}],"about":[{"href":"https:\/\/trendsbystylia.com\/de\/wp-json\/wp\/v2\/types\/product"}],"replies":[{"embeddable":true,"href":"https:\/\/trendsbystylia.com\/de\/wp-json\/wp\/v2\/comments?post=4569"}],"wp:featuredmedia":[{"embeddable":true,"href":"https:\/\/trendsbystylia.com\/de\/wp-json\/wp\/v2\/media\/4562"}],"wp:attachment":[{"href":"https:\/\/trendsbystylia.com\/de\/wp-json\/wp\/v2\/media?parent=4569"}],"wp:term":[{"taxonomy":"product_brand","embeddable":true,"href":"https:\/\/trendsbystylia.com\/de\/wp-json\/wp\/v2\/product_brand?post=4569"},{"taxonomy":"product_cat","embeddable":true,"href":"https:\/\/trendsbystylia.com\/de\/wp-json\/wp\/v2\/product_cat?post=4569"},{"taxonomy":"product_tag","embeddable":true,"href":"https:\/\/trendsbystylia.com\/de\/wp-json\/wp\/v2\/product_tag?post=4569"}],"curies":[{"name":"wp","href":"https:\/\/api.w.org\/{rel}","templated":true}]}}