{"id":3471,"date":"2025-03-06T21:20:41","date_gmt":"2025-03-06T21:20:41","guid":{"rendered":"https:\/\/trendsbystylia.com\/produit\/assiette-de-fruits-morandi-simple-de-style-nordique\/"},"modified":"2025-03-23T22:24:56","modified_gmt":"2025-03-23T22:24:56","slug":"assiette-de-fruits-morandi-simple-de-style-nordique","status":"publish","type":"product","link":"https:\/\/trendsbystylia.com\/de\/produkt\/assiette-de-fruits-morandi-simple-de-style-nordique\/","title":{"rendered":"<p>Nordischer einfacher Morandi-Fruchtteller<\/p>"},"content":{"rendered":"<p><span style=\"font-weight: bold;\"> <span style=\"vertical-align: inherit;\"> <span style=\"vertical-align: inherit;\">&nbsp; Produktinformationen:&nbsp;&nbsp;<\/span> <\/span> <\/span><p><span style=\"vertical-align: inherit;\"> <span style=\"vertical-align: inherit;\">Nordischer einfacher Morandi-Fruchttablett, Wohnzimmer-Couchtisch, hohle Lagerung, kreative Dekoration f\u00fcr Zuhause<\/span> <\/span><\/p><p><span style=\"vertical-align: inherit;\"> <span style=\"vertical-align: inherit;\">Erzeugniskategorie: Obstschale <\/span> <\/span><\/p><p><span style=\"vertical-align: inherit;\"> <span style=\"vertical-align: inherit;\">Farbe: Ausgeh\u00f6hlter Obstteller Morandi A, Ausgeh\u00f6hlter Obstteller Morandi B, Ausgeh\u00f6hlter Obstteller Morandi C <\/span> <\/span><\/p><p><span style=\"vertical-align: inherit;\"> <span style=\"vertical-align: inherit;\">Stil: Nordisch<\/span> <\/span><\/p><p><img data-recalc-dims=\"1\" decoding=\"async\" src=\"https:\/\/i0.wp.com\/cf.cjdropshipping.com\/3428bb19-9a07-4f0c-a601-ba593781cb8c.png?w=1290&amp;ssl=1\"><\/p><p><img data-recalc-dims=\"1\" decoding=\"async\" src=\"https:\/\/i0.wp.com\/cf.cjdropshipping.com\/d7ec4aec-6245-4667-8324-a0667db01362.jpg?w=1290&amp;ssl=1\"> <img data-recalc-dims=\"1\" decoding=\"async\" src=\"https:\/\/i0.wp.com\/cf.cjdropshipping.com\/2712a0bf-28eb-485a-989f-5f0d9ad7449d.jpg?w=1290&amp;ssl=1\"> <img data-recalc-dims=\"1\" decoding=\"async\" src=\"https:\/\/i0.wp.com\/cf.cjdropshipping.com\/160fad75-ce6c-47af-b655-dbaf3de0f577.jpg?w=1290&amp;ssl=1\"> <img data-recalc-dims=\"1\" decoding=\"async\" src=\"https:\/\/i0.wp.com\/cf.cjdropshipping.com\/7ffe0b9c-c64d-4b5d-a0f5-3ba28f9ca434.jpg?w=1290&amp;ssl=1\"> <img data-recalc-dims=\"1\" decoding=\"async\" src=\"https:\/\/i0.wp.com\/cf.cjdropshipping.com\/351a25d6-0bf9-469f-902a-f25671e37040.jpg?w=1290&amp;ssl=1\"> <img data-recalc-dims=\"1\" decoding=\"async\" src=\"https:\/\/i0.wp.com\/cf.cjdropshipping.com\/d57d9e66-4d69-4611-b9fe-d4d41113f2cb.jpg?w=1290&amp;ssl=1\"> <img data-recalc-dims=\"1\" decoding=\"async\" src=\"https:\/\/i0.wp.com\/cf.cjdropshipping.com\/96a50bd4-fc50-42d0-8835-2cca5869ab9b.jpg?w=1290&amp;ssl=1\"> <img data-recalc-dims=\"1\" decoding=\"async\" src=\"https:\/\/i0.wp.com\/cf.cjdropshipping.com\/ff1fd8a7-d704-40c8-96c3-b3dfe4d62c26.png?w=1290&amp;ssl=1\"><\/p><\/p>","protected":false},"excerpt":{"rendered":"<p>&nbsp; Informations sur le produit :&nbsp;&nbsp; Plateau &agrave; fruits Morandi simple de style nordique, table basse de salon, rangement creux, d&eacute;coration cr&eacute;ative pour la maison Cat&eacute;gorie de produit : Plateau de fruits Couleur : Assiette &agrave; fruits &eacute;vid&eacute;e Morandi A, Assiette &agrave; fruits &eacute;vid&eacute;e Morandi B, Assiette &agrave; fruits &eacute;vid&eacute;e Morandi C Style : Nordique<\/p>","protected":false},"featured_media":3464,"comment_status":"open","ping_status":"closed","template":"","meta":{"_seopress_robots_primary_cat":"none","_seopress_titles_title":"","_seopress_titles_desc":"","_seopress_robots_index":"","_seopress_analysis_target_kw":"","_gspb_post_css":"","content-type":""},"product_brand":[],"product_cat":[40],"product_tag":[],"class_list":{"0":"post-3471","1":"product","2":"type-product","3":"status-publish","4":"has-post-thumbnail","6":"product_cat-mobilier-maison","7":"product_shipping_class-hors-ue-standard","8":"pa_fournisseur-cjdropshipping","9":"pa_origine-dexpedition-chine","11":"first","12":"instock","13":"taxable","14":"shipping-taxable","15":"purchasable","16":"product-type-variable"},"jetpack_sharing_enabled":true,"_links":{"self":[{"href":"https:\/\/trendsbystylia.com\/de\/wp-json\/wp\/v2\/product\/3471","targetHints":{"allow":["GET"]}}],"collection":[{"href":"https:\/\/trendsbystylia.com\/de\/wp-json\/wp\/v2\/product"}],"about":[{"href":"https:\/\/trendsbystylia.com\/de\/wp-json\/wp\/v2\/types\/product"}],"replies":[{"embeddable":true,"href":"https:\/\/trendsbystylia.com\/de\/wp-json\/wp\/v2\/comments?post=3471"}],"wp:featuredmedia":[{"embeddable":true,"href":"https:\/\/trendsbystylia.com\/de\/wp-json\/wp\/v2\/media\/3464"}],"wp:attachment":[{"href":"https:\/\/trendsbystylia.com\/de\/wp-json\/wp\/v2\/media?parent=3471"}],"wp:term":[{"taxonomy":"product_brand","embeddable":true,"href":"https:\/\/trendsbystylia.com\/de\/wp-json\/wp\/v2\/product_brand?post=3471"},{"taxonomy":"product_cat","embeddable":true,"href":"https:\/\/trendsbystylia.com\/de\/wp-json\/wp\/v2\/product_cat?post=3471"},{"taxonomy":"product_tag","embeddable":true,"href":"https:\/\/trendsbystylia.com\/de\/wp-json\/wp\/v2\/product_tag?post=3471"}],"curies":[{"name":"wp","href":"https:\/\/api.w.org\/{rel}","templated":true}]}}