{"id":3404,"date":"2025-03-05T18:50:11","date_gmt":"2025-03-05T18:50:11","guid":{"rendered":"https:\/\/trendsbystylia.com\/produit\/lustre-danois-transfrontalier-ph5-combinaison-de-personnalite-creative-salon-en-aluminium-chambre-simple-moderne-nordiquelustre-danois-transfrontalier-ph5-combinaison-de-personnalite-creative-salon-en\/"},"modified":"2025-03-23T22:25:27","modified_gmt":"2025-03-23T22:25:27","slug":"lustre-danois-transfrontalier-ph5-combinaison-de-personnalite-creative-salon-en-aluminium-chambre-simple-moderne-nordiquelustre-danois-transfrontalier-ph5-combinaison-de-personnalite-creative-salon-en","status":"publish","type":"product","link":"https:\/\/trendsbystylia.com\/de\/produkt\/lustre-danois-transfrontalier-ph5-combinaison-de-personnalite-creative-salon-en-aluminium-chambre-simple-moderne-nordiquelustre-danois-transfrontalier-ph5-combinaison-de-personnalite-creative-salon-en\/","title":{"rendered":"<p>Moderner einfacher nordischer Aluminiumleuchter<\/p>"},"content":{"rendered":"<h3><strong>D\u00e4nischer Kronleuchter PH5&nbsp;<\/strong><p>Marke: Glory<br>\nTeilenummer: RG008-D-006<br>\nAnwendbare Szenarien: Wohnort<\/p><p>Gibt es ein Patent? : Nein<br>\nZertifizierung: Sonstiges<br>\nF\u00fcr die Lieferung nach Hause: Keine T\u00fcr-zu-T\u00fcr-Lieferung<br>\nLichtfarbe: reines Wei\u00df<br>\nBestrahlungszone: 5? -10?<br>\nIst ein Installationsservice verf\u00fcgbar? : Nein<br>\nLeistung der Lichtquelle: 30 cm<br>\nMaterial des Lampenk\u00f6rpers: Eisen<br>\nMaterial des Lampenschirms: Eisen<br>\nH\u00f6henverstellbar: 1<br>\nArt der Lichtquelle: LED-Leuchten<br>\nAnzahl der K\u00f6pfe: Kronleuchter mit einem Kopf<br>\nSpannung: 220 V<br>\nOb es sich um eine dedizierte Quelle von Waren f\u00fcr die grenz\u00fcberschreitende Ausfuhr handelt: ja<br>\nIntelligenter Typ: Sonstiges<br>\nArt des Glanzes: Schmiedeeisen Kronleuchter<br>\nStil: Nordeuropa<br>\nAnwendbarer Bereich: Wohnzimmer<br>\nArt: Glanz<br>\nBezeichnung des Erzeugnisses: d\u00e4nischer Kronleuchter PH5 grenz\u00fcberschreitende kreative Pers\u00f6nlichkeit Kombination Aluminium Wohnzimmer nordischen modernen Einzelzimmer<br>\nProdukt Gewicht: 3,5<\/p><p>&nbsp;<\/p><\/h3>","protected":false},"excerpt":{"rendered":"<p>Lustre danois PH5&nbsp; Marque : Glory Num&eacute;ro de pi&egrave;ce : RG008-D-006 Sc&eacute;narios applicables : Lieu de r&eacute;sidence Existe-t-il un brevet ? : non Certification : autre Que ce soit pour la livraison &agrave; domicile : pas de livraison porte-&agrave;-porte Couleur de la lumi&egrave;re : blanc pur Zone d&rsquo;irradiation : 5? -10? Un service d&rsquo;installation est-il [&hellip;]<\/p>","protected":false},"featured_media":5615,"comment_status":"open","ping_status":"closed","template":"","meta":{"_seopress_robots_primary_cat":"none","_seopress_titles_title":"","_seopress_titles_desc":"","_seopress_robots_index":"","_gspb_post_css":"","content-type":"","jetpack_post_was_ever_published":false,"jetpack_publicize_message":"","jetpack_publicize_feature_enabled":true,"jetpack_social_post_already_shared":true,"jetpack_social_options":{"image_generator_settings":{"template":"highway","default_image_id":0,"font":"","enabled":false},"version":2}},"location":[],"product_brand":[],"product_cat":[41,40],"product_tag":[],"class_list":{"0":"post-3404","1":"product","2":"type-product","3":"status-publish","4":"has-post-thumbnail","6":"product_cat-deco","7":"product_cat-mobilier-maison","8":"product_shipping_class-hors-ue-standard","10":"first","11":"instock","12":"taxable","13":"shipping-taxable","14":"purchasable","15":"product-type-variable"},"jetpack_publicize_connections":[],"locations":[],"jetpack_sharing_enabled":true,"_links":{"self":[{"href":"https:\/\/trendsbystylia.com\/de\/wp-json\/wp\/v2\/product\/3404","targetHints":{"allow":["GET"]}}],"collection":[{"href":"https:\/\/trendsbystylia.com\/de\/wp-json\/wp\/v2\/product"}],"about":[{"href":"https:\/\/trendsbystylia.com\/de\/wp-json\/wp\/v2\/types\/product"}],"replies":[{"embeddable":true,"href":"https:\/\/trendsbystylia.com\/de\/wp-json\/wp\/v2\/comments?post=3404"}],"wp:featuredmedia":[{"embeddable":true,"href":"https:\/\/trendsbystylia.com\/de\/wp-json\/wp\/v2\/media\/5615"}],"wp:attachment":[{"href":"https:\/\/trendsbystylia.com\/de\/wp-json\/wp\/v2\/media?parent=3404"}],"wp:term":[{"taxonomy":"location","embeddable":true,"href":"https:\/\/trendsbystylia.com\/de\/wp-json\/wp\/v2\/location?post=3404"},{"taxonomy":"product_brand","embeddable":true,"href":"https:\/\/trendsbystylia.com\/de\/wp-json\/wp\/v2\/product_brand?post=3404"},{"taxonomy":"product_cat","embeddable":true,"href":"https:\/\/trendsbystylia.com\/de\/wp-json\/wp\/v2\/product_cat?post=3404"},{"taxonomy":"product_tag","embeddable":true,"href":"https:\/\/trendsbystylia.com\/de\/wp-json\/wp\/v2\/product_tag?post=3404"}],"curies":[{"name":"wp","href":"https:\/\/api.w.org\/{rel}","templated":true}]}}