{"id":3212,"date":"2025-03-05T16:09:31","date_gmt":"2025-03-05T16:09:31","guid":{"rendered":"https:\/\/trendsbystylia.com\/produit\/manteau-en-laine-a-manches-longues-avec-revers-effet-fourrure-artificielle\/"},"modified":"2025-03-23T22:42:11","modified_gmt":"2025-03-23T22:42:11","slug":"manteau-en-laine-a-manches-longues-avec-revers-effet-fourrure-artificielle","status":"publish","type":"product","link":"https:\/\/trendsbystylia.com\/de\/produkt\/manteau-en-laine-a-manches-longues-avec-revers-effet-fourrure-artificielle\/","title":{"rendered":"<p>Langarm Wollmantel mit Kunstpelz Effekt Revers<\/p>"},"content":{"rendered":"<p><span style=\"font-weight: bold\">\u2013 Farbe: Dunkelbraun<\/span><p>\u2013 Stil: Europ\u00e4ischer und amerikanischer Stil<\/p><p>\u2013 Art des Grundes: Volltonfarbe<\/p><p>\u2013 L\u00e4nge der \u00c4rmel: Lange \u00c4rmel<\/p><p>\u2013 Sachgebiet: Polyester (Polyesterfaser)<\/p><p>\u2013 Art des Verschlusses: Knopf<\/p><p>\u2013 Einzelheiten: Sonstiges<\/p><p>\u2013 Futtermaterial: Sonstiges<\/p><p>\u2013 Art des Kragens: R\u00fcckseite<\/p><p>\u2013 Eine Kapuze tragen: Nein<\/p><p>\u2013 Anlass: L\u00e4ssig<\/p><p>\u2013 Geschlecht: weiblich<\/p><p>\u2013 Gr\u00f6\u00dfe: S, M, L<\/p><p>\u2013 Gr\u00f6\u00dfe: Einheit: CM<\/p><p><strong>&nbsp; &nbsp;<\/strong><\/p><table>\n<thead>\n<tr class=\"firstRow\">\n<th style=\"height: 40px;min-width: 72px;padding: 0px 4px\">Gr\u00f6\u00dfe<\/th>\n<th style=\"height: 40px;min-width: 72px;padding: 0px 4px\">US-Gr\u00f6\u00dfe&nbsp;<\/th>\n<th style=\"height: 40px;min-width: 72px;padding: 0px 4px\">B\u00fcste&nbsp;<\/th>\n<th style=\"height: 40px;min-width: 72px;padding: 0px 4px\">L\u00e4nge<\/th>\n<th style=\"height: 40px;min-width: 72px;padding: 0px 4px\">Schultern<\/th>\n<th style=\"height: 40px;min-width: 72px;padding: 0px 4px\">\u00c4rmel<\/th>\n<\/tr>\n<\/thead>\n<tbody>\n<tr>\n<td style=\"min-width: 72px;padding: 0px 4px\"><strong>S<\/strong><\/td>\n<td style=\"min-width: 72px;padding: 0px 4px\">4<\/td>\n<td style=\"min-width: 72px;padding: 0px 4px\">110<\/td>\n<td style=\"min-width: 72px;padding: 0px 4px\">54<\/td>\n<td style=\"min-width: 72px;padding: 0px 4px\">46<\/td>\n<td style=\"min-width: 72px;padding: 0px 4px\">61<\/td>\n<\/tr>\n<tr>\n<td style=\"min-width: 72px;padding: 0px 4px\"><strong>M<\/strong><\/td>\n<td style=\"min-width: 72px;padding: 0px 4px\">6<\/td>\n<td style=\"min-width: 72px;padding: 0px 4px\">114<\/td>\n<td style=\"min-width: 72px;padding: 0px 4px\">55<\/td>\n<td style=\"min-width: 72px;padding: 0px 4px\">47<\/td>\n<td style=\"min-width: 72px;padding: 0px 4px\">62<\/td>\n<\/tr>\n<tr>\n<td style=\"min-width: 72px;padding: 0px 4px\"><strong>L<\/strong><\/td>\n<td style=\"min-width: 72px;padding: 0px 4px\">08\/10<\/td>\n<td style=\"min-width: 72px;padding: 0px 4px\">120<\/td>\n<td style=\"min-width: 72px;padding: 0px 4px\">56.5<\/td>\n<td style=\"min-width: 72px;padding: 0px 4px\">48.5<\/td>\n<td style=\"min-width: 72px;padding: 0px 4px\">63.5<\/td>\n<\/tr>\n<\/tbody>\n<\/table><p><\/p><p><img data-recalc-dims=\"1\" decoding=\"async\" class=\"desc-img-loaded\" src=\"https:\/\/i0.wp.com\/shopifyfile.oss-accelerate.aliyuncs.com\/attached\/pingtai\/202502\/6ADF48CB34FDB6C3E0775E55924C8547.jpg?w=1290&amp;ssl=1\" title=\"\"><img data-recalc-dims=\"1\" decoding=\"async\" class=\"desc-img-loaded\" src=\"https:\/\/i0.wp.com\/shopifyfile.oss-accelerate.aliyuncs.com\/attached\/pingtai\/202502\/646AAE9295193089383B07CEC2F773B2.jpg?w=1290&amp;ssl=1\" title=\"\"><img data-recalc-dims=\"1\" decoding=\"async\" class=\"desc-img-loaded\" src=\"https:\/\/i0.wp.com\/shopifyfile.oss-accelerate.aliyuncs.com\/attached\/pingtai\/202502\/F96F2905E670E49BB018491923702535.jpg?w=1290&amp;ssl=1\" title=\"\"><img data-recalc-dims=\"1\" decoding=\"async\" class=\"desc-img-loaded\" src=\"https:\/\/i0.wp.com\/shopifyfile.oss-accelerate.aliyuncs.com\/attached\/pingtai\/202502\/2DCD07AFEF76C310BD8120C373588120.jpg?w=1290&amp;ssl=1\" title=\"\"><img data-recalc-dims=\"1\" decoding=\"async\" class=\"desc-img-loaded\" src=\"https:\/\/i0.wp.com\/shopifyfile.oss-accelerate.aliyuncs.com\/attached\/pingtai\/202502\/0115DEC3BCAE611C0DECA39305289880.jpg?w=1290&amp;ssl=1\" title=\"\"><img data-recalc-dims=\"1\" decoding=\"async\" class=\"desc-img-loaded\" src=\"https:\/\/i0.wp.com\/shopifyfile.oss-accelerate.aliyuncs.com\/attached\/pingtai\/202502\/D58281B0CAA3E335A1BB7C78AE947456.jpg?w=1290&amp;ssl=1\" title=\"\"><img data-recalc-dims=\"1\" decoding=\"async\" class=\"desc-img-loaded\" src=\"https:\/\/i0.wp.com\/shopifyfile.oss-accelerate.aliyuncs.com\/attached\/pingtai\/202502\/CF24727C3D28796CBA88429A5F260445.jpg?w=1290&amp;ssl=1\" title=\"\"><img data-recalc-dims=\"1\" decoding=\"async\" class=\"desc-img-loaded\" src=\"https:\/\/i0.wp.com\/shopifyfile.oss-accelerate.aliyuncs.com\/attached\/pingtai\/202502\/65E901126C3830EF4846FF8C84F5C8E2.jpg?w=1290&amp;ssl=1\" title=\"\"><img data-recalc-dims=\"1\" decoding=\"async\" class=\"desc-img-loaded\" src=\"https:\/\/i0.wp.com\/shopifyfile.oss-accelerate.aliyuncs.com\/attached\/pingtai\/202502\/7CF5B4DE0A5DFAAD439AAE2EC9643687.jpg?w=1290&amp;ssl=1\" title=\"\"><img data-recalc-dims=\"1\" decoding=\"async\" class=\"desc-img-loaded\" src=\"https:\/\/i0.wp.com\/shopifyfile.oss-accelerate.aliyuncs.com\/attached\/pingtai\/202502\/16F287BDF5287422BAA1B58EED08FDE5.jpg?w=1290&amp;ssl=1\" title=\"\"><img data-recalc-dims=\"1\" decoding=\"async\" class=\"desc-img-loaded\" src=\"https:\/\/i0.wp.com\/shopifyfile.oss-accelerate.aliyuncs.com\/attached\/pingtai\/202502\/D5D3FE0C41CD46FDBAAD79DDAF5D0605.jpg?w=1290&amp;ssl=1\" title=\"\"><img data-recalc-dims=\"1\" decoding=\"async\" class=\"desc-img-loaded\" src=\"https:\/\/i0.wp.com\/shopifyfile.oss-accelerate.aliyuncs.com\/attached\/pingtai\/202502\/6391D90CF9D2BD85597F3D2027B82276.jpg?w=1290&amp;ssl=1\" title=\"\"><img data-recalc-dims=\"1\" decoding=\"async\" class=\"desc-img-loaded\" src=\"https:\/\/i0.wp.com\/shopifyfile.oss-accelerate.aliyuncs.com\/attached\/pingtai\/202502\/F539DF04A224D4BC1A48985CC22B593E.jpg?w=1290&amp;ssl=1\" title=\"\"><img data-recalc-dims=\"1\" decoding=\"async\" class=\"desc-img-loaded\" src=\"https:\/\/i0.wp.com\/shopifyfile.oss-accelerate.aliyuncs.com\/attached\/pingtai\/202502\/EE346259CD70CD4E26CD186B3C7693BA.jpg?w=1290&amp;ssl=1\" title=\"\"><img data-recalc-dims=\"1\" decoding=\"async\" class=\"desc-img-loaded\" src=\"https:\/\/i0.wp.com\/shopifyfile.oss-accelerate.aliyuncs.com\/attached\/pingtai\/202502\/22F082CAD3417BD5697900F8307D320E.jpg?w=1290&amp;ssl=1\" title=\"\"><img data-recalc-dims=\"1\" decoding=\"async\" class=\"desc-img-loaded\" src=\"https:\/\/i0.wp.com\/shopifyfile.oss-accelerate.aliyuncs.com\/attached\/pingtai\/202502\/EBC325B1D4FE74EEBDD413AE0AA19EE1.jpg?w=1290&amp;ssl=1\" title=\"\"><img data-recalc-dims=\"1\" decoding=\"async\" class=\"desc-img-loaded\" src=\"https:\/\/i0.wp.com\/shopifyfile.oss-accelerate.aliyuncs.com\/attached\/pingtai\/202502\/A4CC42F6874E489D113E15F1A8A4C758.jpg?w=1290&amp;ssl=1\" title=\"\"><img data-recalc-dims=\"1\" decoding=\"async\" class=\"desc-img-loaded\" src=\"https:\/\/i0.wp.com\/shopifyfile.oss-accelerate.aliyuncs.com\/attached\/pingtai\/202502\/64ACD89D95CCBC50092BDDCE43D5747C.jpg?w=1290&amp;ssl=1\" title=\"\"><img data-recalc-dims=\"1\" decoding=\"async\" class=\"desc-img-loaded\" src=\"https:\/\/i0.wp.com\/shopifyfile.oss-accelerate.aliyuncs.com\/attached\/pingtai\/202502\/D259DCCB9B9BD00204E182E5C0837501.jpg?w=1290&amp;ssl=1\" title=\"\"><\/p><\/p>","protected":false},"excerpt":{"rendered":"<p>&ndash; Couleur : Marron fonc&eacute; &ndash; Style : Style europ&eacute;en et am&eacute;ricain &ndash; Type de motif : Couleur unie &ndash; Longueur des manches : Manches longues &ndash; Mati&egrave;re : Polyester (fibre de polyester) &ndash; Type de fermeture : Bouton &ndash; D&eacute;tails : Autre &ndash; Mati&egrave;re de la doublure : Autre &ndash; Type de col : [&hellip;]<\/p>","protected":false},"featured_media":3207,"comment_status":"open","ping_status":"closed","template":"","meta":{"_seopress_robots_primary_cat":"","_seopress_titles_title":"","_seopress_titles_desc":"","_seopress_robots_index":"","_seopress_analysis_target_kw":"","_gspb_post_css":"","content-type":""},"product_brand":[],"product_cat":[94,43],"product_tag":[],"class_list":{"0":"post-3212","1":"product","2":"type-product","3":"status-publish","4":"has-post-thumbnail","6":"product_cat-mode-femme","7":"product_cat-mode","8":"product_shipping_class-hors-ue-standard","10":"first","11":"instock","12":"taxable","13":"shipping-taxable","14":"purchasable","15":"product-type-variable"},"jetpack_sharing_enabled":true,"_links":{"self":[{"href":"https:\/\/trendsbystylia.com\/de\/wp-json\/wp\/v2\/product\/3212","targetHints":{"allow":["GET"]}}],"collection":[{"href":"https:\/\/trendsbystylia.com\/de\/wp-json\/wp\/v2\/product"}],"about":[{"href":"https:\/\/trendsbystylia.com\/de\/wp-json\/wp\/v2\/types\/product"}],"replies":[{"embeddable":true,"href":"https:\/\/trendsbystylia.com\/de\/wp-json\/wp\/v2\/comments?post=3212"}],"wp:featuredmedia":[{"embeddable":true,"href":"https:\/\/trendsbystylia.com\/de\/wp-json\/wp\/v2\/media\/3207"}],"wp:attachment":[{"href":"https:\/\/trendsbystylia.com\/de\/wp-json\/wp\/v2\/media?parent=3212"}],"wp:term":[{"taxonomy":"product_brand","embeddable":true,"href":"https:\/\/trendsbystylia.com\/de\/wp-json\/wp\/v2\/product_brand?post=3212"},{"taxonomy":"product_cat","embeddable":true,"href":"https:\/\/trendsbystylia.com\/de\/wp-json\/wp\/v2\/product_cat?post=3212"},{"taxonomy":"product_tag","embeddable":true,"href":"https:\/\/trendsbystylia.com\/de\/wp-json\/wp\/v2\/product_tag?post=3212"}],"curies":[{"name":"wp","href":"https:\/\/api.w.org\/{rel}","templated":true}]}}