{"id":3176,"date":"2025-03-05T15:58:06","date_gmt":"2025-03-05T15:58:06","guid":{"rendered":"https:\/\/trendsbystylia.com\/produit\/automne-et-hiver-nouvelle-mode-feminine-chaude-col-montant-conception-poche-zippee-coton-decontracte\/"},"modified":"2025-03-23T22:42:31","modified_gmt":"2025-03-23T22:42:31","slug":"automne-et-hiver-nouvelle-mode-feminine-chaude-col-montant-conception-poche-zippee-coton-decontracte","status":"publish","type":"product","link":"https:\/\/trendsbystylia.com\/de\/produkt\/automne-et-hiver-nouvelle-mode-feminine-chaude-col-montant-conception-poche-zippee-coton-decontracte\/","title":{"rendered":"<p>Herbst und Winter neue Mode Frauen Hot Stehkragen Design Tasche mit Rei\u00dfverschluss Baumwolle Casual<\/p>"},"content":{"rendered":"<p><span class=\"offer-attr-item-name\" style=\"margin: 0px;padding: 0px 20px 0px 0px;width: 150px\"><\/span><p>Zusammensetzung des Hauptgewebes: Polyester<\/p><p>L\u00e4nge der \u00c4rmel: lange \u00c4rmel<\/p><p>Fassung: Slim<\/p><p>Art des Kragens: Stehkragen<\/p><p>Vordere Knopfleiste: Rei\u00dfverschluss<\/p><p>Popul\u00e4res Element: Rei\u00dfverschluss<\/p><p>Farbe: khaki, grau, schwarz<\/p><p>Gr\u00f6\u00dfe: S, M, L<\/p><p><span class=\"offer-attr-item-value\" style=\"margin: 0px;padding: 0px 20px 0px 0px;flex: 1 1 0%;overflow: hidden\"><\/span><\/p><p>&nbsp;<\/p><p><img data-recalc-dims=\"1\" decoding=\"async\" class=\"desc-img-loaded\" src=\"https:\/\/i0.wp.com\/shopifyfile.oss-accelerate.aliyuncs.com\/attached\/pingtai\/202210\/E4729BB28BD22DAAAC339C77B2AA74C9.jpg?w=1290&amp;ssl=1\" alt=\"undefined\"><br><img data-recalc-dims=\"1\" decoding=\"async\" class=\"desc-img-loaded\" src=\"https:\/\/i0.wp.com\/shopifyfile.oss-accelerate.aliyuncs.com\/attached\/pingtai\/202210\/9EEE60FA85A0FF6BDB250BA6808F91C0.jpg?w=1290&amp;ssl=1\" alt=\"undefined\"><\/p><p><img data-recalc-dims=\"1\" decoding=\"async\" class=\"desc-img-loaded\" src=\"https:\/\/i0.wp.com\/shopifyfile.oss-accelerate.aliyuncs.com\/attached\/pingtai\/202210\/23FE26B495EE66260EF6986247D56AF0.jpg?w=1290&amp;ssl=1\" alt=\"undefined\"><\/p><p><img data-recalc-dims=\"1\" decoding=\"async\" class=\"desc-img-loaded\" src=\"https:\/\/i0.wp.com\/shopifyfile.oss-accelerate.aliyuncs.com\/attached\/pingtai\/202210\/E27449B0D3618785DA98AC70E1DB3165.jpg?w=1290&amp;ssl=1\" alt=\"undefined\"><\/p><p><img data-recalc-dims=\"1\" decoding=\"async\" class=\"desc-img-loaded\" src=\"https:\/\/i0.wp.com\/shopifyfile.oss-accelerate.aliyuncs.com\/attached\/pingtai\/202210\/03BDD16E77CABD65639D8D1BF3511699.jpg?w=1290&amp;ssl=1\" alt=\"undefined\"><\/p><p><img data-recalc-dims=\"1\" decoding=\"async\" class=\"desc-img-loaded\" src=\"https:\/\/i0.wp.com\/shopifyfile.oss-accelerate.aliyuncs.com\/attached\/pingtai\/202210\/BC106C9792A284429E21F9EBF4C370A8.jpg?w=1290&amp;ssl=1\" alt=\"undefined\"><\/p><p><img data-recalc-dims=\"1\" decoding=\"async\" class=\"desc-img-loaded\" src=\"https:\/\/i0.wp.com\/shopifyfile.oss-accelerate.aliyuncs.com\/attached\/pingtai\/202210\/12E92137A6ECE74822CD2EF883FF072A.jpg?w=1290&amp;ssl=1\" alt=\"undefined\"><\/p><p><img data-recalc-dims=\"1\" decoding=\"async\" class=\"desc-img-loaded\" src=\"https:\/\/i0.wp.com\/shopifyfile.oss-accelerate.aliyuncs.com\/attached\/pingtai\/202210\/1B8A828982567549C6A216BF6D9E9806.jpg?w=1290&amp;ssl=1\" alt=\"undefined\"><\/p><p><img data-recalc-dims=\"1\" decoding=\"async\" class=\"desc-img-loaded\" src=\"https:\/\/i0.wp.com\/shopifyfile.oss-accelerate.aliyuncs.com\/attached\/pingtai\/202210\/61EF689EED465DE727509528DF8466C9.jpg?w=1290&amp;ssl=1\" alt=\"undefined\"><\/p><p><img data-recalc-dims=\"1\" decoding=\"async\" class=\"desc-img-loaded\" src=\"https:\/\/i0.wp.com\/shopifyfile.oss-accelerate.aliyuncs.com\/attached\/pingtai\/202210\/8B7A14AA17BCD8B5B7EBA80914F1A119.jpg?w=1290&amp;ssl=1\" alt=\"undefined\"><\/p><p><img data-recalc-dims=\"1\" decoding=\"async\" class=\"desc-img-loaded\" src=\"https:\/\/i0.wp.com\/shopifyfile.oss-accelerate.aliyuncs.com\/attached\/pingtai\/202210\/56B0B24B5DB0D50F6DEF2D225ADA9588.jpg?w=1290&amp;ssl=1\" alt=\"undefined\"><\/p><p><img data-recalc-dims=\"1\" decoding=\"async\" class=\"desc-img-loaded\" src=\"https:\/\/i0.wp.com\/shopifyfile.oss-accelerate.aliyuncs.com\/attached\/pingtai\/202210\/C6022C6F4F67C44256ED0BEE20387B4E.jpg?w=1290&amp;ssl=1\" alt=\"undefined\"><\/p><p><img data-recalc-dims=\"1\" decoding=\"async\" class=\"desc-img-loaded\" src=\"https:\/\/i0.wp.com\/shopifyfile.oss-accelerate.aliyuncs.com\/attached\/pingtai\/202210\/078AA202D63322B0C1C584B4F6E1AA35.jpg?w=1290&amp;ssl=1\" alt=\"undefined\"><\/p><p><img data-recalc-dims=\"1\" decoding=\"async\" class=\"desc-img-loaded\" src=\"https:\/\/i0.wp.com\/shopifyfile.oss-accelerate.aliyuncs.com\/attached\/pingtai\/202210\/BDE791233C975C6DF147D52A9B5C2AA0.jpg?w=1290&amp;ssl=1\" alt=\"undefined\"><\/p><p><img data-recalc-dims=\"1\" decoding=\"async\" class=\"desc-img-loaded\" src=\"https:\/\/i0.wp.com\/shopifyfile.oss-accelerate.aliyuncs.com\/attached\/pingtai\/202210\/285499A2662846E9A0CEA17F67E9A097.jpg?w=1290&amp;ssl=1\" alt=\"undefined\"><\/p><p><img data-recalc-dims=\"1\" decoding=\"async\" class=\"desc-img-loaded\" src=\"https:\/\/i0.wp.com\/shopifyfile.oss-accelerate.aliyuncs.com\/attached\/pingtai\/202210\/41341A6D684FA0E437D8FE66A2CF3536.jpg?w=1290&amp;ssl=1\" alt=\"undefined\"><\/p><p><img data-recalc-dims=\"1\" decoding=\"async\" class=\"desc-img-loaded\" src=\"https:\/\/i0.wp.com\/shopifyfile.oss-accelerate.aliyuncs.com\/attached\/pingtai\/202210\/EFBC30FAE1237C8F4F704399801A2868.jpg?w=1290&amp;ssl=1\" alt=\"undefined\"><\/p><p><img data-recalc-dims=\"1\" decoding=\"async\" class=\"desc-img-loaded\" src=\"https:\/\/i0.wp.com\/shopifyfile.oss-accelerate.aliyuncs.com\/attached\/pingtai\/202210\/7C2C6D4AF0330821106C4F5A7B06AF50.jpg?w=1290&amp;ssl=1\" alt=\"undefined\"><\/p><p><img data-recalc-dims=\"1\" decoding=\"async\" class=\"desc-img-loaded\" src=\"https:\/\/i0.wp.com\/shopifyfile.oss-accelerate.aliyuncs.com\/attached\/pingtai\/202210\/051A0E444BFB073D161C12E15FC9264A.jpg?w=1290&amp;ssl=1\" alt=\"undefined\"><\/p><p><img data-recalc-dims=\"1\" decoding=\"async\" class=\"desc-img-loaded\" src=\"https:\/\/i0.wp.com\/shopifyfile.oss-accelerate.aliyuncs.com\/attached\/pingtai\/202210\/BB9B65DD1E4D2F5ABCE92AEDABDFCC69.jpg?w=1290&amp;ssl=1\" alt=\"undefined\"><\/p><p><img data-recalc-dims=\"1\" decoding=\"async\" class=\"desc-img-loaded\" src=\"https:\/\/i0.wp.com\/shopifyfile.oss-accelerate.aliyuncs.com\/attached\/pingtai\/202210\/684673B71BB590CFEB1651687210243D.jpg?w=1290&amp;ssl=1\" alt=\"undefined\"><\/p><p><img data-recalc-dims=\"1\" decoding=\"async\" class=\"desc-img-loaded\" src=\"https:\/\/i0.wp.com\/shopifyfile.oss-accelerate.aliyuncs.com\/attached\/pingtai\/202210\/866D1F2458A66598246FE8CBF5439DDC.jpg?w=1290&amp;ssl=1\" alt=\"undefined\"><\/p><p><img data-recalc-dims=\"1\" decoding=\"async\" class=\"desc-img-loaded\" src=\"https:\/\/i0.wp.com\/shopifyfile.oss-accelerate.aliyuncs.com\/attached\/pingtai\/202210\/61BD74C53B8EC6B65677F268E8889E41.jpg?w=1290&amp;ssl=1\" alt=\"undefined\"><\/p><p><img data-recalc-dims=\"1\" decoding=\"async\" class=\"desc-img-loaded\" src=\"https:\/\/i0.wp.com\/shopifyfile.oss-accelerate.aliyuncs.com\/attached\/pingtai\/202210\/6BF601D085B17BB196E1D12CE7CCA200.jpg?w=1290&amp;ssl=1\" alt=\"undefined\"><\/p><p><img data-recalc-dims=\"1\" decoding=\"async\" class=\"desc-img-loaded\" src=\"https:\/\/i0.wp.com\/shopifyfile.oss-accelerate.aliyuncs.com\/attached\/pingtai\/202210\/9C0C13B237847CE81DDFD007CB887A0C.jpg?w=1290&amp;ssl=1\" alt=\"undefined\"><\/p><p><img data-recalc-dims=\"1\" decoding=\"async\" class=\"desc-img-loaded\" src=\"https:\/\/i0.wp.com\/shopifyfile.oss-accelerate.aliyuncs.com\/attached\/pingtai\/202210\/CB7A02A71C750159A7E333C9524A16FA.jpg?w=1290&amp;ssl=1\" alt=\"undefined\"><\/p><p><img data-recalc-dims=\"1\" decoding=\"async\" class=\"desc-img-loaded\" src=\"https:\/\/i0.wp.com\/shopifyfile.oss-accelerate.aliyuncs.com\/attached\/pingtai\/202210\/D734216BEF6389526A615807D78581D5.jpg?w=1290&amp;ssl=1\" alt=\"undefined\"><\/p><p><img data-recalc-dims=\"1\" decoding=\"async\" class=\"desc-img-loaded\" src=\"https:\/\/i0.wp.com\/shopifyfile.oss-accelerate.aliyuncs.com\/attached\/pingtai\/202210\/16E50197D543465F8A194014F77830F5.jpg?w=1290&amp;ssl=1\" alt=\"undefined\"><\/p><p><img data-recalc-dims=\"1\" decoding=\"async\" class=\"desc-img-loaded\" src=\"https:\/\/i0.wp.com\/shopifyfile.oss-accelerate.aliyuncs.com\/attached\/pingtai\/202210\/F5BB3F916FA0DAC53411F5431F17CCD9.jpg?w=1290&amp;ssl=1\" alt=\"undefined\"><\/p><\/p>","protected":false},"excerpt":{"rendered":"<p>Composition du tissu principal : polyester Longueur des manches : manches longues Version : slim Type de col : col montant Patte de boutonnage avant : fermeture &eacute;clair &Eacute;l&eacute;ment populaire : fermeture &eacute;clair Couleur : kaki, gris, noir Taille : S, M, L &nbsp;<\/p>","protected":false},"featured_media":3169,"comment_status":"open","ping_status":"closed","template":"","meta":{"_seopress_robots_primary_cat":"","_seopress_titles_title":"","_seopress_titles_desc":"","_seopress_robots_index":"","_gspb_post_css":"","content-type":"","jetpack_post_was_ever_published":false,"jetpack_publicize_message":"","jetpack_publicize_feature_enabled":true,"jetpack_social_post_already_shared":true,"jetpack_social_options":{"image_generator_settings":{"template":"highway","default_image_id":0,"font":"","enabled":false},"version":2}},"product_brand":[],"product_cat":[94,43],"product_tag":[],"class_list":{"0":"post-3176","1":"product","2":"type-product","3":"status-publish","4":"has-post-thumbnail","6":"product_cat-mode-femme","7":"product_cat-mode","8":"product_shipping_class-hors-ue-standard","10":"first","11":"instock","12":"taxable","13":"shipping-taxable","14":"purchasable","15":"product-type-variable"},"jetpack_publicize_connections":[],"jetpack_sharing_enabled":true,"_links":{"self":[{"href":"https:\/\/trendsbystylia.com\/de\/wp-json\/wp\/v2\/product\/3176","targetHints":{"allow":["GET"]}}],"collection":[{"href":"https:\/\/trendsbystylia.com\/de\/wp-json\/wp\/v2\/product"}],"about":[{"href":"https:\/\/trendsbystylia.com\/de\/wp-json\/wp\/v2\/types\/product"}],"replies":[{"embeddable":true,"href":"https:\/\/trendsbystylia.com\/de\/wp-json\/wp\/v2\/comments?post=3176"}],"wp:featuredmedia":[{"embeddable":true,"href":"https:\/\/trendsbystylia.com\/de\/wp-json\/wp\/v2\/media\/3169"}],"wp:attachment":[{"href":"https:\/\/trendsbystylia.com\/de\/wp-json\/wp\/v2\/media?parent=3176"}],"wp:term":[{"taxonomy":"product_brand","embeddable":true,"href":"https:\/\/trendsbystylia.com\/de\/wp-json\/wp\/v2\/product_brand?post=3176"},{"taxonomy":"product_cat","embeddable":true,"href":"https:\/\/trendsbystylia.com\/de\/wp-json\/wp\/v2\/product_cat?post=3176"},{"taxonomy":"product_tag","embeddable":true,"href":"https:\/\/trendsbystylia.com\/de\/wp-json\/wp\/v2\/product_tag?post=3176"}],"curies":[{"name":"wp","href":"https:\/\/api.w.org\/{rel}","templated":true}]}}