{"id":2176,"date":"2025-02-26T23:07:42","date_gmt":"2025-02-26T23:07:42","guid":{"rendered":"https:\/\/trendsbystylia.com\/produit\/haut-parleur-long-ordinateur-portable-telephone-mobile-ordinateur-de-bureau-audio\/"},"modified":"2025-03-23T22:46:22","modified_gmt":"2025-03-23T22:46:22","slug":"haut-parleur-long-ordinateur-portable-telephone-mobile-ordinateur-de-bureau-audio","status":"publish","type":"product","link":"https:\/\/trendsbystylia.com\/de\/produkt\/haut-parleur-long-ordinateur-portable-telephone-mobile-ordinateur-de-bureau-audio\/","title":{"rendered":"<p>Lange Audio-Lautsprecher-Laptop-Handy<\/p>"},"content":{"rendered":"<p>Art; Computerlautsprecher<p>Verbindungsmethode; 3,5-MM-Audiobuchse<\/p><p>Art der Schnittstelle; USB<\/p><p>Frequenzgang; 40Hz-20KHz<\/p><p>Ausgangsleistung; 3w<\/p><p>Signal-Rausch-Verh\u00e4ltnis; 75dB<\/p><p>Kanal; 2<\/p><p>Umfangreiche Lagerung; nicht unterst\u00fctzt<\/p><p>Bluetooth-Protokoll; nicht unterst\u00fctzt<\/p><p>Anzahl der Lautsprecher; 2<\/p><p>Arbeitsweise; Schaltfl\u00e4che<\/p><p>Betroffene Personen; Allgemeiner Gebrauch<\/p><p>Bildschirmanzeige<\/p><p>Material des Rumpfes; Kunststoff<\/p><p>\u00dcbernahme des APA; Nein<\/p><p>Verfahren zur Einstellung der Lautsprecher; Schaltfl\u00e4che<\/p><p>Gibt es eine Funkfunktion?<\/p><p>Geh\u00e4usematerial: Kunststoff<\/p><p>Gr\u00f6\u00dfe des Ger\u00e4ts; 516*95*80mm<\/p><p><img decoding=\"async\" style=\"font-size: 14px; max-width: 100%;\" src=\"https:\/\/cf.cjdropshipping.com\/15669216\/868844150388.png\"><\/p><p><img decoding=\"async\" style=\"max-width: 100%;\" src=\"https:\/\/cf.cjdropshipping.com\/15669216\/393816608922.jpg\"><\/p><p><img decoding=\"async\" style=\"max-width: 100%;\" src=\"https:\/\/cf.cjdropshipping.com\/15669216\/2278841903426.jpg\"><\/p><p><img decoding=\"async\" style=\"max-width: 100%;\" src=\"https:\/\/cf.cjdropshipping.com\/15669216\/2379849671776.jpg\"><\/p><\/p>","protected":false},"excerpt":{"rendered":"<p>Type ; haut-parleur d&rsquo;ordinateur M&eacute;thode de connexion ; prise audio 3,5MM Type d&rsquo;interface ; USB R&eacute;ponse en fr&eacute;quence ; 40Hz-20KHz Puissance de sortie ; 3w Rapport signal\/bruit ; ?75dB Canal ; 2 Stockage &eacute;tendu ; non pris en charge Protocole Bluetooth ; non pris en charge Nombre de haut-parleurs ; 2 Mode de fonctionnement ; [&hellip;]<\/p>","protected":false},"featured_media":2174,"comment_status":"open","ping_status":"closed","template":"","meta":{"_seopress_robots_primary_cat":"none","_seopress_titles_title":"","_seopress_titles_desc":"","_seopress_robots_index":"","_gspb_post_css":"","content-type":"","jetpack_post_was_ever_published":false,"jetpack_publicize_message":"","jetpack_publicize_feature_enabled":true,"jetpack_social_post_already_shared":true,"jetpack_social_options":{"image_generator_settings":{"template":"highway","default_image_id":0,"font":"","enabled":false},"version":2}},"product_brand":[],"product_cat":[100],"product_tag":[],"class_list":{"0":"post-2176","1":"product","2":"type-product","3":"status-publish","4":"has-post-thumbnail","6":"product_cat-high-tech-audio-et-video","7":"product_shipping_class-hors-ue-standard","8":"pa_fournisseur-cjdropshipping","9":"pa_origine-dexpedition-chine","11":"first","12":"instock","13":"taxable","14":"shipping-taxable","15":"purchasable","16":"product-type-variable"},"jetpack_publicize_connections":[],"jetpack_sharing_enabled":true,"_links":{"self":[{"href":"https:\/\/trendsbystylia.com\/de\/wp-json\/wp\/v2\/product\/2176","targetHints":{"allow":["GET"]}}],"collection":[{"href":"https:\/\/trendsbystylia.com\/de\/wp-json\/wp\/v2\/product"}],"about":[{"href":"https:\/\/trendsbystylia.com\/de\/wp-json\/wp\/v2\/types\/product"}],"replies":[{"embeddable":true,"href":"https:\/\/trendsbystylia.com\/de\/wp-json\/wp\/v2\/comments?post=2176"}],"wp:featuredmedia":[{"embeddable":true,"href":"https:\/\/trendsbystylia.com\/de\/wp-json\/wp\/v2\/media\/2174"}],"wp:attachment":[{"href":"https:\/\/trendsbystylia.com\/de\/wp-json\/wp\/v2\/media?parent=2176"}],"wp:term":[{"taxonomy":"product_brand","embeddable":true,"href":"https:\/\/trendsbystylia.com\/de\/wp-json\/wp\/v2\/product_brand?post=2176"},{"taxonomy":"product_cat","embeddable":true,"href":"https:\/\/trendsbystylia.com\/de\/wp-json\/wp\/v2\/product_cat?post=2176"},{"taxonomy":"product_tag","embeddable":true,"href":"https:\/\/trendsbystylia.com\/de\/wp-json\/wp\/v2\/product_tag?post=2176"}],"curies":[{"name":"wp","href":"https:\/\/api.w.org\/{rel}","templated":true}]}}