{"id":1052,"date":"2025-02-20T10:30:39","date_gmt":"2025-02-20T10:30:39","guid":{"rendered":"https:\/\/trendsbystylia.com\/produit\/manteau-a-col-rabattu-et-fermeture-eclair-de-couleur-unie-pour-hommes\/"},"modified":"2025-03-23T22:48:35","modified_gmt":"2025-03-23T22:48:35","slug":"manteau-a-col-rabattu-et-fermeture-eclair-de-couleur-unie-pour-hommes","status":"publish","type":"product","link":"https:\/\/trendsbystylia.com\/de\/produkt\/manteau-a-col-rabattu-et-fermeture-eclair-de-couleur-unie-pour-hommes\/","title":{"rendered":"<p>Einfarbiger Mantel mit umgeschlagenem Kragen und Rei\u00dfverschluss f\u00fcr M\u00e4nner<\/p>"},"content":{"rendered":"<p>Produktinformationen:<p>Grund:\u00a0einfarbig<\/p><p>Taschenstil:\u00a0Sidekick Seitennaht<\/p><p>Farbe:\u00a0grau<\/p><p>Kein Futter:\u00a0kein Futter<\/p><p>Geeignet f\u00fcr Personen:\u00a0Junge Menschen<\/p><p>Gr\u00f6\u00dfe:\u00a0M,L,XL,XXL,XXXL<\/p><p>Fassung:\u00a0Recht<\/p><p>Stil:\u00a0Cardigan<\/p><p>Dicke:\u00a0ordentlichen<\/p><p>Name des Stoffes:\u00a0Mischung von Chemiefasern<\/p><p>Anwendbare Szenarien:\u00a0Freizeitaktivit\u00e4ten<\/p><p>Art des Griffs:\u00a0\u00c4rmel mit h\u00e4ngenden Schultern<\/p><p>Zusammensetzung des Hauptgewebes:\u00a0Polyesterfaser (Polyester)<\/p><p>Anwendbares Geschlecht:\u00a0m\u00e4nnlich<\/p><p>Art des Inventars:\u00a0Vollst\u00e4ndige Transaktion<\/p><p>Betroffene Altersgruppe:\u00a0Erwachsene<\/p><p>Kappe oder nicht :\u00a0keine Kappe<\/p><p>L\u00e4nge der \u00c4rmel:\u00a0lange \u00c4rmel<\/p><p>Geeignete Jahreszeit:\u00a0Fr\u00fchling und Herbst<\/p><p>Stil:\u00a0Kollegium<\/p><p>&nbsp;<\/p><p><img data-recalc-dims=\"1\" decoding=\"async\" style=\"max-width: 100%;\" src=\"https:\/\/i0.wp.com\/cf.cjdropshipping.com\/17183232\/2406140639280327700.jpg?w=1290&amp;ssl=1\"><\/p><p>Anmerkung:<\/p><p>1.\u00a0Asiatische Gr\u00f6\u00dfen sind 1-2 Gr\u00f6\u00dfen kleiner als europ\u00e4ische und amerikanische Gr\u00f6\u00dfen.\u00a0W\u00e4hlen Sie die gr\u00f6\u00dfere Gr\u00f6\u00dfe, wenn Ihre Gr\u00f6\u00dfe zwischen zwei Gr\u00f6\u00dfen liegt.\u00a0Bitte beachten Sie einen Unterschied von 2 bis 3 cm aufgrund manueller Messungen.\u00a02.\u00a0Wenn Sie nicht wissen, wie Sie Ihre Gr\u00f6\u00dfe ausw\u00e4hlen sollen, wenden Sie sich bitte an unseren Kundenservice.\u00a03) Wie Sie wissen, zeigen Computer Farben unterschiedlich an, die Farbe des tats\u00e4chlichen Artikels kann geringf\u00fcgig von den folgenden Bildern abweichen.<\/p><p>&nbsp;<\/p><p>Verpackungsliste:<\/p><p>Herren Strickjacke mit Rei\u00dfverschluss *1<\/p><p>&nbsp;<\/p><p>Produktbild:<\/p><p><img data-recalc-dims=\"1\" decoding=\"async\" src=\"https:\/\/i0.wp.com\/cf.cjdropshipping.com\/17183232\/2406140639290320300.jpg?w=1290&amp;ssl=1\"><\/p><p><img data-recalc-dims=\"1\" decoding=\"async\" src=\"https:\/\/i0.wp.com\/cf.cjdropshipping.com\/17183232\/2406140639290323300.jpg?w=1290&amp;ssl=1\"><\/p><p><img data-recalc-dims=\"1\" decoding=\"async\" src=\"https:\/\/i0.wp.com\/cf.cjdropshipping.com\/17183232\/2406140639290325900.jpg?w=1290&amp;ssl=1\"><\/p><p><img data-recalc-dims=\"1\" decoding=\"async\" src=\"https:\/\/i0.wp.com\/cf.cjdropshipping.com\/17183232\/2406140639290328200.jpg?w=1290&amp;ssl=1\"><\/p><p><img data-recalc-dims=\"1\" decoding=\"async\" src=\"https:\/\/i0.wp.com\/cf.cjdropshipping.com\/17183232\/2406140639300320400.jpg?w=1290&amp;ssl=1\"><\/p><p><img data-recalc-dims=\"1\" decoding=\"async\" src=\"https:\/\/i0.wp.com\/cf.cjdropshipping.com\/17183232\/2406140639310324200.jpg?w=1290&amp;ssl=1\"><\/p><p>&nbsp;<\/p><\/p>","protected":false},"excerpt":{"rendered":"<p>Informations&nbsp;sur&nbsp;le&nbsp;produit&nbsp;: Motif&nbsp;:&nbsp;couleur&nbsp;unie Style&nbsp;de&nbsp;poche&nbsp;:&nbsp;couture&nbsp;lat&eacute;rale&nbsp;sidekick Couleur&nbsp;:&nbsp;gris Pas&nbsp;de&nbsp;doublure&nbsp;:&nbsp;pas&nbsp;de&nbsp;doublure Convient&nbsp;aux&nbsp;personnes&nbsp;:&nbsp;Jeunes Taille&nbsp;:&nbsp;M,L,XL,XXL,XXXL Version&nbsp;:&nbsp;Droit Style&nbsp;:&nbsp;Cardigan &Eacute;paisseur&nbsp;:&nbsp;ordinaire Nom&nbsp;du&nbsp;tissu&nbsp;:&nbsp;m&eacute;lange&nbsp;de&nbsp;fibres&nbsp;chimiques Sc&eacute;narios&nbsp;applicables&nbsp;:&nbsp;Loisirs Type&nbsp;de&nbsp;manche&nbsp;:&nbsp;manche&nbsp;&agrave;&nbsp;&eacute;paules&nbsp;tombantes Composition&nbsp;du&nbsp;tissu&nbsp;principal&nbsp;:&nbsp;Fibre&nbsp;de&nbsp;polyester&nbsp;(polyester) Sexe&nbsp;applicable&nbsp;:&nbsp;Homme Type&nbsp;d&rsquo;inventaire&nbsp;:&nbsp;transaction&nbsp;compl&egrave;te Groupe&nbsp;d&rsquo;&acirc;ge&nbsp;concern&eacute;&nbsp;:&nbsp;Adulte Capuchon&nbsp;ou&nbsp;non&nbsp;:&nbsp;pas&nbsp;de&nbsp;capuchon Longueur&nbsp;des&nbsp;manches&nbsp;:&nbsp;manches&nbsp;longues Saison&nbsp;appropri&eacute;e&nbsp;:&nbsp;printemps&nbsp;et&nbsp;automne Style&nbsp;:&nbsp;Coll&egrave;ge &nbsp; Note&nbsp;: 1.&nbsp;Les&nbsp;tailles&nbsp;asiatiques&nbsp;sont&nbsp;1&nbsp;&agrave;&nbsp;2&nbsp;tailles&nbsp;plus&nbsp;petites&nbsp;que&nbsp;les&nbsp;tailles&nbsp;europ&eacute;ennes&nbsp;et&nbsp;am&eacute;ricaines.&nbsp;Choisissez&nbsp;la&nbsp;taille&nbsp;la&nbsp;plus&nbsp;grande&nbsp;si&nbsp;votre&nbsp;taille&nbsp;se&nbsp;situe&nbsp;entre&nbsp;deux&nbsp;tailles.&nbsp;Veuillez&nbsp;tenir&nbsp;compte&nbsp;d&rsquo;une&nbsp;diff&eacute;rence&nbsp;de&nbsp;2&nbsp;&agrave;&nbsp;3&nbsp;cm&nbsp;due&nbsp;aux&nbsp;mesures&nbsp;manuelles.&nbsp;2.&nbsp;Si&nbsp;vous&nbsp;ne&nbsp;savez&nbsp;pas&nbsp;comment&nbsp;choisir&nbsp;votre&nbsp;taille,&nbsp;veuillez&nbsp;contacter&nbsp;notre&nbsp;service&nbsp;client&egrave;le.&nbsp;3)&nbsp;Comme&nbsp;vous&nbsp;le&nbsp;savez,&nbsp;les&nbsp;ordinateurs&nbsp;affichent&nbsp;les&nbsp;couleurs&nbsp;diff&eacute;remment,&nbsp;la&nbsp;couleur&nbsp;de&nbsp;l&rsquo;article&nbsp;r&eacute;el&nbsp;peut&nbsp;varier&nbsp;l&eacute;g&egrave;rement&nbsp;par&nbsp;rapport&nbsp;aux&nbsp;images&nbsp;suivantes. &nbsp; Liste&nbsp;d&rsquo;emballage&nbsp;: Pull&nbsp;cardigan&nbsp;&agrave;&nbsp;fermeture&nbsp;&eacute;clair&nbsp;pour&nbsp;homme&nbsp;*1 &nbsp; Image&nbsp;du&nbsp;produit&nbsp;: &nbsp;<\/p>","protected":false},"featured_media":1042,"comment_status":"open","ping_status":"closed","template":"","meta":{"_seopress_robots_primary_cat":"none","_seopress_titles_title":"Manteau \u00e0 col rabattu et fermeture \u00e9clair de couleur unie pour hommes","_seopress_titles_desc":"","_seopress_robots_index":"","_seopress_analysis_target_kw":"","_gspb_post_css":"","content-type":""},"product_brand":[],"product_cat":[80,43],"product_tag":[],"class_list":{"0":"post-1052","1":"product","2":"type-product","3":"status-publish","4":"has-post-thumbnail","6":"product_cat-mode-homme","7":"product_cat-mode","8":"product_shipping_class-hors-ue-standard","9":"pa_fournisseur-cjdropshipping","10":"pa_origine-dexpedition-chine","12":"first","13":"instock","14":"taxable","15":"shipping-taxable","16":"purchasable","17":"product-type-variable"},"jetpack_sharing_enabled":true,"_links":{"self":[{"href":"https:\/\/trendsbystylia.com\/de\/wp-json\/wp\/v2\/product\/1052","targetHints":{"allow":["GET"]}}],"collection":[{"href":"https:\/\/trendsbystylia.com\/de\/wp-json\/wp\/v2\/product"}],"about":[{"href":"https:\/\/trendsbystylia.com\/de\/wp-json\/wp\/v2\/types\/product"}],"replies":[{"embeddable":true,"href":"https:\/\/trendsbystylia.com\/de\/wp-json\/wp\/v2\/comments?post=1052"}],"wp:featuredmedia":[{"embeddable":true,"href":"https:\/\/trendsbystylia.com\/de\/wp-json\/wp\/v2\/media\/1042"}],"wp:attachment":[{"href":"https:\/\/trendsbystylia.com\/de\/wp-json\/wp\/v2\/media?parent=1052"}],"wp:term":[{"taxonomy":"product_brand","embeddable":true,"href":"https:\/\/trendsbystylia.com\/de\/wp-json\/wp\/v2\/product_brand?post=1052"},{"taxonomy":"product_cat","embeddable":true,"href":"https:\/\/trendsbystylia.com\/de\/wp-json\/wp\/v2\/product_cat?post=1052"},{"taxonomy":"product_tag","embeddable":true,"href":"https:\/\/trendsbystylia.com\/de\/wp-json\/wp\/v2\/product_tag?post=1052"}],"curies":[{"name":"wp","href":"https:\/\/api.w.org\/{rel}","templated":true}]}}