{"id":886,"date":"2025-02-19T23:32:12","date_gmt":"2025-02-19T23:32:12","guid":{"rendered":"https:\/\/trendsbystylia.com\/?page_id=886"},"modified":"2025-03-21T14:02:23","modified_gmt":"2025-03-21T14:02:23","slug":"a-propos","status":"publish","type":"page","link":"https:\/\/trendsbystylia.com\/de\/a-propos\/","title":{"rendered":"<p>\u00dcber uns<\/p>"},"content":{"rendered":"<p><p><\/p><p><strong>Willkommen bei Trends by Stylia: Ihr einzigartiges Ziel f\u00fcr einen trendigen Lebensstil, von zu Hause bis zu Ihren Haustieren!<\/strong><\/p><p>Sind Sie auf der Suche nach den neuesten Trends in der&nbsp;<strong>M\u00f6bel und Dekoration<\/strong>,&nbsp;<strong>Modus<\/strong>,&nbsp;<strong>High-Tech<\/strong>,&nbsp;<strong>Lifestyle<\/strong>,&nbsp;<strong>Spielzeug<\/strong>, Artikel f\u00fcr Ihre&nbsp;<strong>Tiere<\/strong>&nbsp;und Elemente zur Versch\u00f6nerung Ihres&nbsp;<strong>Dekoration<\/strong>&nbsp;? Suchen Sie nicht weiter! Trends by Stylia ist Ihr unverzichtbarer Online-Shop, um eine sorgf\u00e4ltig ausgew\u00e4hlte Auswahl an Artikeln zu entdecken, die Ihren Alltag und den Ihrer vierbeinigen Begleiter zu einem einzigartigen Ausdrucksraum machen.<\/p><p><\/p><p><\/p><p><strong>Warum Trends by Stylia?<\/strong><\/p><ul class=\"wp-block-list\">\n<li><strong>Ausgew\u00e4hlte Trends:<\/strong>&nbsp;Unsere Experten reisen um die Welt, um Ihnen die neuesten Trends und die angesagtesten Produkte anzubieten, auch f\u00fcr Ihre Haustiere und Ihre Dekoration.<\/li>\n\n\n\n<li><strong>Garantierte Qualit\u00e4t:<\/strong>&nbsp;Wir arbeiten eng mit vertrauensw\u00fcrdigen Marken und Lieferanten zusammen, um qualitativ hochwertige Produkte f\u00fcr Sie, Ihre Tiere und Ihr Zuhause zu gew\u00e4hrleisten.<\/li>\n\n\n\n<li><strong>Wettbewerbsf\u00e4hige Preise:<\/strong>&nbsp;Wir bieten Ihnen erschwingliche Preise, damit der Trend f\u00fcr alle zug\u00e4nglich ist, einschlie\u00dflich der Pflege Ihrer Haustiere und der Versch\u00f6nerung Ihres Interieurs, ohne die Bank zu sprengen.<\/li>\n\n\n\n<li><strong>Au\u00dfergew\u00f6hnlicher Kundenservice:<\/strong>&nbsp;Unser Team steht Ihnen zur Verf\u00fcgung, um alle Ihre Fragen zu beantworten und Ihnen ein angenehmes Einkaufserlebnis zu bieten, sei es f\u00fcr Sie, Ihre Tiere oder Ihre Dekoration.<\/li>\n\n\n\n<li><strong>Schnelle und zuverl\u00e4ssige Lieferung:<\/strong>&nbsp;Wir liefern Ihnen schnell und sicher, wo immer Sie sind, damit Sie Ihre Eink\u00e4ufe schnell f\u00fcr sich, Ihre Tiere und Ihr Zuhause genie\u00dfen k\u00f6nnen.<\/li>\n<\/ul><\/p>","protected":false},"excerpt":{"rendered":"<p>Bienvenue chez Trends by Stylia : Votre destination unique pour un style de vie tendance, de la maison &agrave; vos animaux de compagnie ! &Ecirc;tes-vous &agrave; la recherche des derni&egrave;res tendances en mati&egrave;re de&nbsp;mobilier et d&eacute;coration,&nbsp;mode,&nbsp;high-tech,&nbsp;lifestyle,&nbsp;jouets, d&rsquo;articles pour vos&nbsp;animaux&nbsp;et d&rsquo;&eacute;l&eacute;ments pour embellir votre&nbsp;d&eacute;coration&nbsp;? Ne cherchez pas plus loin ! Trends by Stylia est votre boutique [&hellip;]<\/p>","protected":false},"author":1,"featured_media":0,"parent":0,"menu_order":0,"comment_status":"closed","ping_status":"closed","template":"","meta":{"_seopress_robots_primary_cat":"","_seopress_titles_title":"\u00c0 propos","_seopress_titles_desc":"Bienvenue chez Trends by Stylia : Votre destination unique pour un style de vie tendance, de la maison \u00e0 vos animaux de compagnie !","_seopress_robots_index":"","_gspb_post_css":"","content-type":"","footnotes":""},"class_list":["post-886","page","type-page","status-publish","hentry"],"blocksy_meta":[],"jetpack_sharing_enabled":true,"_links":{"self":[{"href":"https:\/\/trendsbystylia.com\/de\/wp-json\/wp\/v2\/pages\/886","targetHints":{"allow":["GET"]}}],"collection":[{"href":"https:\/\/trendsbystylia.com\/de\/wp-json\/wp\/v2\/pages"}],"about":[{"href":"https:\/\/trendsbystylia.com\/de\/wp-json\/wp\/v2\/types\/page"}],"author":[{"embeddable":true,"href":"https:\/\/trendsbystylia.com\/de\/wp-json\/wp\/v2\/users\/1"}],"replies":[{"embeddable":true,"href":"https:\/\/trendsbystylia.com\/de\/wp-json\/wp\/v2\/comments?post=886"}],"version-history":[{"count":0,"href":"https:\/\/trendsbystylia.com\/de\/wp-json\/wp\/v2\/pages\/886\/revisions"}],"wp:attachment":[{"href":"https:\/\/trendsbystylia.com\/de\/wp-json\/wp\/v2\/media?parent=886"}],"curies":[{"name":"wp","href":"https:\/\/api.w.org\/{rel}","templated":true}]}}