{"id":291,"date":"2025-02-04T21:06:21","date_gmt":"2025-02-04T21:06:21","guid":{"rendered":"https:\/\/trendsbystylia.com\/?page_id=291"},"modified":"2026-01-31T10:43:18","modified_gmt":"2026-01-31T10:43:18","slug":"mentions-legales","status":"publish","type":"page","link":"https:\/\/trendsbystylia.com\/de\/mentions-legales\/","title":{"rendered":"<p>Impressum<\/p>"},"content":{"rendered":"<p><strong>Impressum<\/strong><p>Gem\u00e4\u00df dem Gesetz Nr. 2004-575 vom 21. Juni 2004 \u00fcber das Vertrauen in die digitale Wirtschaft teilen wir Ihnen mit, dass die Website TrendsbyStylia.com (im Folgenden \u201eWebsite\u201c) herausgegeben wird von:&nbsp;&nbsp;&nbsp;<\/p><ul class=\"wp-block-list\">\n<li><strong>Denoyes Thibault<\/strong><\/li>\n\n\n\n<li><strong>SIRET-Nummer: 94003340000018<\/strong><\/li>\n\n\n\n<li><strong>Mehrwertsteuer: FR06940033400 <\/strong><\/li>\n\n\n\n<li><strong>Anschrift: 10 rue Ninja, 31000 Toulouse Frankreich<\/strong>,<strong> Frankreich<\/strong><\/li>\n\n\n\n<li><strong>E-Mail-Adresse: contact@trendsbystylia.com<\/strong><\/li>\n<\/ul><p><strong>Website-Host:<\/strong><\/p><ul class=\"wp-block-list\">\n<li>Nom de l?h&eacute;bergeur :&nbsp;<strong>HOSTINGER INTERNATIONAL LTD<\/strong><\/li>\n\n\n\n<li>Adresse de l?h&eacute;bergeur :&nbsp;<strong>61 Lordou Vironos Street, 6023 Larnaca, Chypre<\/strong><\/li>\n\n\n\n<li>Site web :&nbsp;<strong><a>www.hostinger.com<\/a><\/strong><\/li>\n<\/ul><p><strong>Direktor der Ver\u00f6ffentlichung:<\/strong><\/p><ul class=\"wp-block-list\">\n<li>Denoyes Thibault<\/li>\n<\/ul><p><strong>Kontakt:<\/strong><\/p><ul class=\"wp-block-list\">\n<li>Sie k\u00f6nnen sich unter folgender E-Mail-Adresse an den Verk\u00e4ufer wenden: contact@trendsbystylia.com<\/li>\n<\/ul><p><strong>Informationen zum Dropshipping:<\/strong><\/p><p>Die Website bietet Dropshipping-Produkte an. Dies bedeutet, dass der Verk\u00e4ufer als Vermittler zwischen dem Kunden und dem Lieferanten fungiert. Der Verk\u00e4ufer ist f\u00fcr die Bestellung, Zahlung und den Kundenservice verantwortlich, verwaltet jedoch nicht die Lieferung oder den Lagerbestand der Produkte.<\/p><p><strong>Geistiges Eigentum:<\/strong><\/p><p>Alle Elemente der Website, wie Texte, Bilder, Logos, sind geistiges Eigentum des Verk\u00e4ufers oder seiner Partner und d\u00fcrfen nicht ohne seine Genehmigung reproduziert oder verwendet werden.<\/p><p><strong>Personenbezogene Daten:<\/strong><\/p><p>Die personenbezogenen Daten des Kunden werden vom Verk\u00e4ufer in \u00dcbereinstimmung mit den geltenden Vorschriften zum Schutz personenbezogener Daten erhoben und verarbeitet.<\/p><p><strong>Haftung:<\/strong><\/p><p>Der Verk\u00e4ufer bem\u00fcht sich, die Richtigkeit und Aktualit\u00e4t der auf der Website verbreiteten Informationen zu gew\u00e4hrleisten. Er kann jedoch nicht f\u00fcr Fehler oder Auslassungen haftbar gemacht werden.<sup><\/sup>&nbsp;Eventuell.&nbsp;&nbsp;&nbsp;<\/p><p><strong>Anwendbares Recht und Gerichtsstand:<\/strong><\/p><p>Diese rechtlichen Hinweise unterliegen franz\u00f6sischem Recht.\u00a0Alle Streitigkeiten im Zusammenhang mit der Auslegung oder<sup><\/sup>&nbsp;Die Ausf\u00fchrung dieser rechtlichen Hinweise wird den zust\u00e4ndigen Gerichten vorgelegt.<\/p><\/p>","protected":false},"excerpt":{"rendered":"<p>Mentions l&eacute;gales Conform&eacute;ment &agrave; la loi n&deg; 2004-575 du 21 juin 2004 pour la confiance dans l&rsquo;&eacute;conomie num&eacute;rique, nous vous informons que le site web&nbsp;TrendsbyStylia.com (ci-apr&egrave;s &laquo;&nbsp;le Site&nbsp;&raquo;) est &eacute;dit&eacute; par :&nbsp;&nbsp;&nbsp; H&eacute;bergeur du site : Directeur de la publication : Contact : Informations relatives au dropshipping : Le Site propose des produits en dropshipping. [&hellip;]<\/p>","protected":false},"author":1,"featured_media":0,"parent":0,"menu_order":0,"comment_status":"closed","ping_status":"closed","template":"","meta":{"_seopress_robots_primary_cat":"","_seopress_titles_title":"","_seopress_titles_desc":"","_seopress_robots_index":"","_gspb_post_css":"","content-type":"","jetpack_post_was_ever_published":false,"footnotes":""},"class_list":["post-291","page","type-page","status-publish","hentry"],"blocksy_meta":[],"jetpack_sharing_enabled":true,"_links":{"self":[{"href":"https:\/\/trendsbystylia.com\/de\/wp-json\/wp\/v2\/pages\/291","targetHints":{"allow":["GET"]}}],"collection":[{"href":"https:\/\/trendsbystylia.com\/de\/wp-json\/wp\/v2\/pages"}],"about":[{"href":"https:\/\/trendsbystylia.com\/de\/wp-json\/wp\/v2\/types\/page"}],"author":[{"embeddable":true,"href":"https:\/\/trendsbystylia.com\/de\/wp-json\/wp\/v2\/users\/1"}],"replies":[{"embeddable":true,"href":"https:\/\/trendsbystylia.com\/de\/wp-json\/wp\/v2\/comments?post=291"}],"version-history":[{"count":1,"href":"https:\/\/trendsbystylia.com\/de\/wp-json\/wp\/v2\/pages\/291\/revisions"}],"predecessor-version":[{"id":70084,"href":"https:\/\/trendsbystylia.com\/de\/wp-json\/wp\/v2\/pages\/291\/revisions\/70084"}],"wp:attachment":[{"href":"https:\/\/trendsbystylia.com\/de\/wp-json\/wp\/v2\/media?parent=291"}],"curies":[{"name":"wp","href":"https:\/\/api.w.org\/{rel}","templated":true}]}}