{"id":283,"date":"2025-02-04T20:31:08","date_gmt":"2025-02-04T20:31:08","guid":{"rendered":"https:\/\/trendsbystylia.com\/?page_id=283"},"modified":"2025-03-21T14:03:05","modified_gmt":"2025-03-21T14:03:05","slug":"cgv","status":"publish","type":"page","link":"https:\/\/trendsbystylia.com\/de\/cgv\/","title":{"rendered":"<p>Allgemeine Gesch\u00e4ftsbedingungen<\/p>"},"content":{"rendered":"<p><strong>Pr\u00e4ambel<\/strong><p>Diese Allgemeinen Gesch\u00e4ftsbedingungen (nachfolgend die \"AGB\") regeln den Verkauf von Produkten (nachfolgend die \"Produkte\"), die von Denoyes Thibault, einem Selbstunternehmer mit Sitz in Toulouse, eingetragen unter der Nummer 94003340000018 (nachfolgend der \"Verk\u00e4ufer\") und jeder nat\u00fcrlichen oder juristischen Person (nachfolgend der \"Kunde\") abgeschlossen werden, die einen Kauf auf der Website TrendsbyStylia.com (nachfolgend die \"Website\") t\u00e4tigen m\u00f6chte.<\/p><p><strong>Artikel 1: Gegenstand<\/strong><\/p><p>Zweck dieser AGB ist es, die Bedingungen festzulegen, unter denen der Verk\u00e4ufer die Produkte im Rahmen einer Dropshipping-T\u00e4tigkeit an Kunden vertreibt. Sie gelten f\u00fcr jede Bestellung, die der Kunde auf der Website aufgibt.<\/p><p><strong>Artikel 2: Produkte<\/strong><\/p><p>Die zum Verkauf angebotenen Produkte sind diejenigen, die am Tag der Konsultation durch den Kunden auf der Website aufgef\u00fchrt sind.\u00a0Die wesentlichen Merkmale der Produkte sind auf der Website beschrieben.\u00a0Die auf der Website gezeigten Fotos und Illustrationen sind nicht vertraglich und \u00fcbernehmen keine Haftung f\u00fcr den Verk\u00e4ufer.&nbsp;&nbsp;&nbsp;<\/p><p><strong>Artikel 3: Preis<\/strong><\/p><p>Die Preise der Produkte sind in Euro einschlie\u00dflich aller Steuern (inkl.\u00a0Die Versandkosten werden vor der Best\u00e4tigung der Bestellung angegeben und gehen zu Lasten des Kunden. Der Verk\u00e4ufer beh\u00e4lt sich das Recht vor, die Preise jederzeit zu \u00e4ndern, aber die Produkte werden auf der Grundlage<sup><\/sup>&nbsp;die zum Zeitpunkt der Best\u00e4tigung der Bestellung g\u00fcltigen Tarife.&nbsp;&nbsp;&nbsp;<\/p><p><strong>Artikel<sup><\/sup>&nbsp;4 : Bestellung<\/strong>&nbsp;&nbsp;&nbsp;<\/p><p>Der Kunde gibt eine Bestellung auf der Website auf, indem er die Produkte zu seinem Warenkorb hinzuf\u00fcgt und die Schritte des Bestellvorgangs befolgt. Die Bestellung ist verbindlich und endg\u00fcltig, wenn der Kunde auf die Schaltfl\u00e4che \"Bestellung best\u00e4tigen\" klickt. Eine Auftragsbest\u00e4tigungs-E-Mail wird an den Kunden gesendet.<\/p><p><strong>Artikel 5: Zahlung<\/strong><\/p><p>Die Zahlung erfolgt online mit Kreditkarte oder einem anderen auf der Website angebotenen Zahlungsmittel. Die Abbuchung erfolgt zum Zeitpunkt der Best\u00e4tigung der Bestellung. Der Verk\u00e4ufer beh\u00e4lt sich das Recht vor, jede Bestellung auszusetzen oder zu stornieren, wenn<sup><\/sup>&nbsp;Nichtzahlung oder Betrugsverdacht.&nbsp;&nbsp;&nbsp;<\/p><p><strong>Artikel 6: Lieferung<\/strong><\/p><p>Die Produkte werden direkt vom Lieferanten des Verk\u00e4ufers an die vom Kunden bei der Bestellung angegebene Adresse geliefert. Die Lieferzeiten sind auf der Website angegeben und dienen nur zur Orientierung.<sup><\/sup>&nbsp;Der Verk\u00e4ufer haftet nicht f\u00fcr Lieferverz\u00f6gerungen, die dem Lieferanten anzulasten sind.&nbsp;&nbsp;&nbsp;<\/p><p><strong>Artikel 7: Z\u00f6lle und Steuern<\/strong><\/p><p><strong>1. F\u00fcr Kunden aus der Europ\u00e4ischen Union (EU):<\/strong><\/p><ul class=\"wp-block-list\">\n<li>Seit dem 1. Juli 2021 gilt die Mehrwertsteuer f\u00fcr alle in die EU eingef\u00fchrten Waren unabh\u00e4ngig von ihrem Wert. Die Mehrwertsteuer wird am Ort des Eingangs in die EU erhoben und ist im auf unserer Website angezeigten Verkaufspreis enthalten.<\/li>\n\n\n\n<li><strong>F\u00fcr Sendungen im Wert von weniger als 150 Euro:<\/strong>\n<ul class=\"wp-block-list\">\n<li>Es werden keine zus\u00e4tzlichen Z\u00f6lle erhoben.<\/li>\n<\/ul>\n<\/li>\n\n\n\n<li><strong>F\u00fcr Sendungen im Wert von mehr als 150 Euro:<\/strong>\n<ul class=\"wp-block-list\">\n<li>Es k\u00f6nnen auch Z\u00f6lle erhoben werden. Der Zollsatz h\u00e4ngt von der Art der Ware und ihrem Ursprung ab.<\/li>\n\n\n\n<li>Wir empfehlen Ihnen, sich \u00fcber die geltenden Zollvorschriften zu informieren.<\/li>\n\n\n\n<li>Um eine Sch\u00e4tzung der Zollkosten zu erhalten, k\u00f6nnen Sie den Online-Simulator \u201eZollanmeldung\u201c verwenden:&nbsp;<a href=\"https:\/\/www.google.com\/url?sa=E&amp;source=gmail&amp;q=https:\/\/declare-douane.beta.gouv.fr\/\" target=\"_blank\" rel=\"noreferrer noopener\">Simulator erkl\u00e4rt Zoll<\/a><\/li>\n<\/ul>\n<\/li>\n<\/ul><p><strong>2. F\u00fcr Kunden au\u00dferhalb der Europ\u00e4ischen Union (au\u00dferhalb der EU):<\/strong><\/p><p>Unsere Produkte k\u00f6nnen von Lagern innerhalb und au\u00dferhalb der EU versandt werden.<\/p><ul class=\"wp-block-list\">\n<li><strong>Wenn Ihre Bestellung von einem Lager au\u00dferhalb der EU versandt wird:<\/strong>\n<ul class=\"wp-block-list\">\n<li>Das Bestimmungsland kann Z\u00f6lle und Einfuhrabgaben erheben. Diese Kosten gehen zu Lasten des Kunden und sind nicht im Preis unserer Produkte oder in den Versandkosten enthalten.<\/li>\n\n\n\n<li>Unabh\u00e4ngig vom Bestellwert empfehlen wir Ihnen dringend, sich vor der Bestellung \u00fcber die in Ihrem Land geltenden Zollvorschriften zu informieren. Dazu empfehlen wir Ihnen, sich an die \u00f6rtlichen Zollbeh\u00f6rden in Ihrem Land zu wenden.<\/li>\n<\/ul>\n<\/li>\n\n\n\n<li><strong>Wenn Ihre Bestellung von einem Lager in der EU versandt wird:<\/strong>\n<ul class=\"wp-block-list\">\n<li>Die Mehrwertsteuer ist im Verkaufspreis enthalten. Es k\u00f6nnen jedoch Z\u00f6lle erhoben werden, wenn der Auftragswert 150 Euro \u00fcbersteigt.<\/li>\n<\/ul>\n<\/li>\n\n\n\n<li><strong>Weitere Informationen <\/strong>\n<ul class=\"wp-block-list\">\n<li>Die Zollvorschriften k\u00f6nnen sich weiterentwickeln. Wir laden Sie ein, die offiziellen Websites der Zollbeh\u00f6rden Ihres Landes zu besuchen, um die neuesten Informationen zu erhalten.<\/li>\n<\/ul>\n<\/li>\n<\/ul><p><strong>Artikel 8: Widerrufsrecht<\/strong><\/p><p>Gem\u00e4\u00df den geltenden Rechtsvorschriften verf\u00fcgt der Kunde \u00fcber eine Frist von 14 Tagen ab Erhalt<sup><\/sup>&nbsp;Produkte, um sein Widerrufsrecht auszu\u00fcben, ohne nachweisen zu m\u00fcssen, dass<sup><\/sup>&nbsp;Gr\u00fcnde noch Strafen zu zahlen, mit Ausnahme der Kosten f\u00fcr die R\u00fccksendung der Produkte, die zu seinen Lasten bleiben.<sup><\/sup>&nbsp;&nbsp;&nbsp;<\/p><p><strong>Artikel 9: Garantien<\/strong><\/p><p>Die Produkte unterliegen der gesetzlichen Konformit\u00e4tsgarantie und der Garantie gegen versteckte M\u00e4ngel gem\u00e4\u00df den Bestimmungen des Verbraucherschutzgesetzes.<\/p><p><strong>Artikel 10: Haftung<\/strong><\/p><p>Die Haftung des Verk\u00e4ufers ist auf den Preis der gekauften Produkte beschr\u00e4nkt. Der Verk\u00e4ufer haftet nicht f\u00fcr indirekte oder immaterielle Sch\u00e4den.<\/p><p><strong>Artikel 11: Geistiges Eigentum<\/strong><\/p><p>Alle Elemente der Website, wie Texte, Bilder, Logos, sind geistiges Eigentum des Verk\u00e4ufers und d\u00fcrfen nicht ohne seine Genehmigung reproduziert oder verwendet werden.<\/p><p><strong>Artikel 12: Personenbezogene Daten<\/strong><\/p><p>Die personenbezogenen Daten des Kunden werden vom Verk\u00e4ufer in \u00dcbereinstimmung mit den geltenden Vorschriften zum Schutz personenbezogener Daten erhoben und verarbeitet.<\/p><p><strong>Artikel 13: Streitigkeiten<\/strong><\/p><p>F\u00fcr alle Streitigkeiten im Zusammenhang mit der Auslegung oder Durchf\u00fchrung dieser AGB sind die zust\u00e4ndigen Gerichte zust\u00e4ndig.<\/p><p><strong>Artikel 14: \u00c4nderungen der AGB<\/strong>&nbsp;&nbsp;&nbsp;<\/p><p>Der Verk\u00e4ufer beh\u00e4lt sich das Recht vor, diese AGB jederzeit zu \u00e4ndern. Die neuen AGB gelten f\u00fcr jede aufgegebene Bestellung<sup><\/sup>&nbsp;nach ihrer Ver\u00f6ffentlichung auf der Website.&nbsp;&nbsp;&nbsp;<\/p><p><\/p><p><\/p><\/p>","protected":false},"excerpt":{"rendered":"<p>Pr&eacute;ambule Les pr&eacute;sentes conditions g&eacute;n&eacute;rales de vente (ci-apr&egrave;s les &laquo;&nbsp;CGV&nbsp;&raquo;) r&eacute;gissent les ventes de produits (ci-apr&egrave;s les &laquo;&nbsp;Produits&nbsp;&raquo;) conclues par Denoyes Thibault, auto-entrepreneur, dont le si&egrave;ge social est situ&eacute; &agrave; Toulouse, immatricul&eacute; sous le num&eacute;ro 94003340000018 (ci-apr&egrave;s &laquo;&nbsp;le Vendeur&nbsp;&raquo;) et toute personne physique ou morale (ci-apr&egrave;s &laquo;&nbsp;le Client&nbsp;&raquo;) souhaitant effectuer un achat sur le site [&hellip;]<\/p>","protected":false},"author":1,"featured_media":0,"parent":0,"menu_order":0,"comment_status":"closed","ping_status":"closed","template":"","meta":{"_seopress_robots_primary_cat":"","_seopress_titles_title":"","_seopress_titles_desc":"","_seopress_robots_index":"","_gspb_post_css":"","content-type":"","jetpack_post_was_ever_published":false,"footnotes":""},"class_list":["post-283","page","type-page","status-publish","hentry"],"blocksy_meta":[],"jetpack_sharing_enabled":true,"_links":{"self":[{"href":"https:\/\/trendsbystylia.com\/de\/wp-json\/wp\/v2\/pages\/283","targetHints":{"allow":["GET"]}}],"collection":[{"href":"https:\/\/trendsbystylia.com\/de\/wp-json\/wp\/v2\/pages"}],"about":[{"href":"https:\/\/trendsbystylia.com\/de\/wp-json\/wp\/v2\/types\/page"}],"author":[{"embeddable":true,"href":"https:\/\/trendsbystylia.com\/de\/wp-json\/wp\/v2\/users\/1"}],"replies":[{"embeddable":true,"href":"https:\/\/trendsbystylia.com\/de\/wp-json\/wp\/v2\/comments?post=283"}],"version-history":[{"count":0,"href":"https:\/\/trendsbystylia.com\/de\/wp-json\/wp\/v2\/pages\/283\/revisions"}],"wp:attachment":[{"href":"https:\/\/trendsbystylia.com\/de\/wp-json\/wp\/v2\/media?parent=283"}],"curies":[{"name":"wp","href":"https:\/\/api.w.org\/{rel}","templated":true}]}}